{"id":2660,"date":"2025-05-30T09:38:31","date_gmt":"2025-05-30T09:38:31","guid":{"rendered":"https:\/\/cmykprinted.com\/?post_type=product&#038;p=2660"},"modified":"2025-05-30T09:38:32","modified_gmt":"2025-05-30T09:38:32","slug":"custom-vinyl-banners-printing-for-business-and-vinyl-signs","status":"publish","type":"product","link":"https:\/\/cmykprinted.com\/fr\/produit\/impression-de-bannieres-en-vinyle-personnalisees-pour-entreprises-et-panneaux-en-vinyle\/","title":{"rendered":"Impression de banni\u00e8res en vinyle personnalis\u00e9es pour les entreprises et les enseignes en vinyle"},"content":{"rendered":"","protected":false},"excerpt":{"rendered":"<p>Pour promouvoir notre entreprise, nous avions besoin d&#039;un produit audacieux, durable et accrocheur. C&#039;est pourquoi nous avons opt\u00e9 pour des banni\u00e8res en vinyle personnalis\u00e9es, et nous sommes ravis du r\u00e9sultat. Elles nous offrent un moyen professionnel de promouvoir nos ventes, de pr\u00e9senter nos \u00e9v\u00e9nements \u00e0 venir et d&#039;accro\u00eetre la visibilit\u00e9 de notre marque, en int\u00e9rieur comme en ext\u00e9rieur.<\/p>\n<p>Ce que nous appr\u00e9cions le plus, c&#039;est la flexibilit\u00e9. Nous avons pu personnaliser enti\u00e8rement nos banni\u00e8res avec notre logo, nos couleurs et notre message. Qu&#039;il s&#039;agisse d&#039;une inauguration, d&#039;un salon professionnel ou simplement d&#039;une vente de week-end, ces banni\u00e8res nous permettent de nous faire remarquer. L&#039;impression couleur \u00e9clatante met en valeur nos visuels, et nous proposons un large choix de tailles pour s&#039;adapter \u00e0 diff\u00e9rents espaces d&#039;affichage\u00a0: des vitrines aux cl\u00f4tures, en passant par les sc\u00e8nes, etc.<\/p>\n<p>La durabilit\u00e9 est un autre atout majeur. Les banni\u00e8res sont imprim\u00e9es sur du vinyle r\u00e9sistant, qui r\u00e9siste parfaitement au vent, \u00e0 la pluie et au soleil. Nous avons r\u00e9utilis\u00e9 les n\u00f4tres \u00e0 de nombreuses reprises sans d\u00e9coloration ni d\u00e9chirure. Les bords renforc\u00e9s et les \u0153illets m\u00e9talliques facilitent leur suspension et leur fixation\u00a0: sans stress ni tracas.<\/p>\n<p>Commander est \u00e9galement tr\u00e8s simple. Nous avons simplement t\u00e9l\u00e9charg\u00e9 notre design, s\u00e9lectionn\u00e9 les sp\u00e9cifications n\u00e9cessaires et re\u00e7u nos banni\u00e8res rapidement. La qualit\u00e9 \u00e9tait impressionnante, surtout compte tenu du d\u00e9lai de livraison rapide.<\/p>\n<p>Globalement, l&#039;impression de banni\u00e8res en vinyle personnalis\u00e9es constitue pour nous un moyen abordable et efficace de promouvoir notre entreprise. C&#039;est une solution simple qui produit des r\u00e9sultats probants.<\/p>\n<div style=\"width: 1290px;\" class=\"wp-video\"><!--[if lt IE 9]><script>document.createElement('video');<\/script><![endif]--><br \/>\n<video class=\"wp-video-shortcode\" id=\"video-2660-1\" width=\"1290\" height=\"726\" loop autoplay preload=\"auto\" controls=\"controls\"><source type=\"video\/mp4\" src=\"http:\/\/cmykprinted.com\/wp-content\/uploads\/2022\/12\/Fence-Mesh-Banners.mp4?_=1\" \/><a href=\"http:\/\/cmykprinted.com\/wp-content\/uploads\/2022\/12\/Fence-Mesh-Banners.mp4\">http:\/\/cmykprinted.com\/wp-content\/uploads\/2022\/12\/Fence-Mesh-Banners.mp4<\/a><\/video><\/div>\n<p>&nbsp;<\/p>","protected":false},"featured_media":2664,"template":"","meta":{"_kad_post_transparent":"default","_kad_post_title":"hide","_kad_post_layout":"fullwidth","_kad_post_sidebar_id":"","_kad_post_content_style":"unboxed","_kad_post_vertical_padding":"hide","_kad_post_feature":"hide","_kad_post_feature_position":"","_kad_post_header":false,"_kad_post_footer":false},"product_cat":[85,87,86],"product_tag":[602,601,603,600],"class_list":{"0":"post-2660","1":"product","2":"type-product","3":"status-publish","4":"has-post-thumbnail","6":"product_cat-outdoor-vinyl-banners","7":"product_cat-fabric-mesh-banners","8":"product_cat-fence-mesh-banners","9":"product_tag-custom-vinyl-banners-for-business","10":"product_tag-custom-vinyl-banners-printing","11":"product_tag-custom-vinyl-signs","12":"product_tag-vinyl-signs","14":"first","15":"instock","16":"shipping-taxable","17":"product-type-simple","18":"entry","19":"content-bg","20":"loop-entry"},"_links":{"self":[{"href":"https:\/\/cmykprinted.com\/fr\/wp-json\/wp\/v2\/product\/2660","targetHints":{"allow":["GET"]}}],"collection":[{"href":"https:\/\/cmykprinted.com\/fr\/wp-json\/wp\/v2\/product"}],"about":[{"href":"https:\/\/cmykprinted.com\/fr\/wp-json\/wp\/v2\/types\/product"}],"version-history":[{"count":1,"href":"https:\/\/cmykprinted.com\/fr\/wp-json\/wp\/v2\/product\/2660\/revisions"}],"predecessor-version":[{"id":2666,"href":"https:\/\/cmykprinted.com\/fr\/wp-json\/wp\/v2\/product\/2660\/revisions\/2666"}],"wp:featuredmedia":[{"embeddable":true,"href":"https:\/\/cmykprinted.com\/fr\/wp-json\/wp\/v2\/media\/2664"}],"wp:attachment":[{"href":"https:\/\/cmykprinted.com\/fr\/wp-json\/wp\/v2\/media?parent=2660"}],"wp:term":[{"taxonomy":"product_cat","embeddable":true,"href":"https:\/\/cmykprinted.com\/fr\/wp-json\/wp\/v2\/product_cat?post=2660"},{"taxonomy":"product_tag","embeddable":true,"href":"https:\/\/cmykprinted.com\/fr\/wp-json\/wp\/v2\/product_tag?post=2660"}],"curies":[{"name":"wp","href":"https:\/\/api.w.org\/{rel}","templated":true}]}}