{"id":2668,"date":"2025-06-06T04:34:33","date_gmt":"2025-06-06T04:34:33","guid":{"rendered":"https:\/\/cmykprinted.com\/?post_type=product&#038;p=2668"},"modified":"2025-06-06T05:55:38","modified_gmt":"2025-06-06T05:55:38","slug":"custom-made-canopy-tents-with-your-logo-printed","status":"publish","type":"product","link":"https:\/\/cmykprinted.com\/fr\/produit\/tentes-personnalisees-avec-votre-logo-imprime\/","title":{"rendered":"Tentes \u00e0 baldaquin sur mesure avec votre logo imprim\u00e9"},"content":{"rendered":"","protected":false},"excerpt":{"rendered":"<p>D\u00e9marquez-vous lors de tous vos \u00e9v\u00e9nements gr\u00e2ce \u00e0 nos tentes personnalis\u00e9es de haute qualit\u00e9. Con\u00e7ues pour mettre en valeur votre marque, nos tentes sont imprim\u00e9es en couleur de votre logo, slogan ou illustration sur toutes les faces. Que vous participiez \u00e0 un salon, un festival, un march\u00e9 ou un \u00e9v\u00e9nement sportif, nos tentes personnalis\u00e9es vous garantissent une visibilit\u00e9 maximale et une pr\u00e9sence professionnelle.<\/p>\n<p>Chaque tente est fabriqu\u00e9e \u00e0 partir de mat\u00e9riaux durables et r\u00e9sistants aux intemp\u00e9ries, con\u00e7us pour r\u00e9sister au climat australien. Choisissez parmi une vari\u00e9t\u00e9 de tailles, de r\u00e9sistances d&#039;armature et d&#039;options d&#039;impression pour r\u00e9pondre \u00e0 vos besoins. Sa conception escamotable permet un montage rapide et facile, id\u00e9al pour une utilisation en int\u00e9rieur comme en ext\u00e9rieur.<\/p>\n<p>Nous utilisons une technologie d&#039;impression de pointe pour garantir des couleurs \u00e9clatantes et durables qui ne s&#039;estompent pas. Des options suppl\u00e9mentaires sont disponibles\u00a0: murs, banni\u00e8res, drapeaux et sacs de transport, enti\u00e8rement personnalis\u00e9s.<\/p>\n<p>Id\u00e9ales pour les entreprises, les \u00e9coles, les organismes \u00e0 but non lucratif et les organisateurs d&#039;\u00e9v\u00e9nements, nos tentes \u00e0 baldaquin de marque vous aident \u00e0 cr\u00e9er une premi\u00e8re impression inoubliable.<\/p>\n<p>Faites briller votre marque \u2014 contactez-nous d\u00e8s aujourd\u2019hui pour un devis ou une maquette gratuite.<\/p>\n<div style=\"width: 960px;\" class=\"wp-video\"><!--[if lt IE 9]><script>document.createElement('video');<\/script><![endif]--><br \/>\n<video class=\"wp-video-shortcode\" id=\"video-2668-1\" width=\"960\" height=\"544\" preload=\"metadata\" controls=\"controls\"><source type=\"video\/mp4\" src=\"https:\/\/cmykprinted.com\/wp-content\/uploads\/2024\/04\/digicel-tents.mp4?_=1\" \/><a href=\"https:\/\/cmykprinted.com\/wp-content\/uploads\/2024\/04\/digicel-tents.mp4\">https:\/\/cmykprinted.com\/wp-content\/uploads\/2024\/04\/digicel-tents.mp4<\/a><\/video><\/div>","protected":false},"featured_media":2677,"template":"","meta":{"_kad_post_transparent":"default","_kad_post_title":"hide","_kad_post_layout":"normal","_kad_post_sidebar_id":"","_kad_post_content_style":"unboxed","_kad_post_vertical_padding":"hide","_kad_post_feature":"hide","_kad_post_feature_position":"","_kad_post_header":false,"_kad_post_footer":false},"product_cat":[68,76,74],"product_tag":[605,604,606],"class_list":{"0":"post-2668","1":"product","2":"type-product","3":"status-publish","4":"has-post-thumbnail","6":"product_cat-custom-canopy-tents","7":"product_cat-10x15ft-pop-up-tents-50mm-heavy-duty-hexagon-aluminum-tents-custom-canopy-tents","8":"product_cat-50mm-heavy-duty-hexagon-aluminum-tents","9":"product_tag-custom-canopy-tents-with-logo","10":"product_tag-custom-made-canopy-tents","11":"product_tag-custom-printed-canopy-tents","13":"first","14":"instock","15":"shipping-taxable","16":"product-type-simple","17":"entry","18":"content-bg","19":"loop-entry"},"_links":{"self":[{"href":"https:\/\/cmykprinted.com\/fr\/wp-json\/wp\/v2\/product\/2668","targetHints":{"allow":["GET"]}}],"collection":[{"href":"https:\/\/cmykprinted.com\/fr\/wp-json\/wp\/v2\/product"}],"about":[{"href":"https:\/\/cmykprinted.com\/fr\/wp-json\/wp\/v2\/types\/product"}],"version-history":[{"count":1,"href":"https:\/\/cmykprinted.com\/fr\/wp-json\/wp\/v2\/product\/2668\/revisions"}],"predecessor-version":[{"id":2671,"href":"https:\/\/cmykprinted.com\/fr\/wp-json\/wp\/v2\/product\/2668\/revisions\/2671"}],"wp:featuredmedia":[{"embeddable":true,"href":"https:\/\/cmykprinted.com\/fr\/wp-json\/wp\/v2\/media\/2677"}],"wp:attachment":[{"href":"https:\/\/cmykprinted.com\/fr\/wp-json\/wp\/v2\/media?parent=2668"}],"wp:term":[{"taxonomy":"product_cat","embeddable":true,"href":"https:\/\/cmykprinted.com\/fr\/wp-json\/wp\/v2\/product_cat?post=2668"},{"taxonomy":"product_tag","embeddable":true,"href":"https:\/\/cmykprinted.com\/fr\/wp-json\/wp\/v2\/product_tag?post=2668"}],"curies":[{"name":"wp","href":"https:\/\/api.w.org\/{rel}","templated":true}]}}