{"id":2696,"date":"2025-06-16T04:06:39","date_gmt":"2025-06-16T04:06:39","guid":{"rendered":"https:\/\/cmykprinted.com\/?post_type=product&#038;p=2696"},"modified":"2025-06-16T04:08:43","modified_gmt":"2025-06-16T04:08:43","slug":"custom-printed-canopy-tent-10x10-with-free-mock-up","status":"publish","type":"product","link":"https:\/\/cmykprinted.com\/fr\/produit\/tente-de-canopee-imprimee-sur-mesure-10x10-avec-maquette-gratuite\/","title":{"rendered":"Tente \u00e0 baldaquin imprim\u00e9e sur mesure 10\u00d710 avec maquette gratuite"},"content":{"rendered":"","protected":false},"excerpt":{"rendered":"<p>D\u00e9marquez-vous lors de n&#039;importe quel \u00e9v\u00e9nement avec une tente \u00e0 baldaquin imprim\u00e9e personnalis\u00e9e de 10 x 10 pieds (300 x 300 cm) - Maquette gratuite incluse !<\/p>\n<p>Rendez votre marque incontournable gr\u00e2ce \u00e0 notre tente 10 x 10 personnalis\u00e9e, id\u00e9ale pour les salons professionnels, les festivals, les march\u00e9s en plein air, les \u00e9v\u00e9nements sportifs et bien plus encore. Con\u00e7ue pour allier durabilit\u00e9, facilit\u00e9 d&#039;installation et superbes graphismes en couleur, cette tente transforme n&#039;importe quel espace en une vitrine professionnelle et accrocheuse.<\/p>\n<p>1. Auvent enti\u00e8rement imprim\u00e9 en couleurs \u2013 Imprimez votre logo, votre message ou votre illustration sur tous les c\u00f4t\u00e9s pour maximiser la visibilit\u00e9 et l\u2019impact de la marque.<br \/>\n2. Maquette gratuite avant achat \u2013 Obtenez un aper\u00e7u num\u00e9rique r\u00e9aliste de votre cr\u00e9ation avant le d\u00e9but de la production. Pas de surprises, pas d&#039;incertitudes.<br \/>\n3. Cadre robuste + tissu ignifuge 600 D r\u00e9sistant aux intemp\u00e9ries \u2013 Con\u00e7u pour r\u00e9sister au vent, \u00e0 la pluie et au soleil tout en gardant votre stand impeccable.<br \/>\n4. Installation rapide et sans outil \u2013 Installez votre tente en quelques minutes gr\u00e2ce \u00e0 notre cadre pop-up convivial.<br \/>\n5. Taille id\u00e9ale 10 x 10 \u2013 Parfait pour cr\u00e9er une pr\u00e9sence professionnelle tout en s&#039;int\u00e9grant confortablement dans les espaces de stand standard.<\/p>\n<p>Que vous fassiez la promotion d&#039;un produit, que vous sensibilisiez votre client\u00e8le ou que vous attiriez simplement plus de trafic pi\u00e9tonnier, nos tentes \u00e0 baldaquin imprim\u00e9es sur mesure font de votre marque le centre d&#039;attention - sans aucun risque de conception gr\u00e2ce \u00e0 notre service de maquette gratuit !<\/p>\n<p><strong>\u00a0Commandez aujourd&#039;hui et laissez votre tente parler !<\/strong><\/p>","protected":false},"featured_media":2704,"template":"","meta":{"_kad_post_transparent":"default","_kad_post_title":"hide","_kad_post_layout":"normal","_kad_post_sidebar_id":"","_kad_post_content_style":"unboxed","_kad_post_vertical_padding":"hide","_kad_post_feature":"hide","_kad_post_feature_position":"","_kad_post_header":false,"_kad_post_footer":false},"product_cat":[68,76,74],"product_tag":[615,614],"class_list":{"0":"post-2696","1":"product","2":"type-product","3":"status-publish","4":"has-post-thumbnail","6":"product_cat-custom-canopy-tents","7":"product_cat-10x15ft-pop-up-tents-50mm-heavy-duty-hexagon-aluminum-tents-custom-canopy-tents","8":"product_cat-50mm-heavy-duty-hexagon-aluminum-tents","9":"product_tag-custom-printed-canopy-tent","10":"product_tag-custom-printed-canopy-tent-10x10","12":"first","13":"instock","14":"shipping-taxable","15":"product-type-simple","16":"entry","17":"content-bg","18":"loop-entry"},"_links":{"self":[{"href":"https:\/\/cmykprinted.com\/fr\/wp-json\/wp\/v2\/product\/2696","targetHints":{"allow":["GET"]}}],"collection":[{"href":"https:\/\/cmykprinted.com\/fr\/wp-json\/wp\/v2\/product"}],"about":[{"href":"https:\/\/cmykprinted.com\/fr\/wp-json\/wp\/v2\/types\/product"}],"version-history":[{"count":1,"href":"https:\/\/cmykprinted.com\/fr\/wp-json\/wp\/v2\/product\/2696\/revisions"}],"predecessor-version":[{"id":2703,"href":"https:\/\/cmykprinted.com\/fr\/wp-json\/wp\/v2\/product\/2696\/revisions\/2703"}],"wp:featuredmedia":[{"embeddable":true,"href":"https:\/\/cmykprinted.com\/fr\/wp-json\/wp\/v2\/media\/2704"}],"wp:attachment":[{"href":"https:\/\/cmykprinted.com\/fr\/wp-json\/wp\/v2\/media?parent=2696"}],"wp:term":[{"taxonomy":"product_cat","embeddable":true,"href":"https:\/\/cmykprinted.com\/fr\/wp-json\/wp\/v2\/product_cat?post=2696"},{"taxonomy":"product_tag","embeddable":true,"href":"https:\/\/cmykprinted.com\/fr\/wp-json\/wp\/v2\/product_tag?post=2696"}],"curies":[{"name":"wp","href":"https:\/\/api.w.org\/{rel}","templated":true}]}}