{"id":2705,"date":"2025-06-18T08:15:16","date_gmt":"2025-06-18T08:15:16","guid":{"rendered":"https:\/\/cmykprinted.com\/?post_type=product&#038;p=2705"},"modified":"2025-06-23T02:43:20","modified_gmt":"2025-06-23T02:43:20","slug":"3d-metal-transfer-stickers","status":"publish","type":"product","link":"https:\/\/cmykprinted.com\/fr\/produit\/autocollants-de-transfert-metalliques-3d-personnalises-avec-votre-propre-oeuvre\/","title":{"rendered":"Autocollants-de-transfert-m\u00e9talliques-3D-personnalis\u00e9s-avec-votre-propre-\u0153uvre"},"content":{"rendered":"","protected":false},"excerpt":{"rendered":"<p>Faites ressortir votre marque avec des autocollants de transfert en m\u00e9tal 3D personnalis\u00e9s \u2013 Con\u00e7us par vous, con\u00e7us pour impressionner<\/p>\n<p>Ajoutez une finition haut de gamme et accrocheuse \u00e0 vos produits, emballages ou objets promotionnels gr\u00e2ce \u00e0 nos autocollants 3D personnalis\u00e9s en m\u00e9tal avec votre propre illustration. Ces embl\u00e8mes m\u00e9talliques \u00e9l\u00e9gants offrent un look professionnel et haut de gamme qui valorise instantan\u00e9ment votre marque. Que vous les utilisiez sur des ordinateurs portables, des appareils \u00e9lectroniques, des pi\u00e8ces automobiles ou des produits de grande consommation, ces autocollants m\u00e9talliques affichent une allure audacieuse et design.<\/p>\n<p>Fabriqu\u00e9s \u00e0 partir de mat\u00e9riaux durables et r\u00e9sistants aux intemp\u00e9ries comme le chrome, l&#039;aluminium bross\u00e9 ou l&#039;acier inoxydable, nos autocollants 3D ne sont pas seulement esth\u00e9tiques\u00a0: ils sont con\u00e7us pour durer. Chaque pi\u00e8ce est d\u00e9coup\u00e9e avec pr\u00e9cision et est fournie avec un adh\u00e9sif puissant et un film de transfert facile \u00e0 d\u00e9coller, garantissant une application sans bulles et sans bavures.<\/p>\n<p>Pas de minimum de commande. D\u00e9lais rapides. Maquettes num\u00e9riques gratuites. Soumettez votre logo ou votre design personnalis\u00e9 d\u00e8s aujourd&#039;hui et transformez votre vision cr\u00e9ative en une r\u00e9alit\u00e9 m\u00e9tallique percutante.<\/p>\n<div style=\"width: 726px;\" class=\"wp-video\"><!--[if lt IE 9]><script>document.createElement('video');<\/script><![endif]--><br \/>\n<video class=\"wp-video-shortcode\" id=\"video-2705-1\" width=\"726\" height=\"720\" preload=\"metadata\" controls=\"controls\"><source type=\"video\/mp4\" src=\"https:\/\/cmykprinted.com\/wp-content\/uploads\/2025\/06\/3d-Metal-Transfer-Stickers.mp4?_=1\" \/><a href=\"https:\/\/cmykprinted.com\/wp-content\/uploads\/2025\/06\/3d-Metal-Transfer-Stickers.mp4\">https:\/\/cmykprinted.com\/wp-content\/uploads\/2025\/06\/3d-Metal-Transfer-Stickers.mp4<\/a><\/video><\/div>","protected":false},"featured_media":2711,"template":"","meta":{"_kad_post_transparent":"default","_kad_post_title":"hide","_kad_post_layout":"fullwidth","_kad_post_sidebar_id":"","_kad_post_content_style":"unboxed","_kad_post_vertical_padding":"hide","_kad_post_feature":"hide","_kad_post_feature_position":"","_kad_post_header":false,"_kad_post_footer":false},"product_cat":[101,102],"product_tag":[299,618,617,616],"class_list":{"0":"post-2705","1":"product","2":"type-product","3":"status-publish","4":"has-post-thumbnail","6":"product_cat-transfer-stickers","7":"product_cat-metal-transfer-stickers","8":"product_tag-3d-metal-transfer-stickers","9":"product_tag-custom-3d-metal-transfer-stickers","10":"product_tag-metallic-transfer-sticker","11":"product_tag-transfer-sticker","13":"first","14":"instock","15":"shipping-taxable","16":"product-type-simple","17":"entry","18":"content-bg","19":"loop-entry"},"_links":{"self":[{"href":"https:\/\/cmykprinted.com\/fr\/wp-json\/wp\/v2\/product\/2705","targetHints":{"allow":["GET"]}}],"collection":[{"href":"https:\/\/cmykprinted.com\/fr\/wp-json\/wp\/v2\/product"}],"about":[{"href":"https:\/\/cmykprinted.com\/fr\/wp-json\/wp\/v2\/types\/product"}],"version-history":[{"count":1,"href":"https:\/\/cmykprinted.com\/fr\/wp-json\/wp\/v2\/product\/2705\/revisions"}],"predecessor-version":[{"id":2714,"href":"https:\/\/cmykprinted.com\/fr\/wp-json\/wp\/v2\/product\/2705\/revisions\/2714"}],"wp:featuredmedia":[{"embeddable":true,"href":"https:\/\/cmykprinted.com\/fr\/wp-json\/wp\/v2\/media\/2711"}],"wp:attachment":[{"href":"https:\/\/cmykprinted.com\/fr\/wp-json\/wp\/v2\/media?parent=2705"}],"wp:term":[{"taxonomy":"product_cat","embeddable":true,"href":"https:\/\/cmykprinted.com\/fr\/wp-json\/wp\/v2\/product_cat?post=2705"},{"taxonomy":"product_tag","embeddable":true,"href":"https:\/\/cmykprinted.com\/fr\/wp-json\/wp\/v2\/product_tag?post=2705"}],"curies":[{"name":"wp","href":"https:\/\/api.w.org\/{rel}","templated":true}]}}