{"id":2723,"date":"2025-06-27T03:53:26","date_gmt":"2025-06-27T03:53:26","guid":{"rendered":"https:\/\/cmykprinted.com\/?post_type=product&#038;p=2723"},"modified":"2025-06-27T06:33:48","modified_gmt":"2025-06-27T06:33:48","slug":"custom-made-football-flags","status":"publish","type":"product","link":"https:\/\/cmykprinted.com\/fr\/produit\/drapeaux-de-football-sur-mesure\/","title":{"rendered":"Banni\u00e8res de drapeaux de football de grande taille, sur mesure et \u00e0 prix abordable"},"content":{"rendered":"","protected":false},"excerpt":{"rendered":"<p>Envie d&#039;afficher fi\u00e8rement votre passion pour le football\u00a0? Nos banni\u00e8res de drapeaux de football grand format sur mesure sont la solution id\u00e9ale pour les supporters passionn\u00e9s, les clubs ou les organisateurs d&#039;\u00e9v\u00e9nements qui souhaitent afficher un message fort. Fabriqu\u00e9es en polyester durable de qualit\u00e9 sup\u00e9rieure, ces banni\u00e8res r\u00e9sistent aux intemp\u00e9ries et conservent leur \u00e9clat saison apr\u00e8s saison.<\/p>\n<p>Nous proposons une personnalisation compl\u00e8te\u00a0: choisissez les couleurs, les logos, les slogans et tout autre motif unique de votre \u00e9quipe pour cr\u00e9er des drapeaux qui refl\u00e8tent pleinement votre passion pour le football. Que vous d\u00e9coriez des stades, des zones de supporters, des bars sportifs ou des \u00e9v\u00e9nements en plein air, notre impression haute d\u00e9finition garantit des graphismes nets et des couleurs \u00e9clatantes qui vous d\u00e9marqueront.<\/p>\n<p>Malgr\u00e9 leur taille et leur qualit\u00e9 impressionnantes, nous garantissons des prix tr\u00e8s comp\u00e9titifs pour tous les budgets, facilitant ainsi plus que jamais les commandes en gros pour les tournois, les ligues ou les campagnes promotionnelles. Gr\u00e2ce \u00e0 des d\u00e9lais de livraison rapides et une livraison internationale, vous recevrez vos banni\u00e8res \u00e0 temps, o\u00f9 que vous soyez.<\/p>\n<p>Ne vous contentez pas de l&#039;ordinaire. Affichez fi\u00e8rement la passion de votre \u00e9quipe avec nos drapeaux de football grand format sur mesure\u00a0: une qualit\u00e9 premium \u00e0 un prix exceptionnel\u00a0!<\/p>\n<div style=\"width: 854px;\" class=\"wp-video\"><!--[if lt IE 9]><script>document.createElement('video');<\/script><![endif]--><br \/>\n<video class=\"wp-video-shortcode\" id=\"video-2723-1\" width=\"854\" height=\"480\" preload=\"metadata\" controls=\"controls\"><source type=\"video\/mp4\" src=\"https:\/\/cmykprinted.com\/wp-content\/uploads\/2025\/06\/Large-Flag-Banner-for-Football-Events.mp4?_=1\" \/><a href=\"https:\/\/cmykprinted.com\/wp-content\/uploads\/2025\/06\/Large-Flag-Banner-for-Football-Events.mp4\">https:\/\/cmykprinted.com\/wp-content\/uploads\/2025\/06\/Large-Flag-Banner-for-Football-Events.mp4<\/a><\/video><\/div>","protected":false},"featured_media":2724,"template":"","meta":{"_kad_post_transparent":"default","_kad_post_title":"hide","_kad_post_layout":"fullwidth","_kad_post_sidebar_id":"","_kad_post_content_style":"unboxed","_kad_post_vertical_padding":"hide","_kad_post_feature":"hide","_kad_post_feature_position":"","_kad_post_header":false,"_kad_post_footer":false},"product_cat":[79],"product_tag":[625,622,626,624,623],"class_list":{"0":"post-2723","1":"product","2":"type-product","3":"status-publish","4":"has-post-thumbnail","6":"product_cat-custom-flags","7":"product_tag-custom-football-flags","8":"product_tag-custom-made-football-flags","9":"product_tag-custom-made-sports-flags","10":"product_tag-large-size-flags","11":"product_tag-sports-flags-banners","13":"first","14":"instock","15":"shipping-taxable","16":"product-type-simple","17":"entry","18":"content-bg","19":"loop-entry"},"_links":{"self":[{"href":"https:\/\/cmykprinted.com\/fr\/wp-json\/wp\/v2\/product\/2723","targetHints":{"allow":["GET"]}}],"collection":[{"href":"https:\/\/cmykprinted.com\/fr\/wp-json\/wp\/v2\/product"}],"about":[{"href":"https:\/\/cmykprinted.com\/fr\/wp-json\/wp\/v2\/types\/product"}],"version-history":[{"count":5,"href":"https:\/\/cmykprinted.com\/fr\/wp-json\/wp\/v2\/product\/2723\/revisions"}],"predecessor-version":[{"id":2743,"href":"https:\/\/cmykprinted.com\/fr\/wp-json\/wp\/v2\/product\/2723\/revisions\/2743"}],"wp:featuredmedia":[{"embeddable":true,"href":"https:\/\/cmykprinted.com\/fr\/wp-json\/wp\/v2\/media\/2724"}],"wp:attachment":[{"href":"https:\/\/cmykprinted.com\/fr\/wp-json\/wp\/v2\/media?parent=2723"}],"wp:term":[{"taxonomy":"product_cat","embeddable":true,"href":"https:\/\/cmykprinted.com\/fr\/wp-json\/wp\/v2\/product_cat?post=2723"},{"taxonomy":"product_tag","embeddable":true,"href":"https:\/\/cmykprinted.com\/fr\/wp-json\/wp\/v2\/product_tag?post=2723"}],"curies":[{"name":"wp","href":"https:\/\/api.w.org\/{rel}","templated":true}]}}