{"id":2738,"date":"2025-06-27T06:28:32","date_gmt":"2025-06-27T06:28:32","guid":{"rendered":"https:\/\/cmykprinted.com\/?post_type=product&#038;p=2738"},"modified":"2025-06-27T06:28:33","modified_gmt":"2025-06-27T06:28:33","slug":"business-flags","status":"publish","type":"product","link":"https:\/\/cmykprinted.com\/fr\/produit\/drapeaux-dentreprise\/","title":{"rendered":"Drapeaux commerciaux personnalis\u00e9s en forme de larme avec un d\u00e9lai de 24 heures"},"content":{"rendered":"","protected":false},"excerpt":{"rendered":"<p><strong>D\u00e9marquez-vous instantan\u00e9ment avec des drapeaux commerciaux personnalis\u00e9s en forme de larme \u2013 livr\u00e9s en seulement 24 heures\u00a0!<\/strong><\/p>\n<p>Vous souhaitez que votre entreprise attire rapidement l&#039;attention ? Nos drapeaux personnalis\u00e9s en forme de goutte sont la solution id\u00e9ale pour mettre en avant votre marque, vos promotions ou vos \u00e9v\u00e9nements. Con\u00e7us pour une visibilit\u00e9 maximale, ces drapeaux arborent une forme \u00e9l\u00e9gante et moderne qui flotte magnifiquement, attirant les regards de tous c\u00f4t\u00e9s.<\/p>\n<p>Nous proposons une impression couleur haute r\u00e9solution sur tissu polyester haut de gamme, pour des logos, slogans et visuels \u00e9clatants et professionnels. Gr\u00e2ce \u00e0 nos multiples formats, vous pouvez choisir la hauteur et la largeur id\u00e9ales pour votre vitrine, votre stand d&#039;exposition, votre \u00e9v\u00e9nement ext\u00e9rieur ou votre affichage routier.<\/p>\n<p>Mieux encore, nous offrons un service de livraison imbattable en 24 heures, vous permettant de respecter des d\u00e9lais serr\u00e9s sans compromettre la qualit\u00e9. De la validation de la conception \u00e0 la production, notre processus simplifi\u00e9 garantit une exp\u00e9dition rapide de vos drapeaux, vous permettant ainsi de saisir les opportunit\u00e9s sans d\u00e9lai.<\/p>\n<p>Des prix abordables, des mat\u00e9riaux durables et un assemblage facile font de nos drapeaux commerciaux personnalis\u00e9s en forme de larme l&#039;outil marketing ultime pour toute entreprise pr\u00eate \u00e0 faire une impression audacieuse, rapidement\u00a0!<\/p>\n<div style=\"width: 1290px;\" class=\"wp-video\"><!--[if lt IE 9]><script>document.createElement('video');<\/script><![endif]--><br \/>\n<video class=\"wp-video-shortcode\" id=\"video-2738-1\" width=\"1290\" height=\"726\" poster=\"https:\/\/cmykprinted.com\/wp-content\/uploads\/2023\/10\/Wholesale-Teardrop-Flags-1026002.jpg\" preload=\"metadata\" controls=\"controls\"><source type=\"video\/mp4\" src=\"https:\/\/cmykprinted.com\/wp-content\/uploads\/2023\/10\/Wholesale-Teardrop-Flags.mp4?_=1\" \/><a href=\"https:\/\/cmykprinted.com\/wp-content\/uploads\/2023\/10\/Wholesale-Teardrop-Flags.mp4\">https:\/\/cmykprinted.com\/wp-content\/uploads\/2023\/10\/Wholesale-Teardrop-Flags.mp4<\/a><\/video><\/div>","protected":false},"featured_media":2741,"template":"","meta":{"_kad_post_transparent":"default","_kad_post_title":"hide","_kad_post_layout":"fullwidth","_kad_post_sidebar_id":"","_kad_post_content_style":"unboxed","_kad_post_vertical_padding":"hide","_kad_post_feature":"hide","_kad_post_feature_position":"","_kad_post_header":false,"_kad_post_footer":false},"product_cat":[64,67],"product_tag":[627,629,628],"class_list":{"0":"post-2738","1":"product","2":"type-product","3":"status-publish","4":"has-post-thumbnail","6":"product_cat-beach-flags","7":"product_cat-teardrop-flags-banners","8":"product_tag-business-flags","9":"product_tag-custom-business-flags","10":"product_tag-teardrop-business-flags","12":"first","13":"instock","14":"shipping-taxable","15":"product-type-simple","16":"entry","17":"content-bg","18":"loop-entry"},"_links":{"self":[{"href":"https:\/\/cmykprinted.com\/fr\/wp-json\/wp\/v2\/product\/2738","targetHints":{"allow":["GET"]}}],"collection":[{"href":"https:\/\/cmykprinted.com\/fr\/wp-json\/wp\/v2\/product"}],"about":[{"href":"https:\/\/cmykprinted.com\/fr\/wp-json\/wp\/v2\/types\/product"}],"version-history":[{"count":1,"href":"https:\/\/cmykprinted.com\/fr\/wp-json\/wp\/v2\/product\/2738\/revisions"}],"predecessor-version":[{"id":2742,"href":"https:\/\/cmykprinted.com\/fr\/wp-json\/wp\/v2\/product\/2738\/revisions\/2742"}],"wp:featuredmedia":[{"embeddable":true,"href":"https:\/\/cmykprinted.com\/fr\/wp-json\/wp\/v2\/media\/2741"}],"wp:attachment":[{"href":"https:\/\/cmykprinted.com\/fr\/wp-json\/wp\/v2\/media?parent=2738"}],"wp:term":[{"taxonomy":"product_cat","embeddable":true,"href":"https:\/\/cmykprinted.com\/fr\/wp-json\/wp\/v2\/product_cat?post=2738"},{"taxonomy":"product_tag","embeddable":true,"href":"https:\/\/cmykprinted.com\/fr\/wp-json\/wp\/v2\/product_tag?post=2738"}],"curies":[{"name":"wp","href":"https:\/\/api.w.org\/{rel}","templated":true}]}}