{"id":2745,"date":"2025-07-01T12:15:17","date_gmt":"2025-07-01T12:15:17","guid":{"rendered":"https:\/\/cmykprinted.com\/?post_type=product&#038;p=2745"},"modified":"2025-07-01T12:35:43","modified_gmt":"2025-07-01T12:35:43","slug":"display-signs-for-trade-shows","status":"publish","type":"product","link":"https:\/\/cmykprinted.com\/fr\/produit\/panneaux-d-affichage-pour-salons\/","title":{"rendered":"Panneaux d&#039;affichage en tissu personnalis\u00e9s pour salons professionnels, ex\u00e9cution sous 48 heures"},"content":{"rendered":"","protected":false},"excerpt":{"rendered":"<p>D\u00e9marquez-vous sur les salons professionnels gr\u00e2ce \u00e0 nos pr\u00e9sentoirs en tissu personnalis\u00e9s, con\u00e7us pour offrir des visuels \u00e9clatants et un impact professionnel. Fabriqu\u00e9s dans notre usine de pointe, ces pr\u00e9sentoirs b\u00e9n\u00e9ficient d&#039;une impression par sublimation haute r\u00e9solution sur des tissus haut de gamme comme le polyester 250 g\/m\u00b2, garantissant des couleurs \u00e9clatantes et une r\u00e9sistance aux plis.<\/p>\n<p>Des panneaux d&#039;affichage en tissu personnalis\u00e9s pour salons professionnels aux banni\u00e8res suspendues et pr\u00e9sentoirs de table, nous proposons une large gamme de tailles et de formes personnalisables pour s&#039;adapter \u00e0 la conception de votre stand. L\u00e9gers et faciles \u00e0 assembler, nos panneaux en tissu sont parfaits pour une installation et un transport rapides, vous permettant ainsi de gagner du temps et de l&#039;\u00e9nergie lors d&#039;\u00e9v\u00e9nements tr\u00e8s fr\u00e9quent\u00e9s.<\/p>\n<p>B\u00e9n\u00e9ficiez de v\u00e9ritables prix d&#039;usine sans sacrifier la qualit\u00e9. Que vous ayez besoin d&#039;un pr\u00e9sentoir unique ou d&#039;une production en s\u00e9rie, nous vous garantissons des tarifs comp\u00e9titifs, des d\u00e9lais de livraison rapides et une livraison dans le monde entier. Mettez en avant votre marque avec des panneaux d&#039;affichage en tissu personnalis\u00e9s qui attirent l&#039;attention et laissent une impression durable \u00e0 chaque salon\u00a0!<\/p>\n<div style=\"width: 720px;\" class=\"wp-video\"><!--[if lt IE 9]><script>document.createElement('video');<\/script><![endif]--><br \/>\n<video class=\"wp-video-shortcode\" id=\"video-2745-1\" width=\"720\" height=\"1280\" preload=\"metadata\" controls=\"controls\"><source type=\"video\/mp4\" src=\"https:\/\/cmykprinted.com\/wp-content\/uploads\/2025\/07\/Instruction-Installation-Custom-Pillowcase-Backdrop.mp4?_=1\" \/><a href=\"https:\/\/cmykprinted.com\/wp-content\/uploads\/2025\/07\/Instruction-Installation-Custom-Pillowcase-Backdrop.mp4\">https:\/\/cmykprinted.com\/wp-content\/uploads\/2025\/07\/Instruction-Installation-Custom-Pillowcase-Backdrop.mp4<\/a><\/video><\/div>\n<p>&nbsp;<\/p>","protected":false},"featured_media":2751,"template":"","meta":{"_kad_post_transparent":"default","_kad_post_title":"hide","_kad_post_layout":"fullwidth","_kad_post_sidebar_id":"","_kad_post_content_style":"unboxed","_kad_post_vertical_padding":"hide","_kad_post_feature":"hide","_kad_post_feature_position":"","_kad_post_header":false,"_kad_post_footer":false},"product_cat":[97,99],"product_tag":[632,630,631],"class_list":{"0":"post-2745","1":"product","2":"type-product","3":"status-publish","4":"has-post-thumbnail","6":"product_cat-tension-fabric-displays","7":"product_cat-custom-fabric-displays","8":"product_tag-custom-fabric-display-signs","9":"product_tag-display-signs-for-trade-shows","10":"product_tag-fabric-display-signs","12":"first","13":"instock","14":"shipping-taxable","15":"product-type-simple","16":"entry","17":"content-bg","18":"loop-entry"},"_links":{"self":[{"href":"https:\/\/cmykprinted.com\/fr\/wp-json\/wp\/v2\/product\/2745","targetHints":{"allow":["GET"]}}],"collection":[{"href":"https:\/\/cmykprinted.com\/fr\/wp-json\/wp\/v2\/product"}],"about":[{"href":"https:\/\/cmykprinted.com\/fr\/wp-json\/wp\/v2\/types\/product"}],"version-history":[{"count":1,"href":"https:\/\/cmykprinted.com\/fr\/wp-json\/wp\/v2\/product\/2745\/revisions"}],"predecessor-version":[{"id":2756,"href":"https:\/\/cmykprinted.com\/fr\/wp-json\/wp\/v2\/product\/2745\/revisions\/2756"}],"wp:featuredmedia":[{"embeddable":true,"href":"https:\/\/cmykprinted.com\/fr\/wp-json\/wp\/v2\/media\/2751"}],"wp:attachment":[{"href":"https:\/\/cmykprinted.com\/fr\/wp-json\/wp\/v2\/media?parent=2745"}],"wp:term":[{"taxonomy":"product_cat","embeddable":true,"href":"https:\/\/cmykprinted.com\/fr\/wp-json\/wp\/v2\/product_cat?post=2745"},{"taxonomy":"product_tag","embeddable":true,"href":"https:\/\/cmykprinted.com\/fr\/wp-json\/wp\/v2\/product_tag?post=2745"}],"curies":[{"name":"wp","href":"https:\/\/api.w.org\/{rel}","templated":true}]}}