{"id":2790,"date":"2025-07-07T09:16:58","date_gmt":"2025-07-07T09:16:58","guid":{"rendered":"https:\/\/cmykprinted.com\/?post_type=product&#038;p=2790"},"modified":"2025-07-08T00:21:16","modified_gmt":"2025-07-08T00:21:16","slug":"double-sided-vinyl-banners","status":"publish","type":"product","link":"https:\/\/cmykprinted.com\/fr\/produit\/bannieres-en-vinyle-double-face\/","title":{"rendered":"Banni\u00e8res en vinyle double face de 18 oz avec 11 $"},"content":{"rendered":"","protected":false},"excerpt":{"rendered":"<p>Dans le monde dynamique du marketing et de la promotion, affirmer son identit\u00e9 et capter l&#039;attention est primordial. D\u00e9couvrez nos banni\u00e8res en vinyle double face 18 oz\u00a0: la solution id\u00e9ale pour les entreprises, les \u00e9v\u00e9nements et les particuliers qui souhaitent laisser une marque ind\u00e9l\u00e9bile.<\/p>\n<p>Fabriqu\u00e9es avec pr\u00e9cision et con\u00e7ues pour l&#039;excellence, ces banni\u00e8res ne sont pas seulement des morceaux de vinyle ; ce sont des outils puissants con\u00e7us pour \u00e9lever votre message vers de nouveaux sommets.<\/p>\n<p>Nos banni\u00e8res en vinyle double face de 510 g se distinguent par leur durabilit\u00e9 exceptionnelle. Fabriqu\u00e9es en vinyle robuste et de haute qualit\u00e9, elles sont con\u00e7ues pour r\u00e9sister aux intemp\u00e9ries les plus rudes. Qu&#039;il s&#039;agisse d&#039;un soleil de plomb, de pluies torrentielles, de vents violents ou de temp\u00e9ratures glaciales, nos banni\u00e8res restent intactes et \u00e9clatantes. Leur poids de 510 g assure une structure robuste et r\u00e9sistante, garantissant une r\u00e9sistance optimale \u00e0 la d\u00e9chirure, \u00e0 l&#039;effilochage et \u00e0 la d\u00e9coloration.<\/p>\n<p>Cette durabilit\u00e9 les rend id\u00e9ales pour une utilisation ext\u00e9rieure \u00e0 court et \u00e0 long terme. Par exemple, si vous faites la promotion de soldes saisonni\u00e8res devant votre magasin, la banni\u00e8re conservera son int\u00e9grit\u00e9 tout au long de la campagne. Ou, si vous l&#039;utilisez pour marquer le lieu d&#039;un \u00e9v\u00e9nement de grande envergure sur plusieurs jours, vous pouvez \u00eatre s\u00fbr qu&#039;elle conservera son aspect impeccable et transmettra clairement votre message.<\/p>\n<p>La double face de ces banni\u00e8res double leur impact. Quel que soit l&#039;angle d&#039;approche de votre public, celui-ci sera accueilli par un message clair et percutant. Ceci est particuli\u00e8rement utile dans les zones \u00e0 fort trafic comme les rues anim\u00e9es, les carrefours ou les grands espaces ouverts des festivals et des foires.<\/p>\n<p>Il maximise la visibilit\u00e9 de votre marque, produit ou \u00e9v\u00e9nement, garantissant que votre investissement marketing va plus loin.<\/p>\n<figure id=\"attachment_2785\" aria-describedby=\"caption-attachment-2785\" style=\"width: 1000px\" class=\"wp-caption alignnone\"><img fetchpriority=\"high\" decoding=\"async\" class=\"size-full wp-image-2785\" src=\"https:\/\/cmykprinted.com\/wp-content\/uploads\/2025\/07\/Street-Light-Pole-Banner.jpg\" alt=\" Banni\u00e8res en vinyle double face\" width=\"1000\" height=\"560\" srcset=\"https:\/\/cmykprinted.com\/wp-content\/uploads\/2025\/07\/Street-Light-Pole-Banner.jpg 1000w, https:\/\/cmykprinted.com\/wp-content\/uploads\/2025\/07\/Street-Light-Pole-Banner-300x168.jpg 300w, https:\/\/cmykprinted.com\/wp-content\/uploads\/2025\/07\/Street-Light-Pole-Banner-768x430.jpg 768w, https:\/\/cmykprinted.com\/wp-content\/uploads\/2025\/07\/Street-Light-Pole-Banner-18x10.jpg 18w, https:\/\/cmykprinted.com\/wp-content\/uploads\/2025\/07\/Street-Light-Pole-Banner-600x336.jpg 600w\" sizes=\"(max-width: 1000px) 100vw, 1000px\" \/><figcaption id=\"caption-attachment-2785\" class=\"wp-caption-text\">Banni\u00e8res en vinyle double face<\/figcaption><\/figure>","protected":false},"featured_media":2792,"template":"","meta":{"_kad_post_transparent":"default","_kad_post_title":"hide","_kad_post_layout":"fullwidth","_kad_post_sidebar_id":"","_kad_post_content_style":"unboxed","_kad_post_vertical_padding":"hide","_kad_post_feature":"hide","_kad_post_feature_position":"","_kad_post_header":false,"_kad_post_footer":false},"product_cat":[85,90,91,89],"product_tag":[644,645,643],"class_list":{"0":"post-2790","1":"product","2":"type-product","3":"status-publish","4":"has-post-thumbnail","6":"product_cat-outdoor-vinyl-banners","7":"product_cat-glossy-pvc-banners","8":"product_cat-matte-vinyl-banners","9":"product_cat-pvc-banners","10":"product_tag-18-oz-vinyl-banners","11":"product_tag-double-sided-banners","12":"product_tag-double-sided-vinyl-banners","14":"first","15":"instock","16":"shipping-taxable","17":"product-type-simple","18":"entry","19":"content-bg","20":"loop-entry"},"_links":{"self":[{"href":"https:\/\/cmykprinted.com\/fr\/wp-json\/wp\/v2\/product\/2790","targetHints":{"allow":["GET"]}}],"collection":[{"href":"https:\/\/cmykprinted.com\/fr\/wp-json\/wp\/v2\/product"}],"about":[{"href":"https:\/\/cmykprinted.com\/fr\/wp-json\/wp\/v2\/types\/product"}],"version-history":[{"count":1,"href":"https:\/\/cmykprinted.com\/fr\/wp-json\/wp\/v2\/product\/2790\/revisions"}],"predecessor-version":[{"id":2796,"href":"https:\/\/cmykprinted.com\/fr\/wp-json\/wp\/v2\/product\/2790\/revisions\/2796"}],"wp:featuredmedia":[{"embeddable":true,"href":"https:\/\/cmykprinted.com\/fr\/wp-json\/wp\/v2\/media\/2792"}],"wp:attachment":[{"href":"https:\/\/cmykprinted.com\/fr\/wp-json\/wp\/v2\/media?parent=2790"}],"wp:term":[{"taxonomy":"product_cat","embeddable":true,"href":"https:\/\/cmykprinted.com\/fr\/wp-json\/wp\/v2\/product_cat?post=2790"},{"taxonomy":"product_tag","embeddable":true,"href":"https:\/\/cmykprinted.com\/fr\/wp-json\/wp\/v2\/product_tag?post=2790"}],"curies":[{"name":"wp","href":"https:\/\/api.w.org\/{rel}","templated":true}]}}