{"id":2799,"date":"2025-07-08T08:16:30","date_gmt":"2025-07-08T08:16:30","guid":{"rendered":"https:\/\/cmykprinted.com\/?post_type=product&#038;p=2799"},"modified":"2025-07-08T08:16:30","modified_gmt":"2025-07-08T08:16:30","slug":"custom-fabric-banners","status":"publish","type":"product","link":"https:\/\/cmykprinted.com\/fr\/produit\/banderoles-en-tissu-personnalisees\/","title":{"rendered":"Banni\u00e8res en tissu personnalis\u00e9es pour salons professionnels, \u00e9v\u00e9nements sportifs et autres \u00e9v\u00e9nements avec 20\u00a0% de r\u00e9duction"},"content":{"rendered":"","protected":false},"excerpt":{"rendered":"<p>Faites forte impression lors de salons professionnels, d&#039;\u00e9v\u00e9nements sportifs ou de toute autre occasion sp\u00e9ciale gr\u00e2ce \u00e0 nos banni\u00e8res en tissu personnalis\u00e9es haut de gamme. Fabriqu\u00e9es \u00e0 partir de mat\u00e9riaux durables et de haute qualit\u00e9, ces banni\u00e8res offrent des graphismes \u00e9clatants et nets qui attirent tous les regards et renforcent la pr\u00e9sence de votre marque. L\u00e9g\u00e8res et robustes, elles sont faciles \u00e0 transporter, \u00e0 installer et \u00e0 r\u00e9utiliser, vous permettant ainsi de gagner du temps et de l&#039;argent.<\/p>\n<p>Que vous souhaitiez pr\u00e9senter votre entreprise lors d&#039;un salon, encourager votre \u00e9quipe ou cr\u00e9er un d\u00e9cor \u00e9v\u00e9nementiel exceptionnel, nos banni\u00e8res en tissu offrent des solutions polyvalentes adapt\u00e9es \u00e0 vos besoins sp\u00e9cifiques. Profitez de couleurs vives gr\u00e2ce \u00e0 l&#039;impression par sublimation avanc\u00e9e, pour un message audacieux et professionnel.<\/p>\n<p>Ne manquez pas notre offre \u00e0 dur\u00e9e limit\u00e9e\u00a0: b\u00e9n\u00e9ficiez de 20\u00a0% de r\u00e9duction sur vos banni\u00e8res en tissu personnalis\u00e9es d\u00e8s aujourd&#039;hui et faites rayonner votre marque plus que jamais. Contactez-nous d\u00e8s maintenant pour optimiser votre affichage et vous d\u00e9marquer de la concurrence\u00a0!<\/p>\n<div style=\"width: 854px;\" class=\"wp-video\"><!--[if lt IE 9]><script>document.createElement('video');<\/script><![endif]--><br \/>\n<video class=\"wp-video-shortcode\" id=\"video-2799-1\" width=\"854\" height=\"480\" preload=\"metadata\" controls=\"controls\"><source type=\"video\/mp4\" src=\"https:\/\/cmykprinted.com\/wp-content\/uploads\/2025\/06\/Large-Flag-Banner-for-Football-Events.mp4?_=1\" \/><a href=\"https:\/\/cmykprinted.com\/wp-content\/uploads\/2025\/06\/Large-Flag-Banner-for-Football-Events.mp4\">https:\/\/cmykprinted.com\/wp-content\/uploads\/2025\/06\/Large-Flag-Banner-for-Football-Events.mp4<\/a><\/video><\/div>","protected":false},"featured_media":2807,"template":"","meta":{"_kad_post_transparent":"default","_kad_post_title":"hide","_kad_post_layout":"fullwidth","_kad_post_sidebar_id":"","_kad_post_content_style":"unboxed","_kad_post_vertical_padding":"hide","_kad_post_feature":"hide","_kad_post_feature_position":"","_kad_post_header":false,"_kad_post_footer":false},"product_cat":[79],"product_tag":[646,408,648,647],"class_list":{"0":"post-2799","1":"product","2":"type-product","3":"status-publish","4":"has-post-thumbnail","6":"product_cat-custom-flags","7":"product_tag-custom-fabric-banners","8":"product_tag-fabric-banners","9":"product_tag-fabric-banners-for-events","10":"product_tag-fabric-banners-for-trade-show","12":"first","13":"instock","14":"shipping-taxable","15":"product-type-simple","16":"entry","17":"content-bg","18":"loop-entry"},"_links":{"self":[{"href":"https:\/\/cmykprinted.com\/fr\/wp-json\/wp\/v2\/product\/2799","targetHints":{"allow":["GET"]}}],"collection":[{"href":"https:\/\/cmykprinted.com\/fr\/wp-json\/wp\/v2\/product"}],"about":[{"href":"https:\/\/cmykprinted.com\/fr\/wp-json\/wp\/v2\/types\/product"}],"version-history":[{"count":1,"href":"https:\/\/cmykprinted.com\/fr\/wp-json\/wp\/v2\/product\/2799\/revisions"}],"predecessor-version":[{"id":2808,"href":"https:\/\/cmykprinted.com\/fr\/wp-json\/wp\/v2\/product\/2799\/revisions\/2808"}],"wp:featuredmedia":[{"embeddable":true,"href":"https:\/\/cmykprinted.com\/fr\/wp-json\/wp\/v2\/media\/2807"}],"wp:attachment":[{"href":"https:\/\/cmykprinted.com\/fr\/wp-json\/wp\/v2\/media?parent=2799"}],"wp:term":[{"taxonomy":"product_cat","embeddable":true,"href":"https:\/\/cmykprinted.com\/fr\/wp-json\/wp\/v2\/product_cat?post=2799"},{"taxonomy":"product_tag","embeddable":true,"href":"https:\/\/cmykprinted.com\/fr\/wp-json\/wp\/v2\/product_tag?post=2799"}],"curies":[{"name":"wp","href":"https:\/\/api.w.org\/{rel}","templated":true}]}}