{"id":2810,"date":"2025-07-10T09:30:52","date_gmt":"2025-07-10T09:30:52","guid":{"rendered":"https:\/\/cmykprinted.com\/?post_type=product&#038;p=2810"},"modified":"2025-07-10T09:30:52","modified_gmt":"2025-07-10T09:30:52","slug":"breakaway-banner-for-football","status":"publish","type":"product","link":"https:\/\/cmykprinted.com\/fr\/produit\/banniere-dechirable-pour-football\/","title":{"rendered":"Banni\u00e8re d\u00e9tachable pour le football \u00e0 prix comp\u00e9titif"},"content":{"rendered":"","protected":false},"excerpt":{"rendered":"<p>Vous souhaitez apporter une touche d&#039;\u00e9motion et un esprit d&#039;\u00e9quipe incomparables \u00e0 vos matchs de football sans d\u00e9passer votre budget\u00a0? Nos banni\u00e8res Breakaway pour le football sont la solution id\u00e9ale \u00e0 un prix comp\u00e9titif. Con\u00e7ues pour des entr\u00e9es spectaculaires des joueurs, ces banni\u00e8res cr\u00e9ent un spectacle captivant qui dynamise les athl\u00e8tes et les supporters.<\/p>\n<p>Cr\u00e9ez des moments de match \u00e9poustouflants<\/p>\n<p>Nos banderoles de football sont fabriqu\u00e9es dans un tissu durable et de haute qualit\u00e9, capable de r\u00e9sister \u00e0 une utilisation r\u00e9p\u00e9t\u00e9e, match apr\u00e8s match. La banderole se compose de deux panneaux fix\u00e9s par des attaches auto-agrippantes, permettant aux joueurs de percer le centre du terrain pour une entr\u00e9e explosive. C&#039;est une fa\u00e7on inoubliable d&#039;afficher la fiert\u00e9 de l&#039;\u00e9quipe et de faire vibrer le public.<\/p>\n<p>Facile \u00e0 installer et \u00e0 r\u00e9utiliser<\/p>\n<p>Chaque banni\u00e8re d\u00e9tachable pour le football est dot\u00e9e de poches lat\u00e9rales pour accueillir des poteaux de soutien. Ces derniers peuvent \u00eatre ancr\u00e9s au sol pour plus de stabilit\u00e9, tandis que des cordes tenues par les pom-pom girls ou le personnel maintiennent le haut en place. L&#039;installation est simple et rapide, vous permettant d&#039;\u00eatre pr\u00eat pour le coup d&#039;envoi en quelques minutes. Apr\u00e8s le match, il suffit de refixer les panneaux et d&#039;enrouler la banni\u00e8re pour un rangement compact.<\/p>\n<p>Impression personnalis\u00e9e dynamique<\/p>\n<p>Nous proposons une impression couleur haute r\u00e9solution pour personnaliser votre banni\u00e8re avec les logos de votre \u00e9quipe, le nom de votre \u00e9cole, votre mascotte, votre slogan ou les visuels de vos sponsors. Les impressions vives restent \u00e9clatantes et attrayantes m\u00eame apr\u00e8s de nombreuses utilisations, permettant \u00e0 votre \u00e9quipe de se d\u00e9marquer sur le terrain.<\/p>\n<div style=\"width: 960px;\" class=\"wp-video\"><!--[if lt IE 9]><script>document.createElement('video');<\/script><![endif]--><br \/>\n<video class=\"wp-video-shortcode\" id=\"video-2810-1\" width=\"960\" height=\"540\" preload=\"metadata\" controls=\"controls\"><source type=\"video\/mp4\" src=\"https:\/\/cmykprinted.com\/wp-content\/uploads\/2025\/07\/Breakaway-Banners.mp4?_=1\" \/><a href=\"https:\/\/cmykprinted.com\/wp-content\/uploads\/2025\/07\/Breakaway-Banners.mp4\">https:\/\/cmykprinted.com\/wp-content\/uploads\/2025\/07\/Breakaway-Banners.mp4<\/a><\/video><\/div>","protected":false},"featured_media":2816,"template":"","meta":{"_kad_post_transparent":"default","_kad_post_title":"hide","_kad_post_layout":"fullwidth","_kad_post_sidebar_id":"","_kad_post_content_style":"unboxed","_kad_post_vertical_padding":"hide","_kad_post_feature":"hide","_kad_post_feature_position":"","_kad_post_header":false,"_kad_post_footer":false},"product_cat":[79],"product_tag":[650,649],"class_list":{"0":"post-2810","1":"product","2":"type-product","3":"status-publish","4":"has-post-thumbnail","6":"product_cat-custom-flags","7":"product_tag-breakaway-banner","8":"product_tag-breakaway-banner-for-football","10":"first","11":"instock","12":"shipping-taxable","13":"product-type-simple","14":"entry","15":"content-bg","16":"loop-entry"},"_links":{"self":[{"href":"https:\/\/cmykprinted.com\/fr\/wp-json\/wp\/v2\/product\/2810","targetHints":{"allow":["GET"]}}],"collection":[{"href":"https:\/\/cmykprinted.com\/fr\/wp-json\/wp\/v2\/product"}],"about":[{"href":"https:\/\/cmykprinted.com\/fr\/wp-json\/wp\/v2\/types\/product"}],"version-history":[{"count":1,"href":"https:\/\/cmykprinted.com\/fr\/wp-json\/wp\/v2\/product\/2810\/revisions"}],"predecessor-version":[{"id":2820,"href":"https:\/\/cmykprinted.com\/fr\/wp-json\/wp\/v2\/product\/2810\/revisions\/2820"}],"wp:featuredmedia":[{"embeddable":true,"href":"https:\/\/cmykprinted.com\/fr\/wp-json\/wp\/v2\/media\/2816"}],"wp:attachment":[{"href":"https:\/\/cmykprinted.com\/fr\/wp-json\/wp\/v2\/media?parent=2810"}],"wp:term":[{"taxonomy":"product_cat","embeddable":true,"href":"https:\/\/cmykprinted.com\/fr\/wp-json\/wp\/v2\/product_cat?post=2810"},{"taxonomy":"product_tag","embeddable":true,"href":"https:\/\/cmykprinted.com\/fr\/wp-json\/wp\/v2\/product_tag?post=2810"}],"curies":[{"name":"wp","href":"https:\/\/api.w.org\/{rel}","templated":true}]}}