{"id":2837,"date":"2025-07-19T09:37:38","date_gmt":"2025-07-19T09:37:38","guid":{"rendered":"https:\/\/cmykprinted.com\/?post_type=product&#038;p=2837"},"modified":"2025-07-19T09:37:39","modified_gmt":"2025-07-19T09:37:39","slug":"transfer-stickers-for-metal","status":"publish","type":"product","link":"https:\/\/cmykprinted.com\/fr\/produit\/autocollants-de-transfert-pour-metal\/","title":{"rendered":"Autocollants de transfert personnalis\u00e9s pour m\u00e9tal d&#039;un fabricant chinois"},"content":{"rendered":"","protected":false},"excerpt":{"rendered":"<p>D\u00e9couvrez des autocollants de transfert pour m\u00e9tal de haute qualit\u00e9, fabriqu\u00e9s par un fabricant chinois de confiance, con\u00e7us pour offrir une finition soign\u00e9e et professionnelle \u00e0 vos besoins de marquage et de d\u00e9coration. Sp\u00e9cialement con\u00e7us pour adh\u00e9rer parfaitement aux surfaces m\u00e9talliques telles que l&#039;acier inoxydable, l&#039;aluminium et les m\u00e9taux rev\u00eatus, ces autocollants sont parfaits pour une utilisation sur les appareils \u00e9lectrom\u00e9nagers, les machines, les outils, les plaques signal\u00e9tiques, les appareils \u00e9lectroniques, etc.<\/p>\n<p>Fabriqu\u00e9s avec pr\u00e9cision, nos autocollants transfert sont d\u00e9pourvus de fond, laissant uniquement le logo, le motif ou le texte directement sur la surface. Cela garantit un aspect lisse et homog\u00e8ne, imitant l&#039;aspect d&#039;une impression ou d&#039;une gravure personnalis\u00e9e, \u00e0 moindre co\u00fbt. Fabriqu\u00e9s \u00e0 partir de mat\u00e9riaux durables qui r\u00e9sistent \u00e0 la d\u00e9coloration, aux rayures et aux intemp\u00e9ries, ils offrent des r\u00e9sultats durables, en int\u00e9rieur comme en ext\u00e9rieur.<\/p>\n<p>En tant que fournisseur leader en Chine, nous proposons des prix comp\u00e9titifs, une production rapide et des options de personnalisation flexibles, incluant des finitions m\u00e9tallis\u00e9es, mates, brillantes et transparentes. Que vous ayez besoin de petites s\u00e9ries pour votre image de marque ou de commandes en gros pour un usage industriel, notre usine r\u00e9pond \u00e0 vos sp\u00e9cifications avec des options d&#039;exp\u00e9dition DDP fiables dans le monde entier.<\/p>\n<p>Id\u00e9al pour l&#039;\u00e9tiquetage des produits, les cadeaux d&#039;entreprise, l&#039;image de marque promotionnelle et bien plus encore, nos autocollants de transfert pour m\u00e9tal offrent une solution intelligente et \u00e9l\u00e9gante \u00e0 un prix abordable.<\/p>\n<figure id=\"attachment_2838\" aria-describedby=\"caption-attachment-2838\" style=\"width: 500px\" class=\"wp-caption alignnone\"><img fetchpriority=\"high\" decoding=\"async\" class=\"size-full wp-image-2838\" src=\"https:\/\/cmykprinted.com\/wp-content\/uploads\/2025\/07\/Transfer-Stickers-for-Metal.jpg\" alt=\"Autocollants de transfert pour m\u00e9tal\" width=\"500\" height=\"500\" srcset=\"https:\/\/cmykprinted.com\/wp-content\/uploads\/2025\/07\/Transfer-Stickers-for-Metal.jpg 500w, https:\/\/cmykprinted.com\/wp-content\/uploads\/2025\/07\/Transfer-Stickers-for-Metal-300x300.jpg 300w, https:\/\/cmykprinted.com\/wp-content\/uploads\/2025\/07\/Transfer-Stickers-for-Metal-150x150.jpg 150w, https:\/\/cmykprinted.com\/wp-content\/uploads\/2025\/07\/Transfer-Stickers-for-Metal-12x12.jpg 12w, https:\/\/cmykprinted.com\/wp-content\/uploads\/2025\/07\/Transfer-Stickers-for-Metal-100x100.jpg 100w\" sizes=\"(max-width: 500px) 100vw, 500px\" \/><figcaption id=\"caption-attachment-2838\" class=\"wp-caption-text\">Autocollants de transfert pour m\u00e9tal<\/figcaption><\/figure>","protected":false},"featured_media":2839,"template":"","meta":{"_kad_post_transparent":"default","_kad_post_title":"hide","_kad_post_layout":"fullwidth","_kad_post_sidebar_id":"","_kad_post_content_style":"unboxed","_kad_post_vertical_padding":"hide","_kad_post_feature":"hide","_kad_post_feature_position":"","_kad_post_header":false,"_kad_post_footer":false},"product_cat":[101,102],"product_tag":[454,657,658],"class_list":{"0":"post-2837","1":"product","2":"type-product","3":"status-publish","4":"has-post-thumbnail","6":"product_cat-transfer-stickers","7":"product_cat-metal-transfer-stickers","8":"product_tag-custom-transfer-stickers","9":"product_tag-transfer-stickers","10":"product_tag-transfer-stickers-for-metal","12":"first","13":"instock","14":"shipping-taxable","15":"product-type-simple","16":"entry","17":"content-bg","18":"loop-entry"},"_links":{"self":[{"href":"https:\/\/cmykprinted.com\/fr\/wp-json\/wp\/v2\/product\/2837","targetHints":{"allow":["GET"]}}],"collection":[{"href":"https:\/\/cmykprinted.com\/fr\/wp-json\/wp\/v2\/product"}],"about":[{"href":"https:\/\/cmykprinted.com\/fr\/wp-json\/wp\/v2\/types\/product"}],"version-history":[{"count":1,"href":"https:\/\/cmykprinted.com\/fr\/wp-json\/wp\/v2\/product\/2837\/revisions"}],"predecessor-version":[{"id":2844,"href":"https:\/\/cmykprinted.com\/fr\/wp-json\/wp\/v2\/product\/2837\/revisions\/2844"}],"wp:featuredmedia":[{"embeddable":true,"href":"https:\/\/cmykprinted.com\/fr\/wp-json\/wp\/v2\/media\/2839"}],"wp:attachment":[{"href":"https:\/\/cmykprinted.com\/fr\/wp-json\/wp\/v2\/media?parent=2837"}],"wp:term":[{"taxonomy":"product_cat","embeddable":true,"href":"https:\/\/cmykprinted.com\/fr\/wp-json\/wp\/v2\/product_cat?post=2837"},{"taxonomy":"product_tag","embeddable":true,"href":"https:\/\/cmykprinted.com\/fr\/wp-json\/wp\/v2\/product_tag?post=2837"}],"curies":[{"name":"wp","href":"https:\/\/api.w.org\/{rel}","templated":true}]}}