{"id":2866,"date":"2025-10-30T09:12:11","date_gmt":"2025-10-30T09:12:11","guid":{"rendered":"https:\/\/cmykprinted.com\/?post_type=product&#038;p=2866"},"modified":"2025-10-30T09:12:11","modified_gmt":"2025-10-30T09:12:11","slug":"collapsible-trade-show-displays","status":"publish","type":"product","link":"https:\/\/cmykprinted.com\/fr\/produit\/presentoirs-dexposition-pliables\/","title":{"rendered":"Pr\u00e9sentoirs pliables haut de gamme pour salons professionnels avec \u00e9clairage LED"},"content":{"rendered":"","protected":false},"excerpt":{"rendered":"<p>Faites rayonner votre marque \u00e0 chaque salon gr\u00e2ce \u00e0 nos stands d&#039;exposition pliables haut de gamme avec \u00e9clairage LED\u00a0: l&#039;alliance parfaite de la portabilit\u00e9, du professionnalisme et de l&#039;impact visuel. Con\u00e7us pour les professionnels du marketing modernes qui ont besoin d&#039;une installation rapide et d&#039;une visibilit\u00e9 imm\u00e9diate, ces stands sont dot\u00e9s de structures l\u00e9g\u00e8res en aluminium et de visuels en tissu tendu de qualit\u00e9 sup\u00e9rieure, offrant un rendu impeccable et sans plis.<\/p>\n<p>Gr\u00e2ce \u00e0 sa structure pliable innovante, le montage et le d\u00e9montage ne prennent que quelques minutes, sans aucun outil. Une fois assembl\u00e9e, la structure robuste offre une base solide, tandis que le syst\u00e8me d&#039;\u00e9clairage LED int\u00e9gr\u00e9 assure une mise en valeur optimale de vos visuels, attirant l&#039;attention m\u00eame dans les salons les plus fr\u00e9quent\u00e9s.<\/p>\n<p>Id\u00e9ales pour les salons, expositions, congr\u00e8s et promotions en magasin, ces pr\u00e9sentoirs sont faciles \u00e0 emballer, \u00e0 transporter et \u00e0 r\u00e9utiliser, ce qui en fait un investissement rentable sur le long terme. Les options d&#039;impression personnalis\u00e9e vous permettent de mettre en valeur les couleurs, logos et messages marketing de votre entreprise avec une qualit\u00e9 d&#039;impression haute d\u00e9finition \u00e9clatante.<\/p>\n<p>Que vous lanciez un nouveau produit, d\u00e9veloppiez votre notori\u00e9t\u00e9 ou rencontriez vos clients en personne, nos pr\u00e9sentoirs LED pliables pour salons professionnels vous offrent un impact maximal avec un minimum d&#039;effort. Impressionnez votre public, renforcez la visibilit\u00e9 de votre marque et cr\u00e9ez une pr\u00e9sentation professionnelle qui se d\u00e9marque v\u00e9ritablement, o\u00f9 que vous soyez et \u00e0 tout moment.<\/p>\n<div style=\"width: 720px;\" class=\"wp-video\"><!--[if lt IE 9]><script>document.createElement('video');<\/script><![endif]--><br \/>\n<video class=\"wp-video-shortcode\" id=\"video-2866-1\" width=\"720\" height=\"1280\" preload=\"metadata\" controls=\"controls\"><source type=\"video\/mp4\" src=\"https:\/\/cmykprinted.com\/wp-content\/uploads\/2025\/10\/Collapsible-Trade-Show-Displays.mp4?_=1\" \/><a href=\"https:\/\/cmykprinted.com\/wp-content\/uploads\/2025\/10\/Collapsible-Trade-Show-Displays.mp4\">https:\/\/cmykprinted.com\/wp-content\/uploads\/2025\/10\/Collapsible-Trade-Show-Displays.mp4<\/a><\/video><\/div>","protected":false},"featured_media":2868,"template":"","meta":{"_kad_post_transparent":"default","_kad_post_title":"hide","_kad_post_layout":"fullwidth","_kad_post_sidebar_id":"","_kad_post_content_style":"unboxed","_kad_post_vertical_padding":"hide","_kad_post_feature":"hide","_kad_post_feature_position":"","_kad_post_header":false,"_kad_post_footer":false},"product_cat":[97,99],"product_tag":[665,667,668,666],"class_list":{"0":"post-2866","1":"product","2":"type-product","3":"status-publish","4":"has-post-thumbnail","6":"product_cat-tension-fabric-displays","7":"product_cat-custom-fabric-displays","8":"product_tag-collapsible-trade-show-displays","9":"product_tag-top-quality-collapsible-trade-show-displays","10":"product_tag-trade-show-displays","11":"product_tag-trade-show-displays-with-led-light","13":"first","14":"instock","15":"shipping-taxable","16":"product-type-simple","17":"entry","18":"content-bg","19":"loop-entry"},"_links":{"self":[{"href":"https:\/\/cmykprinted.com\/fr\/wp-json\/wp\/v2\/product\/2866","targetHints":{"allow":["GET"]}}],"collection":[{"href":"https:\/\/cmykprinted.com\/fr\/wp-json\/wp\/v2\/product"}],"about":[{"href":"https:\/\/cmykprinted.com\/fr\/wp-json\/wp\/v2\/types\/product"}],"version-history":[{"count":1,"href":"https:\/\/cmykprinted.com\/fr\/wp-json\/wp\/v2\/product\/2866\/revisions"}],"predecessor-version":[{"id":2875,"href":"https:\/\/cmykprinted.com\/fr\/wp-json\/wp\/v2\/product\/2866\/revisions\/2875"}],"wp:featuredmedia":[{"embeddable":true,"href":"https:\/\/cmykprinted.com\/fr\/wp-json\/wp\/v2\/media\/2868"}],"wp:attachment":[{"href":"https:\/\/cmykprinted.com\/fr\/wp-json\/wp\/v2\/media?parent=2866"}],"wp:term":[{"taxonomy":"product_cat","embeddable":true,"href":"https:\/\/cmykprinted.com\/fr\/wp-json\/wp\/v2\/product_cat?post=2866"},{"taxonomy":"product_tag","embeddable":true,"href":"https:\/\/cmykprinted.com\/fr\/wp-json\/wp\/v2\/product_tag?post=2866"}],"curies":[{"name":"wp","href":"https:\/\/api.w.org\/{rel}","templated":true}]}}