{"id":2909,"date":"2025-11-10T12:05:36","date_gmt":"2025-11-10T12:05:36","guid":{"rendered":"https:\/\/cmykprinted.com\/?post_type=product&#038;p=2909"},"modified":"2025-11-10T12:05:36","modified_gmt":"2025-11-10T12:05:36","slug":"8x8-pillowcase-backdrop","status":"publish","type":"product","link":"https:\/\/cmykprinted.com\/fr\/produit\/8x8-fond-de-housse-doreiller\/","title":{"rendered":"Housse de coussin 8\u00d78 au meilleur prix d&#039;usine"},"content":{"rendered":"","protected":false},"excerpt":{"rendered":"<p>Vous recherchez le meilleur prix pour un fond de sc\u00e8ne 8\u00d78 en tissu extensible, directement du fabricant\u00a0? Nos fonds de sc\u00e8ne en tissu tendu de haute qualit\u00e9 sont con\u00e7us pour mettre en valeur votre marque lors de salons professionnels, de photomatons et d&#039;\u00e9v\u00e9nements promotionnels. Chaque fond 8\u00d78 est fabriqu\u00e9 en tissu extensible haut de gamme infroissable qui s&#039;adapte parfaitement \u00e0 une structure l\u00e9g\u00e8re en aluminium, cr\u00e9ant ainsi un rendu \u00e9l\u00e9gant et professionnel en quelques minutes.<\/p>\n<p>L&#039;impression en couleur sans raccord garantit des graphismes \u00e9clatants qui mettent en valeur votre logo, votre message ou vos produits avec un impact visuel exceptionnel.<\/p>\n<p>En tant que fabricant direct, nous proposons des prix d&#039;usine sans interm\u00e9diaires, vous offrant ainsi un excellent rapport qualit\u00e9-prix.<\/p>\n<p>Notre \u00e9quipe de production utilise une technologie d&#039;impression par sublimation thermique de pointe pour vous offrir des visuels r\u00e9sistants \u00e0 la d\u00e9coloration, qui conservent leur \u00e9clat \u00e9v\u00e9nement apr\u00e8s \u00e9v\u00e9nement. Facile \u00e0 monter, portable et r\u00e9utilisable, notre fond de sc\u00e8ne 8\u00d78 en forme de taie d&#039;oreiller, au meilleur prix, est la solution id\u00e9ale pour les exposants souhaitant un affichage impressionnant \u00e0 un co\u00fbt comp\u00e9titif. Personnalisez le v\u00f4tre d\u00e8s aujourd&#039;hui et profitez d&#039;une livraison rapide, d&#039;une qualit\u00e9 irr\u00e9prochable et de prix d&#039;usine imbattables.<\/p>\n<div style=\"width: 720px;\" class=\"wp-video\"><!--[if lt IE 9]><script>document.createElement('video');<\/script><![endif]--><br \/>\n<video class=\"wp-video-shortcode\" id=\"video-2909-1\" width=\"720\" height=\"1280\" preload=\"metadata\" controls=\"controls\"><source type=\"video\/mp4\" src=\"https:\/\/cmykprinted.com\/wp-content\/uploads\/2025\/07\/Branded-Backdrops.mp4?_=1\" \/><a href=\"https:\/\/cmykprinted.com\/wp-content\/uploads\/2025\/07\/Branded-Backdrops.mp4\">https:\/\/cmykprinted.com\/wp-content\/uploads\/2025\/07\/Branded-Backdrops.mp4<\/a><\/video><\/div>","protected":false},"featured_media":2911,"template":"","meta":{"_kad_post_transparent":"default","_kad_post_title":"hide","_kad_post_layout":"fullwidth","_kad_post_sidebar_id":"","_kad_post_content_style":"unboxed","_kad_post_vertical_padding":"hide","_kad_post_feature":"hide","_kad_post_feature_position":"","_kad_post_header":false,"_kad_post_footer":false},"product_cat":[97,100],"product_tag":[678,419],"class_list":{"0":"post-2909","1":"product","2":"type-product","3":"status-publish","4":"has-post-thumbnail","6":"product_cat-tension-fabric-displays","7":"product_cat-straight-tension-fabric-backdrop","8":"product_tag-8x8-pillowcase-backdrop","9":"product_tag-pillowcase-backdrop","11":"first","12":"instock","13":"shipping-taxable","14":"product-type-simple","15":"entry","16":"content-bg","17":"loop-entry"},"_links":{"self":[{"href":"https:\/\/cmykprinted.com\/fr\/wp-json\/wp\/v2\/product\/2909","targetHints":{"allow":["GET"]}}],"collection":[{"href":"https:\/\/cmykprinted.com\/fr\/wp-json\/wp\/v2\/product"}],"about":[{"href":"https:\/\/cmykprinted.com\/fr\/wp-json\/wp\/v2\/types\/product"}],"version-history":[{"count":1,"href":"https:\/\/cmykprinted.com\/fr\/wp-json\/wp\/v2\/product\/2909\/revisions"}],"predecessor-version":[{"id":2916,"href":"https:\/\/cmykprinted.com\/fr\/wp-json\/wp\/v2\/product\/2909\/revisions\/2916"}],"wp:featuredmedia":[{"embeddable":true,"href":"https:\/\/cmykprinted.com\/fr\/wp-json\/wp\/v2\/media\/2911"}],"wp:attachment":[{"href":"https:\/\/cmykprinted.com\/fr\/wp-json\/wp\/v2\/media?parent=2909"}],"wp:term":[{"taxonomy":"product_cat","embeddable":true,"href":"https:\/\/cmykprinted.com\/fr\/wp-json\/wp\/v2\/product_cat?post=2909"},{"taxonomy":"product_tag","embeddable":true,"href":"https:\/\/cmykprinted.com\/fr\/wp-json\/wp\/v2\/product_tag?post=2909"}],"curies":[{"name":"wp","href":"https:\/\/api.w.org\/{rel}","templated":true}]}}