{"id":393,"date":"2022-12-03T03:54:51","date_gmt":"2022-12-03T03:54:51","guid":{"rendered":"https:\/\/cmykprinted.com\/?post_type=product&#038;p=393"},"modified":"2022-12-09T09:14:36","modified_gmt":"2022-12-09T09:14:36","slug":"custom-printed-advertising-promotional-beach-feather-flag","status":"publish","type":"product","link":"https:\/\/cmykprinted.com\/fr\/produit\/custom-printed-advertising-promotional-beach-feather-flag\/","title":{"rendered":"Drapeau de plumes de plage promotionnel imprim\u00e9 personnalis\u00e9"},"content":{"rendered":"","protected":false},"excerpt":{"rendered":"<p>Vous essayez de vous d\u00e9marquer dans une rue anim\u00e9e ou lors de salons professionnels bond\u00e9s\u00a0? Les drapeaux personnalis\u00e9s audacieux sont un moyen \u00e9prouv\u00e9 d&#039;attirer l&#039;attention sur notre entreprise lors d&#039;un march\u00e9 de producteurs, d&#039;un salon professionnel ou d&#039;un food truck. Il s&#039;agit \u00e9galement d&#039;un marketing efficace et \u00e0 haute visibilit\u00e9 - une occasion de faire remarquer le nom, le logo et les couleurs de votre entreprise par les pi\u00e9tons et la circulation routi\u00e8re. Nos drapeaux publicitaires sont livr\u00e9s avec tout ce dont vous avez besoin pour \u00eatre install\u00e9s sur une surface plane. Votre colis comprendra un drapeau en polyester r\u00e9sistant aux intemp\u00e9ries, un m\u00e2t en fibre de verre et en aluminium, une base de piquet au sol et m\u00eame un \u00e9tui souple pour un transport facile. Explorez notre galerie de mod\u00e8les de drapeaux personnalis\u00e9s, y compris les options sp\u00e9cifiques \u00e0 l&#039;industrie et \u00e0 l&#039;\u00e9v\u00e9nement. Une fois que vous avez trouv\u00e9 une option pr\u00e9f\u00e9r\u00e9e, ajoutez vos d\u00e9tails personnalis\u00e9s dans notre studio de design en ligne. Nous nous occupons du reste, en imprimant et en exp\u00e9diant votre commande de mani\u00e8re professionnelle. Votre drapeau publicitaire arrivera en beaut\u00e9 et pr\u00eat \u00e0 faire tourner les t\u00eates.<\/p>\n<div style=\"width: 1280px;\" class=\"wp-video\"><!--[if lt IE 9]><script>document.createElement('video');<\/script><![endif]--><br \/>\n<video class=\"wp-video-shortcode\" id=\"video-393-1\" width=\"1280\" height=\"720\" loop autoplay preload=\"auto\" controls=\"controls\"><source type=\"video\/mp4\" src=\"http:\/\/cmykprinted.com\/wp-content\/uploads\/2022\/12\/Custom-Printed-Advertising-Promotional-Beach-Feather-Flag.mp4?_=1\" \/><a href=\"http:\/\/cmykprinted.com\/wp-content\/uploads\/2022\/12\/Custom-Printed-Advertising-Promotional-Beach-Feather-Flag.mp4\">http:\/\/cmykprinted.com\/wp-content\/uploads\/2022\/12\/Custom-Printed-Advertising-Promotional-Beach-Feather-Flag.mp4<\/a><\/video><\/div>","protected":false},"featured_media":394,"template":"","meta":{"_kad_post_transparent":"default","_kad_post_title":"hide","_kad_post_layout":"fullwidth","_kad_post_sidebar_id":"","_kad_post_content_style":"unboxed","_kad_post_vertical_padding":"hide","_kad_post_feature":"hide","_kad_post_feature_position":"","_kad_post_header":false,"_kad_post_footer":false},"product_cat":[64,65,66,67],"product_tag":[107,104,105,106,108],"class_list":{"0":"post-393","1":"product","2":"type-product","3":"status-publish","4":"has-post-thumbnail","6":"product_cat-beach-flags","7":"product_cat-feather-flags-banners","8":"product_cat-rectangular-flags-banners","9":"product_cat-teardrop-flags-banners","10":"product_tag-advertising-beach-flag","11":"product_tag-beach-feather-flag","12":"product_tag-custom-beach-flag","13":"product_tag-custom-beach-flag-feather-flag","14":"product_tag-promotional-beach-flag","16":"first","17":"instock","18":"shipping-taxable","19":"product-type-simple","20":"entry","21":"content-bg","22":"loop-entry"},"_links":{"self":[{"href":"https:\/\/cmykprinted.com\/fr\/wp-json\/wp\/v2\/product\/393","targetHints":{"allow":["GET"]}}],"collection":[{"href":"https:\/\/cmykprinted.com\/fr\/wp-json\/wp\/v2\/product"}],"about":[{"href":"https:\/\/cmykprinted.com\/fr\/wp-json\/wp\/v2\/types\/product"}],"version-history":[{"count":3,"href":"https:\/\/cmykprinted.com\/fr\/wp-json\/wp\/v2\/product\/393\/revisions"}],"predecessor-version":[{"id":433,"href":"https:\/\/cmykprinted.com\/fr\/wp-json\/wp\/v2\/product\/393\/revisions\/433"}],"wp:featuredmedia":[{"embeddable":true,"href":"https:\/\/cmykprinted.com\/fr\/wp-json\/wp\/v2\/media\/394"}],"wp:attachment":[{"href":"https:\/\/cmykprinted.com\/fr\/wp-json\/wp\/v2\/media?parent=393"}],"wp:term":[{"taxonomy":"product_cat","embeddable":true,"href":"https:\/\/cmykprinted.com\/fr\/wp-json\/wp\/v2\/product_cat?post=393"},{"taxonomy":"product_tag","embeddable":true,"href":"https:\/\/cmykprinted.com\/fr\/wp-json\/wp\/v2\/product_tag?post=393"}],"curies":[{"name":"wp","href":"https:\/\/api.w.org\/{rel}","templated":true}]}}