{"id":549,"date":"2022-12-18T09:53:56","date_gmt":"2022-12-18T09:53:56","guid":{"rendered":"https:\/\/cmykprinted.com\/?post_type=product&#038;p=549"},"modified":"2022-12-18T10:09:57","modified_gmt":"2022-12-18T10:09:57","slug":"custom-shop-front-flag-double-sided-wall-flag-banner-sign","status":"publish","type":"product","link":"https:\/\/cmykprinted.com\/fr\/produit\/custom-shop-front-flag-double-sided-wall-flag-banner-sign\/","title":{"rendered":"Panneau de banni\u00e8re de drapeau mural Double face, drapeau avant de magasin personnalis\u00e9"},"content":{"rendered":"","protected":false},"excerpt":{"rendered":"<p>Les drapeaux de devanture de magasin sont un moyen populaire pour les entreprises de faire la publicit\u00e9 de leurs produits ou services aupr\u00e8s des passants. Ils sont g\u00e9n\u00e9ralement mont\u00e9s \u00e0 l&#039;ext\u00e9rieur d&#039;un magasin ou d&#039;un magasin et sont con\u00e7us pour attirer l&#039;attention et attirer l&#039;attention. Les deux principaux types de drapeaux de devanture de magasin sont les styles \u00e0 bords pointus et droits. Les drapeaux \u00e0 bord pointu ont une forme triangulaire et sont g\u00e9n\u00e9ralement mont\u00e9s sur un poteau, tandis que les drapeaux \u00e0 bord droit sont rectangulaires et peuvent \u00eatre mont\u00e9s sur un mur ou suspendus \u00e0 un plafond. Les deux types de drapeaux peuvent \u00eatre imprim\u00e9s avec une illustration simple ou double face, selon les besoins de l&#039;entreprise.<br \/>\nLes drapeaux de devanture de magasin sont g\u00e9n\u00e9ralement en aluminium ou en tissu et peuvent \u00eatre imprim\u00e9s avec une vari\u00e9t\u00e9 de m\u00e9thodes, y compris l&#039;impression num\u00e9rique UV ou la sublimation thermique. L&#039;impression num\u00e9rique UV est un processus qui utilise la lumi\u00e8re UV pour durcir l&#039;encre, ce qui se traduit par une couleur plus durable et une meilleure r\u00e9sistance \u00e0 la d\u00e9coloration et aux dommages caus\u00e9s par l&#039;eau. La sublimation thermique est un processus qui utilise la chaleur pour transf\u00e9rer l&#039;encre d&#039;un papier sp\u00e9cial sur le tissu, ce qui donne une finition \u00e9clatante et nette.<\/p>\n<p>&nbsp;<\/p>","protected":false},"featured_media":550,"template":"","meta":{"_kad_post_transparent":"default","_kad_post_title":"hide","_kad_post_layout":"fullwidth","_kad_post_sidebar_id":"","_kad_post_content_style":"unboxed","_kad_post_vertical_padding":"hide","_kad_post_feature":"hide","_kad_post_feature_position":"","_kad_post_header":false,"_kad_post_footer":false},"product_cat":[79],"product_tag":[131,133,132,129,130],"class_list":{"0":"post-549","1":"product","2":"type-product","3":"status-publish","4":"has-post-thumbnail","6":"product_cat-custom-flags","7":"product_tag-custom-flag","8":"product_tag-custom-wall-sign","9":"product_tag-double-sided-wall-flag","10":"product_tag-shop-front-flag","11":"product_tag-wall-flag","13":"first","14":"instock","15":"shipping-taxable","16":"product-type-simple","17":"entry","18":"content-bg","19":"loop-entry"},"_links":{"self":[{"href":"https:\/\/cmykprinted.com\/fr\/wp-json\/wp\/v2\/product\/549","targetHints":{"allow":["GET"]}}],"collection":[{"href":"https:\/\/cmykprinted.com\/fr\/wp-json\/wp\/v2\/product"}],"about":[{"href":"https:\/\/cmykprinted.com\/fr\/wp-json\/wp\/v2\/types\/product"}],"version-history":[{"count":2,"href":"https:\/\/cmykprinted.com\/fr\/wp-json\/wp\/v2\/product\/549\/revisions"}],"predecessor-version":[{"id":556,"href":"https:\/\/cmykprinted.com\/fr\/wp-json\/wp\/v2\/product\/549\/revisions\/556"}],"wp:featuredmedia":[{"embeddable":true,"href":"https:\/\/cmykprinted.com\/fr\/wp-json\/wp\/v2\/media\/550"}],"wp:attachment":[{"href":"https:\/\/cmykprinted.com\/fr\/wp-json\/wp\/v2\/media?parent=549"}],"wp:term":[{"taxonomy":"product_cat","embeddable":true,"href":"https:\/\/cmykprinted.com\/fr\/wp-json\/wp\/v2\/product_cat?post=549"},{"taxonomy":"product_tag","embeddable":true,"href":"https:\/\/cmykprinted.com\/fr\/wp-json\/wp\/v2\/product_tag?post=549"}],"curies":[{"name":"wp","href":"https:\/\/api.w.org\/{rel}","templated":true}]}}