{"id":590,"date":"2022-12-19T03:28:56","date_gmt":"2022-12-19T03:28:56","guid":{"rendered":"https:\/\/cmykprinted.com\/?post_type=product&#038;p=590"},"modified":"2022-12-19T05:12:32","modified_gmt":"2022-12-19T05:12:32","slug":"high-quality-custom-uv-transfer-stickers-in-various-colors","status":"publish","type":"product","link":"https:\/\/cmykprinted.com\/fr\/produit\/high-quality-custom-uv-transfer-stickers-in-various-colors\/","title":{"rendered":"Autocollants de transfert UV personnalis\u00e9s de haute qualit\u00e9 en diff\u00e9rentes couleurs"},"content":{"rendered":"","protected":false},"excerpt":{"rendered":"<p>Nos autocollants de transfert UV personnalis\u00e9s sont un excellent moyen \u00e9conomique de promouvoir votre entreprise ou d&#039;ajouter une touche personnelle \u00e0 votre v\u00e9hicule. Avec plus de 50 mat\u00e9riaux et couleurs sp\u00e9cialis\u00e9s au choix, y compris des options r\u00e9fl\u00e9chissantes, scintillantes et holographiques, vous pouvez cr\u00e9er l&#039;autocollant de transfert parfait pour r\u00e9pondre \u00e0 vos besoins. Que vous souhaitiez utiliser vos v\u00e9hicules de soci\u00e9t\u00e9 pour faire la publicit\u00e9 de votre entreprise, de votre marque ou de votre groupe, ou que vous souhaitiez simplement ajouter de la personnalit\u00e9 \u00e0 votre voiture, nos d\u00e9calcomanies personnalis\u00e9es sont un excellent choix. De plus, notre outil de conception facile \u00e0 utiliser facilite la cr\u00e9ation d&#039;autocollants personnalis\u00e9s \u00e9piques et mobiles qui vous feront remarquer o\u00f9 que vous alliez. Alors pourquoi attendre ? Commencez \u00e0 concevoir vos autocollants de transfert UV personnalis\u00e9s d\u00e8s aujourd&#039;hui et faites passer vos efforts de marketing au niveau sup\u00e9rieur\u00a0!<\/p>\n<div style=\"width: 1290px;\" class=\"wp-video\"><!--[if lt IE 9]><script>document.createElement('video');<\/script><![endif]--><br \/>\n<video class=\"wp-video-shortcode\" id=\"video-590-1\" width=\"1290\" height=\"726\" loop autoplay preload=\"auto\" controls=\"controls\"><source type=\"video\/mp4\" src=\"http:\/\/cmykprinted.com\/wp-content\/uploads\/2022\/12\/UV-Transfer-Stickers.mp4?_=1\" \/><a href=\"http:\/\/cmykprinted.com\/wp-content\/uploads\/2022\/12\/UV-Transfer-Stickers.mp4\">http:\/\/cmykprinted.com\/wp-content\/uploads\/2022\/12\/UV-Transfer-Stickers.mp4<\/a><\/video><\/div>\n<p>&nbsp;<\/p>","protected":false},"featured_media":591,"template":"","meta":{"_kad_post_transparent":"default","_kad_post_title":"hide","_kad_post_layout":"fullwidth","_kad_post_sidebar_id":"","_kad_post_content_style":"unboxed","_kad_post_vertical_padding":"hide","_kad_post_feature":"hide","_kad_post_feature_position":"","_kad_post_header":false,"_kad_post_footer":false},"product_cat":[101,103],"product_tag":[139,141,140,138],"class_list":{"0":"post-590","1":"product","2":"type-product","3":"status-publish","4":"has-post-thumbnail","6":"product_cat-transfer-stickers","7":"product_cat-uv-transfer-stickers","8":"product_tag-custom-uv-sticker","9":"product_tag-custom-uv-transfer-stickers","10":"product_tag-high-quality-transfer-stickers","11":"product_tag-uv-transfer-stickers","13":"first","14":"instock","15":"shipping-taxable","16":"product-type-simple","17":"entry","18":"content-bg","19":"loop-entry"},"_links":{"self":[{"href":"https:\/\/cmykprinted.com\/fr\/wp-json\/wp\/v2\/product\/590","targetHints":{"allow":["GET"]}}],"collection":[{"href":"https:\/\/cmykprinted.com\/fr\/wp-json\/wp\/v2\/product"}],"about":[{"href":"https:\/\/cmykprinted.com\/fr\/wp-json\/wp\/v2\/types\/product"}],"version-history":[{"count":3,"href":"https:\/\/cmykprinted.com\/fr\/wp-json\/wp\/v2\/product\/590\/revisions"}],"predecessor-version":[{"id":598,"href":"https:\/\/cmykprinted.com\/fr\/wp-json\/wp\/v2\/product\/590\/revisions\/598"}],"wp:featuredmedia":[{"embeddable":true,"href":"https:\/\/cmykprinted.com\/fr\/wp-json\/wp\/v2\/media\/591"}],"wp:attachment":[{"href":"https:\/\/cmykprinted.com\/fr\/wp-json\/wp\/v2\/media?parent=590"}],"wp:term":[{"taxonomy":"product_cat","embeddable":true,"href":"https:\/\/cmykprinted.com\/fr\/wp-json\/wp\/v2\/product_cat?post=590"},{"taxonomy":"product_tag","embeddable":true,"href":"https:\/\/cmykprinted.com\/fr\/wp-json\/wp\/v2\/product_tag?post=590"}],"curies":[{"name":"wp","href":"https:\/\/api.w.org\/{rel}","templated":true}]}}