{"id":599,"date":"2022-12-21T12:16:59","date_gmt":"2022-12-21T12:16:59","guid":{"rendered":"https:\/\/cmykprinted.com\/?post_type=product&#038;p=599"},"modified":"2022-12-21T13:11:04","modified_gmt":"2022-12-21T13:11:04","slug":"outdoor-promotional-custom-rectangular-beach-flags-banners","status":"publish","type":"product","link":"https:\/\/cmykprinted.com\/fr\/produit\/outdoor-promotional-custom-rectangular-beach-flags-banners\/","title":{"rendered":"Banni\u00e8res de drapeaux de plage rectangulaires personnalis\u00e9es promotionnelles ext\u00e9rieures"},"content":{"rendered":"","protected":false},"excerpt":{"rendered":"<p>Contrairement \u00e0 d&#039;autres produits d&#039;impression de drapeaux, le drapeau de plage rectangulaire reste droit et tendu et ne tourne pas avec le vent, m\u00eame dans les conditions les plus venteuses. Cela est d\u00fb \u00e0 sa conception et \u00e0 sa construction uniques, qui utilisent des mat\u00e9riaux l\u00e9gers et durables et une base solide pour maintenir le drapeau droit et stable. Connu \u00e9galement sous le nom de banni\u00e8re volante, ce drapeau de plage particulier est id\u00e9al pour une utilisation dans des situations o\u00f9 il est important d&#039;avoir un texte clairement lisible sur le mat\u00e9riel publicitaire. Ces drapeaux imprim\u00e9s sont une forme populaire de publicit\u00e9 pour les salons professionnels, les \u00e9v\u00e9nements et autres rassemblements en plein air, et conviennent \u00e0 une utilisation \u00e0 l&#039;int\u00e9rieur et \u00e0 l&#039;ext\u00e9rieur. L&#039;option double face, dans laquelle le drapeau est imprim\u00e9 des deux c\u00f4t\u00e9s, est disponible pour un impact et une visibilit\u00e9 maximum, et est particuli\u00e8rement utile dans les situations o\u00f9 le drapeau sera vu sous plusieurs angles. Pour plus d&#039;informations sur les diff\u00e9rentes tailles et bases disponibles pour ces drapeaux, veuillez consulter l&#039;onglet sp\u00e9cifications.<\/p>\n<div style=\"width: 1290px;\" class=\"wp-video\"><!--[if lt IE 9]><script>document.createElement('video');<\/script><![endif]--><br \/>\n<video class=\"wp-video-shortcode\" id=\"video-599-1\" width=\"1290\" height=\"726\" loop autoplay preload=\"auto\" controls=\"controls\"><source type=\"video\/mp4\" src=\"http:\/\/cmykprinted.com\/wp-content\/uploads\/2022\/12\/Rectangular-Beach-Flags.mp4?_=1\" \/><a href=\"http:\/\/cmykprinted.com\/wp-content\/uploads\/2022\/12\/Rectangular-Beach-Flags.mp4\">http:\/\/cmykprinted.com\/wp-content\/uploads\/2022\/12\/Rectangular-Beach-Flags.mp4<\/a><\/video><\/div>","protected":false},"featured_media":600,"template":"","meta":{"_kad_post_transparent":"default","_kad_post_title":"hide","_kad_post_layout":"fullwidth","_kad_post_sidebar_id":"","_kad_post_content_style":"unboxed","_kad_post_vertical_padding":"hide","_kad_post_feature":"hide","_kad_post_feature_position":"","_kad_post_header":false,"_kad_post_footer":false},"product_cat":[64,66],"product_tag":[144,142,146,143,145],"class_list":{"0":"post-599","1":"product","2":"type-product","3":"status-publish","4":"has-post-thumbnail","6":"product_cat-beach-flags","7":"product_cat-rectangular-flags-banners","8":"product_tag-custom-beach-flags","9":"product_tag-outdoor-beach-flags","10":"product_tag-outdoor-promotional-beach-banners","11":"product_tag-promotional-beach-flags","12":"product_tag-rectangular-beach-flags","14":"first","15":"instock","16":"shipping-taxable","17":"product-type-simple","18":"entry","19":"content-bg","20":"loop-entry"},"_links":{"self":[{"href":"https:\/\/cmykprinted.com\/fr\/wp-json\/wp\/v2\/product\/599","targetHints":{"allow":["GET"]}}],"collection":[{"href":"https:\/\/cmykprinted.com\/fr\/wp-json\/wp\/v2\/product"}],"about":[{"href":"https:\/\/cmykprinted.com\/fr\/wp-json\/wp\/v2\/types\/product"}],"version-history":[{"count":5,"href":"https:\/\/cmykprinted.com\/fr\/wp-json\/wp\/v2\/product\/599\/revisions"}],"predecessor-version":[{"id":611,"href":"https:\/\/cmykprinted.com\/fr\/wp-json\/wp\/v2\/product\/599\/revisions\/611"}],"wp:featuredmedia":[{"embeddable":true,"href":"https:\/\/cmykprinted.com\/fr\/wp-json\/wp\/v2\/media\/600"}],"wp:attachment":[{"href":"https:\/\/cmykprinted.com\/fr\/wp-json\/wp\/v2\/media?parent=599"}],"wp:term":[{"taxonomy":"product_cat","embeddable":true,"href":"https:\/\/cmykprinted.com\/fr\/wp-json\/wp\/v2\/product_cat?post=599"},{"taxonomy":"product_tag","embeddable":true,"href":"https:\/\/cmykprinted.com\/fr\/wp-json\/wp\/v2\/product_tag?post=599"}],"curies":[{"name":"wp","href":"https:\/\/api.w.org\/{rel}","templated":true}]}}