{"id":624,"date":"2022-12-22T03:01:03","date_gmt":"2022-12-22T03:01:03","guid":{"rendered":"https:\/\/cmykprinted.com\/?post_type=product&#038;p=624"},"modified":"2022-12-22T03:51:54","modified_gmt":"2022-12-22T03:51:54","slug":"custom-printed-hand-flags-handheld-stick-flag-at-cheap-price","status":"publish","type":"product","link":"https:\/\/cmykprinted.com\/fr\/produit\/custom-printed-hand-flags-handheld-stick-flag-at-cheap-price\/","title":{"rendered":"Drapeaux \u00e0 main imprim\u00e9s personnalis\u00e9s, drapeau \u00e0 main \u00e0 prix bon march\u00e9"},"content":{"rendered":"","protected":false},"excerpt":{"rendered":"<p>Les drapeaux \u00e0 main imprim\u00e9s personnalis\u00e9s sont un excellent moyen de faire passer votre message lors de tout \u00e9v\u00e9nement ou promotion. Ils sont abordables, mais ils ont du punch quand il s&#039;agit d&#039;attirer l&#039;attention. Que vous assistiez \u00e0 un salon professionnel, \u00e0 un match sportif, \u00e0 un d\u00e9fil\u00e9, \u00e0 une conf\u00e9rence ou \u00e0 tout autre type d&#039;\u00e9v\u00e9nement, les drapeaux \u00e0 main imprim\u00e9s personnalis\u00e9s sont un excellent moyen de montrer votre marque ou votre message. Ils sont fabriqu\u00e9s en tissu polyester durable et sont imprim\u00e9s par sublimation thermique, ce qui garantit que les couleurs sont fortes et \u00e9clatantes. Les drapeaux sont imprim\u00e9s \u00e0 l&#039;envers, ce qui signifie que l&#039;image est visible d&#039;un c\u00f4t\u00e9 et que l&#039;autre est une image miroir. Ils sont finis avec une cheville en plastique ou en bois et sont attach\u00e9s au b\u00e2ton \u00e0 l&#039;aide d&#039;un manchon de drapeau. Les drapeaux \u00e0 main imprim\u00e9s personnalis\u00e9s ne sont pas seulement un excellent moyen de promouvoir votre marque ou votre message, mais ils sont \u00e9galement un moyen amusant et interactif de dialoguer avec votre public. Alors pourquoi attendre ? Obtenez vos drapeaux \u00e0 main imprim\u00e9s personnalis\u00e9s aujourd&#039;hui et regardez votre message prendre son envol\u00a0!<\/p>\n<div style=\"width: 1290px;\" class=\"wp-video\"><!--[if lt IE 9]><script>document.createElement('video');<\/script><![endif]--><br \/>\n<video class=\"wp-video-shortcode\" id=\"video-624-1\" width=\"1290\" height=\"726\" loop autoplay preload=\"auto\" controls=\"controls\"><source type=\"video\/mp4\" src=\"http:\/\/cmykprinted.com\/wp-content\/uploads\/2022\/12\/Custom-Printed-Hand-Flags.mp4?_=1\" \/><a href=\"http:\/\/cmykprinted.com\/wp-content\/uploads\/2022\/12\/Custom-Printed-Hand-Flags.mp4\">http:\/\/cmykprinted.com\/wp-content\/uploads\/2022\/12\/Custom-Printed-Hand-Flags.mp4<\/a><\/video><\/div>\n<p>&nbsp;<\/p>","protected":false},"featured_media":625,"template":"","meta":{"_kad_post_transparent":"default","_kad_post_title":"hide","_kad_post_layout":"fullwidth","_kad_post_sidebar_id":"","_kad_post_content_style":"unboxed","_kad_post_vertical_padding":"hide","_kad_post_feature":"hide","_kad_post_feature_position":"","_kad_post_header":false,"_kad_post_footer":false},"product_cat":[79],"product_tag":[153,155,152,154],"class_list":{"0":"post-624","1":"product","2":"type-product","3":"status-publish","4":"has-post-thumbnail","6":"product_cat-custom-flags","7":"product_tag-custom-hand-flags","8":"product_tag-custom-handheld-flag","9":"product_tag-custom-printed-hand-flags","10":"product_tag-handheld-stick-flag","12":"first","13":"instock","14":"shipping-taxable","15":"product-type-simple","16":"entry","17":"content-bg","18":"loop-entry"},"_links":{"self":[{"href":"https:\/\/cmykprinted.com\/fr\/wp-json\/wp\/v2\/product\/624","targetHints":{"allow":["GET"]}}],"collection":[{"href":"https:\/\/cmykprinted.com\/fr\/wp-json\/wp\/v2\/product"}],"about":[{"href":"https:\/\/cmykprinted.com\/fr\/wp-json\/wp\/v2\/types\/product"}],"version-history":[{"count":4,"href":"https:\/\/cmykprinted.com\/fr\/wp-json\/wp\/v2\/product\/624\/revisions"}],"predecessor-version":[{"id":635,"href":"https:\/\/cmykprinted.com\/fr\/wp-json\/wp\/v2\/product\/624\/revisions\/635"}],"wp:featuredmedia":[{"embeddable":true,"href":"https:\/\/cmykprinted.com\/fr\/wp-json\/wp\/v2\/media\/625"}],"wp:attachment":[{"href":"https:\/\/cmykprinted.com\/fr\/wp-json\/wp\/v2\/media?parent=624"}],"wp:term":[{"taxonomy":"product_cat","embeddable":true,"href":"https:\/\/cmykprinted.com\/fr\/wp-json\/wp\/v2\/product_cat?post=624"},{"taxonomy":"product_tag","embeddable":true,"href":"https:\/\/cmykprinted.com\/fr\/wp-json\/wp\/v2\/product_tag?post=624"}],"curies":[{"name":"wp","href":"https:\/\/api.w.org\/{rel}","templated":true}]}}