{"id":644,"date":"2022-12-22T07:18:12","date_gmt":"2022-12-22T07:18:12","guid":{"rendered":"https:\/\/cmykprinted.com\/?post_type=product&#038;p=644"},"modified":"2022-12-22T07:55:34","modified_gmt":"2022-12-22T07:55:34","slug":"custom-table-runners-table-cover-trade-show-tablecloth","status":"publish","type":"product","link":"https:\/\/cmykprinted.com\/fr\/produit\/custom-table-runners-table-cover-trade-show-tablecloth\/","title":{"rendered":"Chemins de table personnalis\u00e9s Nappe de table pour salon professionnel"},"content":{"rendered":"","protected":false},"excerpt":{"rendered":"<p>Si vous avez besoin de chemins de table personnalis\u00e9s pour vos \u00e9v\u00e9nements professionnels ou personnels, nous avons ce qu&#039;il vous faut. Nos nappes de haute qualit\u00e9 sont parfaites pour tout, des salons professionnels aux collectes de fonds, et elles sont con\u00e7ues pour durer. Fabriqu\u00e9s en tissu polyester de qualit\u00e9 sup\u00e9rieure et dot\u00e9s d&#039;une impression par sublimation thermique 1440 DPI, ces chemins de table imprim\u00e9s personnalis\u00e9s ne manqueront pas de faire une impression durable. Utilisez-les pour promouvoir votre marque ou votre logo lors de conf\u00e9rences, d&#039;\u00e9v\u00e9nements ou de salons professionnels, ou ajoutez-les simplement \u00e0 une couverture de table solide pour une touche d&#039;\u00e9l\u00e9gance et de d\u00e9coration. Disponible dans des dimensions pr\u00e9d\u00e9finies de 2&#039;x7.5\u2032, vous pouvez m\u00eame opter pour des tailles personnalis\u00e9es pour r\u00e9pondre parfaitement \u00e0 vos besoins. Faites-nous confiance en tant que votre source fiable pour les chemins de table personnalis\u00e9s qui annonceront efficacement votre entreprise et r\u00e9sisteront \u00e0 l&#039;\u00e9preuve du temps.<\/p>","protected":false},"featured_media":647,"template":"","meta":{"_kad_post_transparent":"default","_kad_post_title":"hide","_kad_post_layout":"fullwidth","_kad_post_sidebar_id":"","_kad_post_content_style":"unboxed","_kad_post_vertical_padding":"hide","_kad_post_feature":"hide","_kad_post_feature_position":"","_kad_post_header":false,"_kad_post_footer":false},"product_cat":[80,82],"product_tag":[157,156,158,159],"class_list":{"0":"post-644","1":"product","2":"type-product","3":"status-publish","4":"has-post-thumbnail","6":"product_cat-custom-tablecloth","7":"product_cat-custom-table-runner","8":"product_tag-custom-table-cover","9":"product_tag-custom-table-runners","10":"product_tag-custom-tablecloth","11":"product_tag-trade-show-tablecloth","13":"first","14":"instock","15":"shipping-taxable","16":"product-type-simple","17":"entry","18":"content-bg","19":"loop-entry"},"_links":{"self":[{"href":"https:\/\/cmykprinted.com\/fr\/wp-json\/wp\/v2\/product\/644","targetHints":{"allow":["GET"]}}],"collection":[{"href":"https:\/\/cmykprinted.com\/fr\/wp-json\/wp\/v2\/product"}],"about":[{"href":"https:\/\/cmykprinted.com\/fr\/wp-json\/wp\/v2\/types\/product"}],"version-history":[{"count":2,"href":"https:\/\/cmykprinted.com\/fr\/wp-json\/wp\/v2\/product\/644\/revisions"}],"predecessor-version":[{"id":646,"href":"https:\/\/cmykprinted.com\/fr\/wp-json\/wp\/v2\/product\/644\/revisions\/646"}],"wp:featuredmedia":[{"embeddable":true,"href":"https:\/\/cmykprinted.com\/fr\/wp-json\/wp\/v2\/media\/647"}],"wp:attachment":[{"href":"https:\/\/cmykprinted.com\/fr\/wp-json\/wp\/v2\/media?parent=644"}],"wp:term":[{"taxonomy":"product_cat","embeddable":true,"href":"https:\/\/cmykprinted.com\/fr\/wp-json\/wp\/v2\/product_cat?post=644"},{"taxonomy":"product_tag","embeddable":true,"href":"https:\/\/cmykprinted.com\/fr\/wp-json\/wp\/v2\/product_tag?post=644"}],"curies":[{"name":"wp","href":"https:\/\/api.w.org\/{rel}","templated":true}]}}