{"id":654,"date":"2022-12-22T08:00:58","date_gmt":"2022-12-22T08:00:58","guid":{"rendered":"https:\/\/cmykprinted.com\/?post_type=product&#038;p=654"},"modified":"2022-12-22T09:11:25","modified_gmt":"2022-12-22T09:11:25","slug":"custom-size-outdoor-vinyl-pvc-banners-with-free-printing","status":"publish","type":"product","link":"https:\/\/cmykprinted.com\/fr\/produit\/custom-size-outdoor-vinyl-pvc-banners-with-free-printing\/","title":{"rendered":"Banni\u00e8res ext\u00e9rieures en vinyle PVC sur mesure avec impression gratuite"},"content":{"rendered":"","protected":false},"excerpt":{"rendered":"<p>Les banni\u00e8res ext\u00e9rieures en vinyle PVC sont un moyen tr\u00e8s efficace d&#039;attirer l&#039;attention sur votre site et de transmettre des informations importantes au trafic de passage. Ils sont imprim\u00e9s sur une s\u00e9lection de mat\u00e9riaux haut de gamme r\u00e9sistants aux intemp\u00e9ries et compl\u00e9t\u00e9s par des ourlets et des \u0153illets pour accrocher, garantissant qu&#039;ils offrent des r\u00e9sultats durables et \u00e9conomiques. Dans notre entreprise, nous pouvons recommander les meilleurs mat\u00e9riaux pour vos besoins sp\u00e9cifiques. Si votre banni\u00e8re doit \u00eatre utilis\u00e9e comme affichage ext\u00e9rieur autoportant, nous pouvons vous recommander d&#039;utiliser des banni\u00e8res Mesh PVC, qui offrent une plus grande r\u00e9sistance au vent. De plus, nous proposons \u00e9galement des banni\u00e8res sans PVC plus \u00e9cologiques pour ceux qui recherchent une option plus durable.<\/p>\n<div style=\"width: 1290px;\" class=\"wp-video\"><!--[if lt IE 9]><script>document.createElement('video');<\/script><![endif]--><br \/>\n<video class=\"wp-video-shortcode\" id=\"video-654-1\" width=\"1290\" height=\"726\" loop autoplay preload=\"auto\" controls=\"controls\"><source type=\"video\/mp4\" src=\"http:\/\/cmykprinted.com\/wp-content\/uploads\/2022\/12\/vinyl-PVC-banners.mp4?_=1\" \/><a href=\"http:\/\/cmykprinted.com\/wp-content\/uploads\/2022\/12\/vinyl-PVC-banners.mp4\">http:\/\/cmykprinted.com\/wp-content\/uploads\/2022\/12\/vinyl-PVC-banners.mp4<\/a><\/video><\/div>\n<p>&nbsp;<\/p>","protected":false},"featured_media":655,"template":"","meta":{"_kad_post_transparent":"default","_kad_post_title":"hide","_kad_post_layout":"fullwidth","_kad_post_sidebar_id":"","_kad_post_content_style":"unboxed","_kad_post_vertical_padding":"hide","_kad_post_feature":"hide","_kad_post_feature_position":"","_kad_post_header":false,"_kad_post_footer":false},"product_cat":[85,90,91,89],"product_tag":[161,162,163,164,160],"class_list":{"0":"post-654","1":"product","2":"type-product","3":"status-publish","4":"has-post-thumbnail","6":"product_cat-outdoor-vinyl-banners","7":"product_cat-glossy-pvc-banners","8":"product_cat-matte-vinyl-banners","9":"product_cat-pvc-banners","10":"product_tag-custom-vinyl-banners","11":"product_tag-outdoor-pvc-banners","12":"product_tag-outdoor-vinyl-banners","13":"product_tag-vinyl-banners-printing","14":"product_tag-vinyl-pvc-banners","16":"first","17":"instock","18":"shipping-taxable","19":"product-type-simple","20":"entry","21":"content-bg","22":"loop-entry"},"_links":{"self":[{"href":"https:\/\/cmykprinted.com\/fr\/wp-json\/wp\/v2\/product\/654","targetHints":{"allow":["GET"]}}],"collection":[{"href":"https:\/\/cmykprinted.com\/fr\/wp-json\/wp\/v2\/product"}],"about":[{"href":"https:\/\/cmykprinted.com\/fr\/wp-json\/wp\/v2\/types\/product"}],"version-history":[{"count":2,"href":"https:\/\/cmykprinted.com\/fr\/wp-json\/wp\/v2\/product\/654\/revisions"}],"predecessor-version":[{"id":663,"href":"https:\/\/cmykprinted.com\/fr\/wp-json\/wp\/v2\/product\/654\/revisions\/663"}],"wp:featuredmedia":[{"embeddable":true,"href":"https:\/\/cmykprinted.com\/fr\/wp-json\/wp\/v2\/media\/655"}],"wp:attachment":[{"href":"https:\/\/cmykprinted.com\/fr\/wp-json\/wp\/v2\/media?parent=654"}],"wp:term":[{"taxonomy":"product_cat","embeddable":true,"href":"https:\/\/cmykprinted.com\/fr\/wp-json\/wp\/v2\/product_cat?post=654"},{"taxonomy":"product_tag","embeddable":true,"href":"https:\/\/cmykprinted.com\/fr\/wp-json\/wp\/v2\/product_tag?post=654"}],"curies":[{"name":"wp","href":"https:\/\/api.w.org\/{rel}","templated":true}]}}