{"id":682,"date":"2022-12-29T09:44:31","date_gmt":"2022-12-29T09:44:31","guid":{"rendered":"https:\/\/cmykprinted.com\/?post_type=product&#038;p=682"},"modified":"2022-12-29T10:03:18","modified_gmt":"2022-12-29T10:03:18","slug":"custom-3d-metal-transfer-sticker-metallic-logo-label-sticker","status":"publish","type":"product","link":"https:\/\/cmykprinted.com\/fr\/produit\/custom-3d-metal-transfer-sticker-metallic-logo-label-sticker\/","title":{"rendered":"Autocollant de transfert de m\u00e9tal 3D personnalis\u00e9, autocollant d&#039;\u00e9tiquette de logo m\u00e9tallique"},"content":{"rendered":"","protected":false},"excerpt":{"rendered":"<p>Les autocollants de transfert de m\u00e9tal 3D sont un type de solution d&#039;\u00e9tiquetage qui implique l&#039;utilisation d&#039;une feuille de nickel tr\u00e8s r\u00e9sistante pour cr\u00e9er un effet tridimensionnel. Ces autocollants sont con\u00e7us pour donner un aspect \u00ab sans \u00e9tiquette \u00bb en \u00e9liminant l&#039;exc\u00e8s de mati\u00e8re du design, ce qui donne une apparence plus raffin\u00e9e et professionnelle. Ils sont souvent utilis\u00e9s comme \u00e9tiquettes de produits haut de gamme ou pour la vente au d\u00e9tail dans les magasins en ligne.<br \/>\nPour cr\u00e9er des autocollants de transfert de m\u00e9tal 3D, le motif est d&#039;abord imprim\u00e9 sur une feuille de nickel \u00e0 l&#039;aide d&#039;un proc\u00e9d\u00e9 d&#039;impression sp\u00e9cialis\u00e9. Le mat\u00e9riau en exc\u00e8s est ensuite retir\u00e9, ne laissant que les \u00e9l\u00e9ments en relief de la conception. L&#039;autocollant r\u00e9sultant est ensuite recouvert d&#039;une couche d&#039;adh\u00e9sif et peut \u00eatre appliqu\u00e9 sur une vari\u00e9t\u00e9 de surfaces, y compris le plastique, le m\u00e9tal et le papier.<br \/>\nL&#039;un des avantages de l&#039;utilisation d&#039;autocollants de transfert de m\u00e9tal 3D est leur durabilit\u00e9. Le nickel est un mat\u00e9riau solide et r\u00e9sistant \u00e0 la corrosion, de sorte que ces autocollants peuvent r\u00e9sister \u00e0 l&#039;usure et conserver leur qualit\u00e9 au fil du temps. Ils sont \u00e9galement r\u00e9sistants \u00e0 la d\u00e9coloration et \u00e0 la d\u00e9coloration, ce qui en fait une solution d&#039;\u00e9tiquetage durable. De plus, l&#039;effet tridimensionnel de ces autocollants peut ajouter un \u00e9l\u00e9ment unique et accrocheur \u00e0 l&#039;emballage ou \u00e0 la marque de votre produit.<\/p>\n<div style=\"width: 1280px;\" class=\"wp-video\"><!--[if lt IE 9]><script>document.createElement('video');<\/script><![endif]--><br \/>\n<video class=\"wp-video-shortcode\" id=\"video-682-1\" width=\"1280\" height=\"720\" loop autoplay preload=\"metadata\" controls=\"controls\"><source type=\"video\/mp4\" src=\"http:\/\/cmykprinted.com\/wp-content\/uploads\/2022\/12\/Metal-Transfer-Sticker.mp4?_=1\" \/><a href=\"http:\/\/cmykprinted.com\/wp-content\/uploads\/2022\/12\/Metal-Transfer-Sticker.mp4\">http:\/\/cmykprinted.com\/wp-content\/uploads\/2022\/12\/Metal-Transfer-Sticker.mp4<\/a><\/video><\/div>\n<p>&nbsp;<\/p>","protected":false},"featured_media":683,"template":"","meta":{"_kad_post_transparent":"default","_kad_post_title":"hide","_kad_post_layout":"fullwidth","_kad_post_sidebar_id":"","_kad_post_content_style":"unboxed","_kad_post_vertical_padding":"hide","_kad_post_feature":"hide","_kad_post_feature_position":"","_kad_post_header":false,"_kad_post_footer":false},"product_cat":[101,102],"product_tag":[174,173,171,172],"class_list":{"0":"post-682","1":"product","2":"type-product","3":"status-publish","4":"has-post-thumbnail","6":"product_cat-transfer-stickers","7":"product_cat-metal-transfer-stickers","8":"product_tag-3d-metal-transfer-sticker","9":"product_tag-custom-metal-transfer-sticker","10":"product_tag-metal-transfer-sticker","11":"product_tag-metallic-logo-label-sticker","13":"first","14":"instock","15":"shipping-taxable","16":"product-type-simple","17":"entry","18":"content-bg","19":"loop-entry"},"_links":{"self":[{"href":"https:\/\/cmykprinted.com\/fr\/wp-json\/wp\/v2\/product\/682","targetHints":{"allow":["GET"]}}],"collection":[{"href":"https:\/\/cmykprinted.com\/fr\/wp-json\/wp\/v2\/product"}],"about":[{"href":"https:\/\/cmykprinted.com\/fr\/wp-json\/wp\/v2\/types\/product"}],"version-history":[{"count":2,"href":"https:\/\/cmykprinted.com\/fr\/wp-json\/wp\/v2\/product\/682\/revisions"}],"predecessor-version":[{"id":691,"href":"https:\/\/cmykprinted.com\/fr\/wp-json\/wp\/v2\/product\/682\/revisions\/691"}],"wp:featuredmedia":[{"embeddable":true,"href":"https:\/\/cmykprinted.com\/fr\/wp-json\/wp\/v2\/media\/683"}],"wp:attachment":[{"href":"https:\/\/cmykprinted.com\/fr\/wp-json\/wp\/v2\/media?parent=682"}],"wp:term":[{"taxonomy":"product_cat","embeddable":true,"href":"https:\/\/cmykprinted.com\/fr\/wp-json\/wp\/v2\/product_cat?post=682"},{"taxonomy":"product_tag","embeddable":true,"href":"https:\/\/cmykprinted.com\/fr\/wp-json\/wp\/v2\/product_tag?post=682"}],"curies":[{"name":"wp","href":"https:\/\/api.w.org\/{rel}","templated":true}]}}