{"id":692,"date":"2022-12-29T10:09:13","date_gmt":"2022-12-29T10:09:13","guid":{"rendered":"https:\/\/cmykprinted.com\/?post_type=product&#038;p=692"},"modified":"2022-12-29T10:44:20","modified_gmt":"2022-12-29T10:44:20","slug":"double-sided-printed-advertising-beach-teardrop-flags-banner","status":"publish","type":"product","link":"https:\/\/cmykprinted.com\/fr\/produit\/double-sided-printed-advertising-beach-teardrop-flags-banner\/","title":{"rendered":"Banni\u00e8re publicitaire imprim\u00e9e recto verso en forme de larme pour la plage"},"content":{"rendered":"","protected":false},"excerpt":{"rendered":"<p>Les drapeaux en forme de larme, \u00e9galement connus sous le nom de banni\u00e8res de drapeau en forme de larme ou de drapeaux en forme de larme, sont un type de grand drapeau en forme de larme utilis\u00e9 \u00e0 des fins de publicit\u00e9 et de marketing. Ils sont fabriqu\u00e9s en imprimant un motif personnalis\u00e9 sur le drapeau \u00e0 l&#039;aide d&#039;un processus de sublimation thermique, ce qui permet des graphismes \u00e9clatants et de haute qualit\u00e9. Les drapeaux sont attach\u00e9s \u00e0 un m\u00e2t l\u00e9ger en aluminium et fibre de verre, qui est pliable et aide \u00e0 maintenir le drapeau tendu m\u00eame dans des conditions venteuses. Le m\u00e2t peut \u00eatre soit plant\u00e9 dans le sol, soit plac\u00e9 sur une hampe de drapeau, selon les besoins et les pr\u00e9f\u00e9rences sp\u00e9cifiques de l&#039;utilisateur.<br \/>\nL&#039;utilisation d&#039;une banni\u00e8re en forme de larme devant votre magasin ou votre entreprise peut \u00eatre un moyen efficace d&#039;attirer l&#039;attention de clients potentiels et d&#039;autres passants. Ces drapeaux sont accrocheurs et peuvent aider \u00e0 promouvoir efficacement votre entreprise et ses produits ou services. Les banni\u00e8res de drapeau en forme de larme sont \u00e9galement polyvalentes et peuvent \u00eatre utilis\u00e9es dans une vari\u00e9t\u00e9 de contextes, y compris les salons professionnels, les \u00e9v\u00e9nements en plein air et les devantures de magasins. En choisissant un design personnalis\u00e9 qui refl\u00e8te fid\u00e8lement l&#039;image de marque et le message de votre entreprise, vous pouvez communiquer efficacement votre message et faire une forte impression sur votre public cible.<\/p>\n<div style=\"width: 1280px;\" class=\"wp-video\"><!--[if lt IE 9]><script>document.createElement('video');<\/script><![endif]--><br \/>\n<video class=\"wp-video-shortcode\" id=\"video-692-1\" width=\"1280\" height=\"720\" loop autoplay preload=\"metadata\" controls=\"controls\"><source type=\"video\/mp4\" src=\"http:\/\/cmykprinted.com\/wp-content\/uploads\/2022\/12\/Beach-Teardrop-Flags-Banner.mp4?_=1\" \/><a href=\"http:\/\/cmykprinted.com\/wp-content\/uploads\/2022\/12\/Beach-Teardrop-Flags-Banner.mp4\">http:\/\/cmykprinted.com\/wp-content\/uploads\/2022\/12\/Beach-Teardrop-Flags-Banner.mp4<\/a><\/video><\/div>","protected":false},"featured_media":693,"template":"","meta":{"_kad_post_transparent":"default","_kad_post_title":"hide","_kad_post_layout":"fullwidth","_kad_post_sidebar_id":"","_kad_post_content_style":"unboxed","_kad_post_vertical_padding":"hide","_kad_post_feature":"hide","_kad_post_feature_position":"","_kad_post_header":false,"_kad_post_footer":false},"product_cat":[64,67],"product_tag":[177,176,175,178],"class_list":{"0":"post-692","1":"product","2":"type-product","3":"status-publish","4":"has-post-thumbnail","6":"product_cat-beach-flags","7":"product_cat-teardrop-flags-banners","8":"product_tag-advertising-beach-flags","9":"product_tag-beach-teardrop-banner","10":"product_tag-beach-teardrop-flags","11":"product_tag-teardrop-flags","13":"first","14":"instock","15":"shipping-taxable","16":"product-type-simple","17":"entry","18":"content-bg","19":"loop-entry"},"_links":{"self":[{"href":"https:\/\/cmykprinted.com\/fr\/wp-json\/wp\/v2\/product\/692","targetHints":{"allow":["GET"]}}],"collection":[{"href":"https:\/\/cmykprinted.com\/fr\/wp-json\/wp\/v2\/product"}],"about":[{"href":"https:\/\/cmykprinted.com\/fr\/wp-json\/wp\/v2\/types\/product"}],"version-history":[{"count":4,"href":"https:\/\/cmykprinted.com\/fr\/wp-json\/wp\/v2\/product\/692\/revisions"}],"predecessor-version":[{"id":703,"href":"https:\/\/cmykprinted.com\/fr\/wp-json\/wp\/v2\/product\/692\/revisions\/703"}],"wp:featuredmedia":[{"embeddable":true,"href":"https:\/\/cmykprinted.com\/fr\/wp-json\/wp\/v2\/media\/693"}],"wp:attachment":[{"href":"https:\/\/cmykprinted.com\/fr\/wp-json\/wp\/v2\/media?parent=692"}],"wp:term":[{"taxonomy":"product_cat","embeddable":true,"href":"https:\/\/cmykprinted.com\/fr\/wp-json\/wp\/v2\/product_cat?post=692"},{"taxonomy":"product_tag","embeddable":true,"href":"https:\/\/cmykprinted.com\/fr\/wp-json\/wp\/v2\/product_tag?post=692"}],"curies":[{"name":"wp","href":"https:\/\/api.w.org\/{rel}","templated":true}]}}