{"id":704,"date":"2022-12-29T12:00:11","date_gmt":"2022-12-29T12:00:11","guid":{"rendered":"https:\/\/cmykprinted.com\/?post_type=product&#038;p=704"},"modified":"2022-12-29T15:39:11","modified_gmt":"2022-12-29T15:39:11","slug":"40mm-hexagonal-folding-aluminum-frame-10x15ft-pop-up-tent","status":"publish","type":"product","link":"https:\/\/cmykprinted.com\/fr\/produit\/40mm-hexagonal-folding-aluminum-frame-10x15ft-pop-up-tent\/","title":{"rendered":"Tente pliante hexagonale en aluminium de 40 mm, 3 x 4,6 m"},"content":{"rendered":"","protected":false},"excerpt":{"rendered":"<p>Cet auvent escamotable a un cadre plus solide en acier am\u00e9lior\u00e9, avec des barres de ferme plus grandes et une traverse renforc\u00e9e qui mesure 26 x 13 pour plus de solidit\u00e9 et une meilleure r\u00e9sistance au vent. Les pieds en acier ont deux trous perc\u00e9s pour une stabilit\u00e9 accrue. L&#039;auvent lui-m\u00eame mesure 10 \u00d7 15 pieds et offre une ombre g\u00e9n\u00e9reuse de 150 pieds carr\u00e9s, adapt\u00e9e aux rassemblements de 8 \u00e0 13 personnes. Il peut \u00eatre utilis\u00e9 dans des conditions ensoleill\u00e9es et pluvieuses. L&#039;installation de la verri\u00e8re est facile, ne n\u00e9cessite aucun outil et ne prend que quelques minutes pour une seule personne. Les tubes de support peuvent \u00eatre ajust\u00e9s \u00e0 trois niveaux diff\u00e9rents pour plus de polyvalence. L&#039;auvent est en polyester 300D avec un rev\u00eatement PU qui bloque environ 99% de rayons UV et poss\u00e8de des bandes imperm\u00e9ables. L&#039;auvent est livr\u00e9 avec un ensemble complet d&#039;accessoires, y compris un sac \u00e0 roulettes, des sacs de sable, des prises de terre, des cordes en nylon et des sangles. Ces accessoires, ainsi que les pi\u00e8ces de rechange, sont disponibles \u00e0 vie.<\/p>\n<div style=\"width: 1280px;\" class=\"wp-video\"><!--[if lt IE 9]><script>document.createElement('video');<\/script><![endif]--><br \/>\n<video class=\"wp-video-shortcode\" id=\"video-704-1\" width=\"1280\" height=\"720\" loop autoplay preload=\"auto\" controls=\"controls\"><source type=\"video\/mp4\" src=\"http:\/\/cmykprinted.com\/wp-content\/uploads\/2022\/12\/10x15ft-Pop-up-Tent.mp4?_=1\" \/><a href=\"http:\/\/cmykprinted.com\/wp-content\/uploads\/2022\/12\/10x15ft-Pop-up-Tent.mp4\">http:\/\/cmykprinted.com\/wp-content\/uploads\/2022\/12\/10x15ft-Pop-up-Tent.mp4<\/a><\/video><\/div>","protected":false},"featured_media":705,"template":"","meta":{"_kad_post_transparent":"default","_kad_post_title":"hide","_kad_post_layout":"fullwidth","_kad_post_sidebar_id":"","_kad_post_content_style":"unboxed","_kad_post_vertical_padding":"hide","_kad_post_feature":"hide","_kad_post_feature_position":"","_kad_post_header":false,"_kad_post_footer":false},"product_cat":[68,71,69],"product_tag":[179,180,182,181],"class_list":{"0":"post-704","1":"product","2":"type-product","3":"status-publish","4":"has-post-thumbnail","6":"product_cat-custom-canopy-tents","7":"product_cat-10x15ft-pop-up-tents","8":"product_cat-40mm-hexagon-aluminum-tents","9":"product_tag-10x15ft-pop-up-tent","10":"product_tag-40mm-hexagonal-pop-up-tent","11":"product_tag-aluminum-frame-pop-up-tent","12":"product_tag-folding-pop-up-tent","14":"first","15":"instock","16":"shipping-taxable","17":"product-type-simple","18":"entry","19":"content-bg","20":"loop-entry"},"_links":{"self":[{"href":"https:\/\/cmykprinted.com\/fr\/wp-json\/wp\/v2\/product\/704","targetHints":{"allow":["GET"]}}],"collection":[{"href":"https:\/\/cmykprinted.com\/fr\/wp-json\/wp\/v2\/product"}],"about":[{"href":"https:\/\/cmykprinted.com\/fr\/wp-json\/wp\/v2\/types\/product"}],"version-history":[{"count":3,"href":"https:\/\/cmykprinted.com\/fr\/wp-json\/wp\/v2\/product\/704\/revisions"}],"predecessor-version":[{"id":714,"href":"https:\/\/cmykprinted.com\/fr\/wp-json\/wp\/v2\/product\/704\/revisions\/714"}],"wp:featuredmedia":[{"embeddable":true,"href":"https:\/\/cmykprinted.com\/fr\/wp-json\/wp\/v2\/media\/705"}],"wp:attachment":[{"href":"https:\/\/cmykprinted.com\/fr\/wp-json\/wp\/v2\/media?parent=704"}],"wp:term":[{"taxonomy":"product_cat","embeddable":true,"href":"https:\/\/cmykprinted.com\/fr\/wp-json\/wp\/v2\/product_cat?post=704"},{"taxonomy":"product_tag","embeddable":true,"href":"https:\/\/cmykprinted.com\/fr\/wp-json\/wp\/v2\/product_tag?post=704"}],"curies":[{"name":"wp","href":"https:\/\/api.w.org\/{rel}","templated":true}]}}