{"id":723,"date":"2022-12-30T02:47:50","date_gmt":"2022-12-30T02:47:50","guid":{"rendered":"https:\/\/cmykprinted.com\/?post_type=product&#038;p=723"},"modified":"2022-12-30T03:52:19","modified_gmt":"2022-12-30T03:52:19","slug":"all-weather-outdoor-advertising-pvc-mesh-banner-printing","status":"publish","type":"product","link":"https:\/\/cmykprinted.com\/fr\/produit\/all-weather-outdoor-advertising-pvc-mesh-banner-printing\/","title":{"rendered":"Impression de banni\u00e8res en maille PVC pour publicit\u00e9 ext\u00e9rieure tous temps"},"content":{"rendered":"","protected":false},"excerpt":{"rendered":"<p>Notre banni\u00e8re en maille PVC est un mat\u00e9riau hautement sp\u00e9cialis\u00e9 qui a \u00e9t\u00e9 sp\u00e9cialement con\u00e7u pour r\u00e9sister aux vents violents et \u00e0 d&#039;autres conditions ext\u00e9rieures difficiles. Les perforations dans le mat\u00e9riau permettent au vent de passer, r\u00e9duisant ainsi le risque d&#039;endommager la banni\u00e8re et minimisant les risques qu&#039;elle soit d\u00e9chir\u00e9e ou emport\u00e9e.<br \/>\nEn plus de ses propri\u00e9t\u00e9s coupe-vent, la banni\u00e8re en maille PVC est \u00e9galement extr\u00eamement l\u00e9g\u00e8re, ce qui la rend facile \u00e0 installer et \u00e0 manipuler. Cela en fait un choix id\u00e9al pour une large gamme d&#039;applications sp\u00e9ciales o\u00f9 un mat\u00e9riau partiellement transparent est n\u00e9cessaire pour permettre le passage de la lumi\u00e8re, du son et de l&#039;air.<br \/>\nNos banni\u00e8res en maille et nos banni\u00e8res de sc\u00e8ne sont imprim\u00e9es sur du PVC maill\u00e9 ou du tissu AIRTEC, tous deux perfor\u00e9s sur toute la banni\u00e8re avec un motif tr\u00e8s intense de petits trous. Cela garantit que les banni\u00e8res de sc\u00e8ne conservent leur int\u00e9grit\u00e9 structurelle et leur attrait visuel, m\u00eame dans les environnements les plus exigeants. Que vous ayez besoin d&#039;une banni\u00e8re pour un \u00e9v\u00e9nement en plein air, un salon professionnel ou toute autre occasion sp\u00e9ciale, nos banni\u00e8res en maille PVC et sc\u00e8ne sont un excellent choix pour tous vos besoins en mati\u00e8re de banni\u00e8res.<\/p>\n<div style=\"width: 1280px;\" class=\"wp-video\"><!--[if lt IE 9]><script>document.createElement('video');<\/script><![endif]--><br \/>\n<video class=\"wp-video-shortcode\" id=\"video-723-1\" width=\"1280\" height=\"720\" loop autoplay preload=\"metadata\" controls=\"controls\"><source type=\"video\/mp4\" src=\"http:\/\/cmykprinted.com\/wp-content\/uploads\/2022\/12\/PVC-Mesh-Banner.mp4?_=1\" \/><a href=\"http:\/\/cmykprinted.com\/wp-content\/uploads\/2022\/12\/PVC-Mesh-Banner.mp4\">http:\/\/cmykprinted.com\/wp-content\/uploads\/2022\/12\/PVC-Mesh-Banner.mp4<\/a><\/video><\/div>","protected":false},"featured_media":724,"template":"","meta":{"_kad_post_transparent":"default","_kad_post_title":"hide","_kad_post_layout":"fullwidth","_kad_post_sidebar_id":"","_kad_post_content_style":"unboxed","_kad_post_vertical_padding":"hide","_kad_post_feature":"hide","_kad_post_feature_position":"","_kad_post_header":false,"_kad_post_footer":false},"product_cat":[85,90,91,89,88],"product_tag":[189,191,188,190,187],"class_list":{"0":"post-723","1":"product","2":"type-product","3":"status-publish","4":"has-post-thumbnail","6":"product_cat-outdoor-vinyl-banners","7":"product_cat-glossy-pvc-banners","8":"product_cat-matte-vinyl-banners","9":"product_cat-pvc-banners","10":"product_cat-pvc-mesh-banners","11":"product_tag-advertising-mesh-banner","12":"product_tag-all-weather-mesh-banner","13":"product_tag-mesh-banner-printing","14":"product_tag-outdoor-mesh-banner","15":"product_tag-pvc-mesh-banner","17":"first","18":"instock","19":"shipping-taxable","20":"product-type-simple","21":"entry","22":"content-bg","23":"loop-entry"},"_links":{"self":[{"href":"https:\/\/cmykprinted.com\/fr\/wp-json\/wp\/v2\/product\/723","targetHints":{"allow":["GET"]}}],"collection":[{"href":"https:\/\/cmykprinted.com\/fr\/wp-json\/wp\/v2\/product"}],"about":[{"href":"https:\/\/cmykprinted.com\/fr\/wp-json\/wp\/v2\/types\/product"}],"version-history":[{"count":2,"href":"https:\/\/cmykprinted.com\/fr\/wp-json\/wp\/v2\/product\/723\/revisions"}],"predecessor-version":[{"id":732,"href":"https:\/\/cmykprinted.com\/fr\/wp-json\/wp\/v2\/product\/723\/revisions\/732"}],"wp:featuredmedia":[{"embeddable":true,"href":"https:\/\/cmykprinted.com\/fr\/wp-json\/wp\/v2\/media\/724"}],"wp:attachment":[{"href":"https:\/\/cmykprinted.com\/fr\/wp-json\/wp\/v2\/media?parent=723"}],"wp:term":[{"taxonomy":"product_cat","embeddable":true,"href":"https:\/\/cmykprinted.com\/fr\/wp-json\/wp\/v2\/product_cat?post=723"},{"taxonomy":"product_tag","embeddable":true,"href":"https:\/\/cmykprinted.com\/fr\/wp-json\/wp\/v2\/product_tag?post=723"}],"curies":[{"name":"wp","href":"https:\/\/api.w.org\/{rel}","templated":true}]}}