{"id":733,"date":"2022-12-30T03:56:29","date_gmt":"2022-12-30T03:56:29","guid":{"rendered":"https:\/\/cmykprinted.com\/?post_type=product&#038;p=733"},"modified":"2022-12-30T04:21:48","modified_gmt":"2022-12-30T04:21:48","slug":"promotional-triangle-pop-up-banners-a-frame-pop-out-banners","status":"publish","type":"product","link":"https:\/\/cmykprinted.com\/fr\/produit\/promotional-triangle-pop-up-banners-a-frame-pop-out-banners\/","title":{"rendered":"Banni\u00e8res pop-up promotionnelles triangulaires Banni\u00e8res pop-out en forme de A"},"content":{"rendered":"","protected":false},"excerpt":{"rendered":"<p>Les banni\u00e8res pop-up triangulaires sont un moyen polyvalent et accrocheur de promouvoir votre entreprise ou votre marque. Ils sont con\u00e7us pour \u00eatre facilement install\u00e9s et d\u00e9mont\u00e9s, ce qui les rend parfaits pour une utilisation lors de salons professionnels, de conf\u00e9rences et d&#039;autres \u00e9v\u00e9nements. Fabriqu\u00e9es \u00e0 partir de tissu de peau de p\u00eache durable, ces banni\u00e8res sont l\u00e9g\u00e8res et faciles \u00e0 transporter, et elles sont livr\u00e9es avec un sac de transport pratique pour le stockage.<br \/>\nEn plus d&#039;\u00eatre faciles \u00e0 utiliser, nos banni\u00e8res pop-up triangulaires sont \u00e9galement tr\u00e8s efficaces pour attirer l&#039;attention. Que vous souhaitiez annoncer le lancement d&#039;un nouveau produit, une vente ou un \u00e9v\u00e9nement \u00e0 venir, ces banni\u00e8res sont un excellent moyen d&#039;int\u00e9resser les gens \u00e0 votre entreprise. Ils peuvent \u00eatre utilis\u00e9s \u00e0 l&#039;int\u00e9rieur et \u00e0 l&#039;ext\u00e9rieur, et leur mat\u00e9riel en acier \u00e0 ressort et chevilles les rend faciles \u00e0 assembler et \u00e0 d\u00e9monter.<br \/>\nSi vous cherchez un moyen de faire passer la publicit\u00e9 de votre entreprise au niveau sup\u00e9rieur, envisagez d&#039;investir dans une banni\u00e8re pop-up triangulaire. Ils sont un excellent moyen d&#039;attirer l&#039;attention sur votre entreprise et de faire une impression durable sur les clients potentiels. Et avec notre manuel d&#039;installation complet, vous aurez tout ce dont vous avez besoin pour installer et d\u00e9monter facilement votre banni\u00e8re. Ainsi, ces banni\u00e8res sont le choix parfait pour toute entreprise qui cherche \u00e0 faire sensation lors de son prochain \u00e9v\u00e9nement ou conf\u00e9rence.<\/p>\n<div style=\"width: 1280px;\" class=\"wp-video\"><!--[if lt IE 9]><script>document.createElement('video');<\/script><![endif]--><br \/>\n<video class=\"wp-video-shortcode\" id=\"video-733-1\" width=\"1280\" height=\"720\" loop autoplay preload=\"metadata\" controls=\"controls\"><source type=\"video\/mp4\" src=\"http:\/\/cmykprinted.com\/wp-content\/uploads\/2022\/12\/Triangle-Pop-Up-Banners.mp4?_=1\" \/><a href=\"http:\/\/cmykprinted.com\/wp-content\/uploads\/2022\/12\/Triangle-Pop-Up-Banners.mp4\">http:\/\/cmykprinted.com\/wp-content\/uploads\/2022\/12\/Triangle-Pop-Up-Banners.mp4<\/a><\/video><\/div>","protected":false},"featured_media":734,"template":"","meta":{"_kad_post_transparent":"default","_kad_post_title":"hide","_kad_post_layout":"fullwidth","_kad_post_sidebar_id":"","_kad_post_content_style":"unboxed","_kad_post_vertical_padding":"hide","_kad_post_feature":"hide","_kad_post_feature_position":"","_kad_post_header":false,"_kad_post_footer":false},"product_cat":[92,95],"product_tag":[193,194,128,195,192],"class_list":{"0":"post-733","1":"product","2":"type-product","3":"status-publish","4":"has-post-thumbnail","6":"product_cat-pop-up-banners","7":"product_cat-triangle-pop-up-banners","8":"product_tag-a-frame-pop-out-banners","9":"product_tag-pop-out-banners","10":"product_tag-pop-up-banner","11":"product_tag-promotional-pop-up-banners","12":"product_tag-triangle-pop-up-banner","14":"first","15":"instock","16":"shipping-taxable","17":"product-type-simple","18":"entry","19":"content-bg","20":"loop-entry"},"_links":{"self":[{"href":"https:\/\/cmykprinted.com\/fr\/wp-json\/wp\/v2\/product\/733","targetHints":{"allow":["GET"]}}],"collection":[{"href":"https:\/\/cmykprinted.com\/fr\/wp-json\/wp\/v2\/product"}],"about":[{"href":"https:\/\/cmykprinted.com\/fr\/wp-json\/wp\/v2\/types\/product"}],"version-history":[{"count":3,"href":"https:\/\/cmykprinted.com\/fr\/wp-json\/wp\/v2\/product\/733\/revisions"}],"predecessor-version":[{"id":743,"href":"https:\/\/cmykprinted.com\/fr\/wp-json\/wp\/v2\/product\/733\/revisions\/743"}],"wp:featuredmedia":[{"embeddable":true,"href":"https:\/\/cmykprinted.com\/fr\/wp-json\/wp\/v2\/media\/734"}],"wp:attachment":[{"href":"https:\/\/cmykprinted.com\/fr\/wp-json\/wp\/v2\/media?parent=733"}],"wp:term":[{"taxonomy":"product_cat","embeddable":true,"href":"https:\/\/cmykprinted.com\/fr\/wp-json\/wp\/v2\/product_cat?post=733"},{"taxonomy":"product_tag","embeddable":true,"href":"https:\/\/cmykprinted.com\/fr\/wp-json\/wp\/v2\/product_tag?post=733"}],"curies":[{"name":"wp","href":"https:\/\/api.w.org\/{rel}","templated":true}]}}