{"id":744,"date":"2022-12-30T08:55:17","date_gmt":"2022-12-30T08:55:17","guid":{"rendered":"https:\/\/cmykprinted.com\/?post_type=product&#038;p=744"},"modified":"2022-12-30T12:44:27","modified_gmt":"2022-12-30T12:44:27","slug":"straight-tension-fabric-backdrop-media-wall-wholesale-price","status":"publish","type":"product","link":"https:\/\/cmykprinted.com\/fr\/produit\/straight-tension-fabric-backdrop-media-wall-wholesale-price\/","title":{"rendered":"Toile de fond en tissu \u00e0 tension droite, prix de gros"},"content":{"rendered":"","protected":false},"excerpt":{"rendered":"<p>Notre toile de fond en tissu \u00e0 tension droite la plus vendue est polyvalente et convient \u00e0 une vari\u00e9t\u00e9 d&#039;utilisations, y compris une utilisation comme toile de fond de studio, arri\u00e8re-plan de sc\u00e8ne ou d&#039;\u00e9v\u00e9nement, toile de fond de photobooth, toile de fond de conf\u00e9rence de presse, toile de fond de c\u00e9r\u00e9monie de remise des prix et toile de fond de tapis rouge. Avec la possibilit\u00e9 d&#039;inclure deux conceptions diff\u00e9rentes sur la m\u00eame banni\u00e8re, vous pouvez maximiser votre valeur et votre commodit\u00e9 de transport. La toile de fond en tissu extensible est fabriqu\u00e9e en polyester 100% robuste et flexible lavable en machine, imprim\u00e9 \u00e0 l&#039;aide de notre processus d&#039;impression sur tissu personnalis\u00e9, qui garantit que votre design restera \u00e9clatant et clair m\u00eame apr\u00e8s plusieurs lavages et quelles que soient les conditions m\u00e9t\u00e9orologiques. Notre processus d&#039;impression est \u00e9galement \u00e9co-solvant, utilisant des solvants enti\u00e8rement naturels et biod\u00e9gradables qui sont moins agressifs et plus s\u00fbrs pour le corps. Le cadre en aluminium l\u00e9ger et solide est con\u00e7u pour supporter l&#039;\u00e9tirement du tissu sur une longue p\u00e9riode de temps, et il est livr\u00e9 avec des tubes \u00e0 verrouillage rapide pour une installation facile et rapide sans avoir besoin d&#039;outils suppl\u00e9mentaires. Le support est r\u00e9glable \u00e0 la taille de votre choix et il est livr\u00e9 avec un podium rigide roulant pour une portabilit\u00e9 facile. La toile de fond en tissu \u00e0 tension droite est exp\u00e9di\u00e9e sous quatre \u00e0 cinq jours ouvrables sans frais.<\/p>\n<div style=\"width: 1280px;\" class=\"wp-video\"><!--[if lt IE 9]><script>document.createElement('video');<\/script><![endif]--><br \/>\n<video class=\"wp-video-shortcode\" id=\"video-744-1\" width=\"1280\" height=\"720\" loop autoplay preload=\"auto\" controls=\"controls\"><source type=\"video\/mp4\" src=\"http:\/\/cmykprinted.com\/wp-content\/uploads\/2022\/12\/Straight-Tension-Fabric-Backdrop.mp4?_=1\" \/><a href=\"http:\/\/cmykprinted.com\/wp-content\/uploads\/2022\/12\/Straight-Tension-Fabric-Backdrop.mp4\">http:\/\/cmykprinted.com\/wp-content\/uploads\/2022\/12\/Straight-Tension-Fabric-Backdrop.mp4<\/a><\/video><\/div>","protected":false},"featured_media":745,"template":"","meta":{"_kad_post_transparent":"default","_kad_post_title":"hide","_kad_post_layout":"fullwidth","_kad_post_sidebar_id":"","_kad_post_content_style":"unboxed","_kad_post_vertical_padding":"hide","_kad_post_feature":"hide","_kad_post_feature_position":"","_kad_post_header":false,"_kad_post_footer":false},"product_cat":[97,100],"product_tag":[196,197,198],"class_list":{"0":"post-744","1":"product","2":"type-product","3":"status-publish","4":"has-post-thumbnail","6":"product_cat-tension-fabric-displays","7":"product_cat-straight-tension-fabric-backdrop","8":"product_tag-straight-tension-fabric-backdrop","9":"product_tag-tension-fabric-backdrop","10":"product_tag-tension-fabric-media-wall","12":"first","13":"instock","14":"shipping-taxable","15":"product-type-simple","16":"entry","17":"content-bg","18":"loop-entry"},"_links":{"self":[{"href":"https:\/\/cmykprinted.com\/fr\/wp-json\/wp\/v2\/product\/744","targetHints":{"allow":["GET"]}}],"collection":[{"href":"https:\/\/cmykprinted.com\/fr\/wp-json\/wp\/v2\/product"}],"about":[{"href":"https:\/\/cmykprinted.com\/fr\/wp-json\/wp\/v2\/types\/product"}],"version-history":[{"count":4,"href":"https:\/\/cmykprinted.com\/fr\/wp-json\/wp\/v2\/product\/744\/revisions"}],"predecessor-version":[{"id":750,"href":"https:\/\/cmykprinted.com\/fr\/wp-json\/wp\/v2\/product\/744\/revisions\/750"}],"wp:featuredmedia":[{"embeddable":true,"href":"https:\/\/cmykprinted.com\/fr\/wp-json\/wp\/v2\/media\/745"}],"wp:attachment":[{"href":"https:\/\/cmykprinted.com\/fr\/wp-json\/wp\/v2\/media?parent=744"}],"wp:term":[{"taxonomy":"product_cat","embeddable":true,"href":"https:\/\/cmykprinted.com\/fr\/wp-json\/wp\/v2\/product_cat?post=744"},{"taxonomy":"product_tag","embeddable":true,"href":"https:\/\/cmykprinted.com\/fr\/wp-json\/wp\/v2\/product_tag?post=744"}],"curies":[{"name":"wp","href":"https:\/\/api.w.org\/{rel}","templated":true}]}}