{"id":778,"date":"2022-12-31T02:58:49","date_gmt":"2022-12-31T02:58:49","guid":{"rendered":"https:\/\/cmykprinted.com\/?post_type=product&#038;p=778"},"modified":"2022-12-31T03:33:16","modified_gmt":"2022-12-31T03:33:16","slug":"heavy-duty-instant-enclosed-10x20ft-pop-up-canopies-gazebo","status":"publish","type":"product","link":"https:\/\/cmykprinted.com\/fr\/produit\/heavy-duty-instant-enclosed-10x20ft-pop-up-canopies-gazebo\/","title":{"rendered":"Gazebo \u00e0 toit r\u00e9tractable instantan\u00e9 robuste de 10 x 20 pieds"},"content":{"rendered":"","protected":false},"excerpt":{"rendered":"<p>Les auvents pop-up de 10 x 20 pieds sont con\u00e7us pour les \u00e9v\u00e9nements en plein air et disposent d&#039;un sac de transport pratique pour un transport facile. Les auvents escamotables de 10 x 20 pieds offrent une grande zone d&#039;ombrage de 200 pieds carr\u00e9s, suffisante pour accueillir une table rectangulaire de 8 pieds avec 25 chaises ou environ 30 personnes debout en m\u00eame temps. L&#039;auvent est fabriqu\u00e9 en tissu Oxford 420D durable avec un rev\u00eatement en PVC pour une r\u00e9sistance au vent et \u00e0 l&#039;usure, ainsi qu&#039;une protection UV30+ et une r\u00e9sistance \u00e0 l&#039;eau. Il est rapide et facile \u00e0 installer, avec un processus d&#039;installation sans outil et un cadre en acier robuste avec des r\u00e9glages de hauteur \u00e0 4 positions. L&#039;auvent a \u00e9galement des parois lat\u00e9rales avec des fen\u00eatres transparentes et une porte centrale \u00e0 glissi\u00e8re pour une protection suppl\u00e9mentaire contre le vent et les rayons nocifs du soleil, tout en permettant une vue d\u00e9gag\u00e9e sur l&#039;ext\u00e9rieur. Les parois lat\u00e9rales peuvent \u00eatre facilement attach\u00e9es ou d\u00e9tach\u00e9es du cadre de la verri\u00e8re avec des attaches auto-agrippantes.<\/p>\n<div style=\"width: 1280px;\" class=\"wp-video\"><!--[if lt IE 9]><script>document.createElement('video');<\/script><![endif]--><br \/>\n<video class=\"wp-video-shortcode\" id=\"video-778-1\" width=\"1280\" height=\"720\" loop autoplay preload=\"auto\" controls=\"controls\"><source type=\"video\/mp4\" src=\"http:\/\/cmykprinted.com\/wp-content\/uploads\/2022\/12\/10x20ft-Pop-Up-Canopies.mp4?_=1\" \/><a href=\"http:\/\/cmykprinted.com\/wp-content\/uploads\/2022\/12\/10x20ft-Pop-Up-Canopies.mp4\">http:\/\/cmykprinted.com\/wp-content\/uploads\/2022\/12\/10x20ft-Pop-Up-Canopies.mp4<\/a><\/video><\/div>","protected":false},"featured_media":780,"template":"","meta":{"_kad_post_transparent":"default","_kad_post_title":"hide","_kad_post_layout":"fullwidth","_kad_post_sidebar_id":"","_kad_post_content_style":"unboxed","_kad_post_vertical_padding":"hide","_kad_post_feature":"hide","_kad_post_feature_position":"","_kad_post_header":false,"_kad_post_footer":false},"product_cat":[68,72,69],"product_tag":[208,211,209,210],"class_list":{"0":"post-778","1":"product","2":"type-product","3":"status-publish","4":"has-post-thumbnail","6":"product_cat-custom-canopy-tents","7":"product_cat-10x20ft-pop-up-canopies","8":"product_cat-40mm-hexagon-aluminum-tents","9":"product_tag-10x20ft-pop-up-canopies","10":"product_tag-heavy-duty-gazebo","11":"product_tag-heavy-duty-pop-up-canopies","12":"product_tag-instant-pop-up-canopies","14":"first","15":"instock","16":"shipping-taxable","17":"product-type-simple","18":"entry","19":"content-bg","20":"loop-entry"},"_links":{"self":[{"href":"https:\/\/cmykprinted.com\/fr\/wp-json\/wp\/v2\/product\/778","targetHints":{"allow":["GET"]}}],"collection":[{"href":"https:\/\/cmykprinted.com\/fr\/wp-json\/wp\/v2\/product"}],"about":[{"href":"https:\/\/cmykprinted.com\/fr\/wp-json\/wp\/v2\/types\/product"}],"version-history":[{"count":4,"href":"https:\/\/cmykprinted.com\/fr\/wp-json\/wp\/v2\/product\/778\/revisions"}],"predecessor-version":[{"id":790,"href":"https:\/\/cmykprinted.com\/fr\/wp-json\/wp\/v2\/product\/778\/revisions\/790"}],"wp:featuredmedia":[{"embeddable":true,"href":"https:\/\/cmykprinted.com\/fr\/wp-json\/wp\/v2\/media\/780"}],"wp:attachment":[{"href":"https:\/\/cmykprinted.com\/fr\/wp-json\/wp\/v2\/media?parent=778"}],"wp:term":[{"taxonomy":"product_cat","embeddable":true,"href":"https:\/\/cmykprinted.com\/fr\/wp-json\/wp\/v2\/product_cat?post=778"},{"taxonomy":"product_tag","embeddable":true,"href":"https:\/\/cmykprinted.com\/fr\/wp-json\/wp\/v2\/product_tag?post=778"}],"curies":[{"name":"wp","href":"https:\/\/api.w.org\/{rel}","templated":true}]}}