{"id":791,"date":"2022-12-31T06:57:00","date_gmt":"2022-12-31T06:57:00","guid":{"rendered":"https:\/\/cmykprinted.com\/?post_type=product&#038;p=791"},"modified":"2022-12-31T07:06:35","modified_gmt":"2022-12-31T07:06:35","slug":"wall-mounted-promotional-flags-end-sign-flags-custom-printed","status":"publish","type":"product","link":"https:\/\/cmykprinted.com\/fr\/produit\/wall-mounted-promotional-flags-end-sign-flags-custom-printed\/","title":{"rendered":"Drapeaux promotionnels fix\u00e9s au mur, drapeaux de signe d&#039;extr\u00e9mit\u00e9 imprim\u00e9s sur mesure"},"content":{"rendered":"","protected":false},"excerpt":{"rendered":"<p>Nos drapeaux promotionnels muraux sont imprim\u00e9s sur un mat\u00e9riau de banni\u00e8re en PVC r\u00e9sistant et r\u00e9sistant et trait\u00e9s avec de l&#039;encre UV pour une longue dur\u00e9e de vie en ext\u00e9rieur. Mesurant 430 mm de large et 355 mm d&#039;un c\u00f4t\u00e9 et 560 mm de l&#039;autre, ces drapeaux sont fabriqu\u00e9s \u00e0 partir de PVC blanc solide mais flexible et disposent d&#039;un m\u00e2t de 750 mm de long. La douille conique assure une prise s\u00fbre sur le m\u00e2t et emp\u00eache le drapeau de se perdre dans des conditions venteuses. Ces drapeaux peuvent \u00eatre facilement viss\u00e9s sur les murs et sont livr\u00e9s avec un kit comprenant un support en polypropyl\u00e8ne, un poteau en PVC, un fleuron et un collier. Nous proposons \u00e9galement des &quot;drapeaux d&#039;affichage&quot; unis en PVC renforc\u00e9 de bloc l\u00e9ger de 780 g\/m\u00b2 qui conviennent \u00e0 l&#039;application de vinyle et peuvent \u00eatre imprim\u00e9s sur commande. Des drapeaux de forme personnalis\u00e9e sont \u00e9galement disponibles. Tous nos drapeaux sont fabriqu\u00e9s avec des supports super r\u00e9sistants et des coutures en polyester de qualit\u00e9 marine pour les meilleures performances en ext\u00e9rieur.<\/p>","protected":false},"featured_media":792,"template":"","meta":{"_kad_post_transparent":"default","_kad_post_title":"hide","_kad_post_layout":"fullwidth","_kad_post_sidebar_id":"","_kad_post_content_style":"unboxed","_kad_post_vertical_padding":"hide","_kad_post_feature":"hide","_kad_post_feature_position":"","_kad_post_header":false,"_kad_post_footer":false},"product_cat":[79],"product_tag":[215,213,214,212],"class_list":{"0":"post-791","1":"product","2":"type-product","3":"status-publish","4":"has-post-thumbnail","6":"product_cat-custom-flags","7":"product_tag-custom-promotional-flags","8":"product_tag-end-sign-flags","9":"product_tag-promotional-flags","10":"product_tag-wall-mounted-promotional-flags","12":"first","13":"instock","14":"shipping-taxable","15":"product-type-simple","16":"entry","17":"content-bg","18":"loop-entry"},"_links":{"self":[{"href":"https:\/\/cmykprinted.com\/fr\/wp-json\/wp\/v2\/product\/791","targetHints":{"allow":["GET"]}}],"collection":[{"href":"https:\/\/cmykprinted.com\/fr\/wp-json\/wp\/v2\/product"}],"about":[{"href":"https:\/\/cmykprinted.com\/fr\/wp-json\/wp\/v2\/types\/product"}],"version-history":[{"count":3,"href":"https:\/\/cmykprinted.com\/fr\/wp-json\/wp\/v2\/product\/791\/revisions"}],"predecessor-version":[{"id":799,"href":"https:\/\/cmykprinted.com\/fr\/wp-json\/wp\/v2\/product\/791\/revisions\/799"}],"wp:featuredmedia":[{"embeddable":true,"href":"https:\/\/cmykprinted.com\/fr\/wp-json\/wp\/v2\/media\/792"}],"wp:attachment":[{"href":"https:\/\/cmykprinted.com\/fr\/wp-json\/wp\/v2\/media?parent=791"}],"wp:term":[{"taxonomy":"product_cat","embeddable":true,"href":"https:\/\/cmykprinted.com\/fr\/wp-json\/wp\/v2\/product_cat?post=791"},{"taxonomy":"product_tag","embeddable":true,"href":"https:\/\/cmykprinted.com\/fr\/wp-json\/wp\/v2\/product_tag?post=791"}],"curies":[{"name":"wp","href":"https:\/\/api.w.org\/{rel}","templated":true}]}}