{"id":810,"date":"2022-12-31T13:39:50","date_gmt":"2022-12-31T13:39:50","guid":{"rendered":"https:\/\/cmykprinted.com\/?post_type=product&#038;p=810"},"modified":"2022-12-31T13:53:52","modified_gmt":"2022-12-31T13:53:52","slug":"durable-custom-printed-outdoor-scrim-glossy-vinyl-banner","status":"publish","type":"product","link":"https:\/\/cmykprinted.com\/fr\/produit\/durable-custom-printed-outdoor-scrim-glossy-vinyl-banner\/","title":{"rendered":"Banni\u00e8re ext\u00e9rieure en vinyle brillant Scrim imprim\u00e9e sur mesure et durable"},"content":{"rendered":"","protected":false},"excerpt":{"rendered":"<p>Nos banni\u00e8res en vinyle brillant conviennent \u00e0 une utilisation int\u00e9rieure et ext\u00e9rieure, car elles r\u00e9sistent \u00e0 la d\u00e9coloration, aux d\u00e9chirures et au vent. Ils sont \u00e9galement tr\u00e8s \u00e9conomiques, ce qui en fait un excellent choix pour les petits budgets. Le mat\u00e9riau en vinyle utilis\u00e9 dans ces banni\u00e8res est brillant et brillant, ce qui contribue \u00e0 rendre les couleurs de votre conception plus vives et accrocheuses. De plus, la surface de lettrage ultra-lisse de ces banni\u00e8res aide \u00e0 donner vie \u00e0 vos graphiques.<br \/>\nNos banni\u00e8res en vinyle brillant sont un choix populaire pour les \u00e9v\u00e9nements ext\u00e9rieurs, tels que les matchs de football, o\u00f9 elles peuvent \u00eatre accroch\u00e9es le long de la cl\u00f4ture ou du mur entourant le terrain pour mettre en valeur les sponsors de l&#039;\u00e9quipe. Ils sont \u00e9galement un excellent choix pour les r\u00e9unions de famille, les pique-niques d&#039;entreprise et autres rassemblements en plein air, car ils peuvent \u00eatre facilement suspendus entre deux arbres pour cr\u00e9er un affichage dynamique et abordable. Quelle que soit l&#039;occasion, nos banni\u00e8res en vinyle brillant rendront votre \u00e9v\u00e9nement sp\u00e9cial.<\/p>\n<div style=\"width: 1290px;\" class=\"wp-video\"><!--[if lt IE 9]><script>document.createElement('video');<\/script><![endif]--><br \/>\n<video class=\"wp-video-shortcode\" id=\"video-810-1\" width=\"1290\" height=\"726\" loop autoplay preload=\"auto\" controls=\"controls\"><source type=\"video\/mp4\" src=\"http:\/\/cmykprinted.com\/wp-content\/uploads\/2022\/12\/vinyl-PVC-banners.mp4?_=1\" \/><a href=\"http:\/\/cmykprinted.com\/wp-content\/uploads\/2022\/12\/vinyl-PVC-banners.mp4\">http:\/\/cmykprinted.com\/wp-content\/uploads\/2022\/12\/vinyl-PVC-banners.mp4<\/a><\/video><\/div>\n<p>&nbsp;<\/p>","protected":false},"featured_media":811,"template":"","meta":{"_kad_post_transparent":"default","_kad_post_title":"hide","_kad_post_layout":"fullwidth","_kad_post_sidebar_id":"","_kad_post_content_style":"unboxed","_kad_post_vertical_padding":"hide","_kad_post_feature":"hide","_kad_post_feature_position":"","_kad_post_header":false,"_kad_post_footer":false},"product_cat":[85,90,91,89],"product_tag":[221,220,219,222],"class_list":{"0":"post-810","1":"product","2":"type-product","3":"status-publish","4":"has-post-thumbnail","6":"product_cat-outdoor-vinyl-banners","7":"product_cat-glossy-pvc-banners","8":"product_cat-matte-vinyl-banners","9":"product_cat-pvc-banners","10":"product_tag-custom-vinyl-banner","11":"product_tag-durable-vinyl-banner","12":"product_tag-glossy-vinyl-banner","13":"product_tag-outdoor-vinyl-banner","15":"first","16":"instock","17":"shipping-taxable","18":"product-type-simple","19":"entry","20":"content-bg","21":"loop-entry"},"_links":{"self":[{"href":"https:\/\/cmykprinted.com\/fr\/wp-json\/wp\/v2\/product\/810","targetHints":{"allow":["GET"]}}],"collection":[{"href":"https:\/\/cmykprinted.com\/fr\/wp-json\/wp\/v2\/product"}],"about":[{"href":"https:\/\/cmykprinted.com\/fr\/wp-json\/wp\/v2\/types\/product"}],"version-history":[{"count":2,"href":"https:\/\/cmykprinted.com\/fr\/wp-json\/wp\/v2\/product\/810\/revisions"}],"predecessor-version":[{"id":817,"href":"https:\/\/cmykprinted.com\/fr\/wp-json\/wp\/v2\/product\/810\/revisions\/817"}],"wp:featuredmedia":[{"embeddable":true,"href":"https:\/\/cmykprinted.com\/fr\/wp-json\/wp\/v2\/media\/811"}],"wp:attachment":[{"href":"https:\/\/cmykprinted.com\/fr\/wp-json\/wp\/v2\/media?parent=810"}],"wp:term":[{"taxonomy":"product_cat","embeddable":true,"href":"https:\/\/cmykprinted.com\/fr\/wp-json\/wp\/v2\/product_cat?post=810"},{"taxonomy":"product_tag","embeddable":true,"href":"https:\/\/cmykprinted.com\/fr\/wp-json\/wp\/v2\/product_tag?post=810"}],"curies":[{"name":"wp","href":"https:\/\/api.w.org\/{rel}","templated":true}]}}