{"id":818,"date":"2022-12-31T14:04:19","date_gmt":"2022-12-31T14:04:19","guid":{"rendered":"https:\/\/cmykprinted.com\/?post_type=product&#038;p=818"},"modified":"2022-12-31T14:16:24","modified_gmt":"2022-12-31T14:16:24","slug":"vertical-pop-up-banners-for-promotional-outdoor-advertising","status":"publish","type":"product","link":"https:\/\/cmykprinted.com\/fr\/produit\/vertical-pop-up-banners-for-promotional-outdoor-advertising\/","title":{"rendered":"Banni\u00e8res pop-up verticales pour la publicit\u00e9 ext\u00e9rieure promotionnelle"},"content":{"rendered":"","protected":false},"excerpt":{"rendered":"<p>Les banni\u00e8res pop-up verticales sont une excellente alternative aux conceptions de cadre en A traditionnelles, car elles offrent une surface imprimable beaucoup plus importante. Ces banni\u00e8res sont con\u00e7ues pour \u00eatre faciles \u00e0 transporter, \u00e0 installer et \u00e0 d\u00e9monter, ce qui en fait un choix pratique pour les \u00e9v\u00e9nements, les salons professionnels et autres occasions. Ils conviennent \u00e9galement \u00e0 une utilisation int\u00e9rieure et ext\u00e9rieure et sont livr\u00e9s avec quatre piquets de sol pour plus de stabilit\u00e9.<br \/>\nL&#039;un des principaux avantages des banni\u00e8res pop-up verticales est qu&#039;elles constituent une unit\u00e9 monobloc, ce qui signifie que le support et le graphique sont combin\u00e9s en une seule unit\u00e9. Cela les rend faciles \u00e0 d\u00e9placer et \u00e0 transporter, car vous n&#039;avez pas \u00e0 vous soucier des pi\u00e8ces s\u00e9par\u00e9es. Le graphique lui-m\u00eame est imprim\u00e9 sur un tissu poly satin\u00e9 de haute qualit\u00e9, lisse, durable et facile \u00e0 plier pour l&#039;exp\u00e9dition.<br \/>\nIl existe une vari\u00e9t\u00e9 de tailles disponibles dans chaque configuration, vous pouvez donc choisir celle qui correspond le mieux \u00e0 vos besoins. De plus, un sac de transport personnalis\u00e9 est toujours inclus, ce qui facilite le stockage et le transport de votre banni\u00e8re d&#039;un \u00e9v\u00e9nement \u00e0 l&#039;autre. Dans l&#039;ensemble, les banni\u00e8res pop-up verticales sont un moyen polyvalent, pratique et efficace d&#039;afficher votre marque ou votre message de mani\u00e8re importante.<\/p>\n<div style=\"width: 1290px;\" class=\"wp-video\"><!--[if lt IE 9]><script>document.createElement('video');<\/script><![endif]--><br \/>\n<video class=\"wp-video-shortcode\" id=\"video-818-1\" width=\"1290\" height=\"726\" loop autoplay preload=\"auto\" controls=\"controls\"><source type=\"video\/mp4\" src=\"http:\/\/cmykprinted.com\/wp-content\/uploads\/2022\/12\/horizontal-pop-up-banners.mp4?_=1\" \/><a href=\"http:\/\/cmykprinted.com\/wp-content\/uploads\/2022\/12\/horizontal-pop-up-banners.mp4\">http:\/\/cmykprinted.com\/wp-content\/uploads\/2022\/12\/horizontal-pop-up-banners.mp4<\/a><\/video><\/div>\n<p>&nbsp;<\/p>","protected":false},"featured_media":819,"template":"","meta":{"_kad_post_transparent":"default","_kad_post_title":"hide","_kad_post_layout":"fullwidth","_kad_post_sidebar_id":"","_kad_post_content_style":"unboxed","_kad_post_vertical_padding":"hide","_kad_post_feature":"hide","_kad_post_feature_position":"","_kad_post_header":false,"_kad_post_footer":false},"product_cat":[92,96],"product_tag":[224,167,225,166,195,223],"class_list":{"0":"post-818","1":"product","2":"type-product","3":"status-publish","4":"has-post-thumbnail","6":"product_cat-pop-up-banners","7":"product_cat-vertical-pop-up-banners","8":"product_tag-advertising-pop-up-banners","9":"product_tag-custom-pop-up-banners","10":"product_tag-outdoor-pop-up-banners","11":"product_tag-pop-up-banners","12":"product_tag-promotional-pop-up-banners","13":"product_tag-vertical-pop-up-banners","15":"first","16":"instock","17":"shipping-taxable","18":"product-type-simple","19":"entry","20":"content-bg","21":"loop-entry"},"_links":{"self":[{"href":"https:\/\/cmykprinted.com\/fr\/wp-json\/wp\/v2\/product\/818","targetHints":{"allow":["GET"]}}],"collection":[{"href":"https:\/\/cmykprinted.com\/fr\/wp-json\/wp\/v2\/product"}],"about":[{"href":"https:\/\/cmykprinted.com\/fr\/wp-json\/wp\/v2\/types\/product"}],"version-history":[{"count":1,"href":"https:\/\/cmykprinted.com\/fr\/wp-json\/wp\/v2\/product\/818\/revisions"}],"predecessor-version":[{"id":825,"href":"https:\/\/cmykprinted.com\/fr\/wp-json\/wp\/v2\/product\/818\/revisions\/825"}],"wp:featuredmedia":[{"embeddable":true,"href":"https:\/\/cmykprinted.com\/fr\/wp-json\/wp\/v2\/media\/819"}],"wp:attachment":[{"href":"https:\/\/cmykprinted.com\/fr\/wp-json\/wp\/v2\/media?parent=818"}],"wp:term":[{"taxonomy":"product_cat","embeddable":true,"href":"https:\/\/cmykprinted.com\/fr\/wp-json\/wp\/v2\/product_cat?post=818"},{"taxonomy":"product_tag","embeddable":true,"href":"https:\/\/cmykprinted.com\/fr\/wp-json\/wp\/v2\/product_tag?post=818"}],"curies":[{"name":"wp","href":"https:\/\/api.w.org\/{rel}","templated":true}]}}