{"id":826,"date":"2022-12-31T14:33:36","date_gmt":"2022-12-31T14:33:36","guid":{"rendered":"https:\/\/cmykprinted.com\/?post_type=product&#038;p=826"},"modified":"2023-02-12T15:14:20","modified_gmt":"2023-02-12T15:14:20","slug":"formulate-exhibition-curved-fabric-display-stand-backdrop","status":"publish","type":"product","link":"https:\/\/cmykprinted.com\/fr\/produit\/formulate-exhibition-curved-fabric-display-stand-backdrop\/","title":{"rendered":"Toile de fond pour pr\u00e9sentoir en tissu incurv\u00e9 Formulate Exhibition"},"content":{"rendered":"","protected":false},"excerpt":{"rendered":"<p>Le pr\u00e9sentoir en tissu incurv\u00e9 est une option remarquable pour cr\u00e9er un affichage visuellement saisissant. Il pr\u00e9sente une seule image haute d\u00e9finition sans aucune ligne de jointure visible. L&#039;assemblage est facile - il suffit de clipser le cadre en aluminium l\u00e9ger et d&#039;\u00e9tirer le tissu imprim\u00e9 dessus. Lorsque vous avez fini de l&#039;utiliser, il suffit de le d\u00e9monter, de le plier et de le ranger dans la mallette de transport pour un transport facile. Ces stands sont beaucoup plus pratiques \u00e0 stocker et \u00e0 transporter que les stands d&#039;exposition pop-up traditionnels. En plus d&#039;\u00eatre un choix populaire pour les conf\u00e9rences et les \u00e9v\u00e9nements, ils constituent \u00e9galement d&#039;excellents arri\u00e8re-plans photographiques et arri\u00e8re-plans de sc\u00e8ne. Le tissu est imprim\u00e9 des deux c\u00f4t\u00e9s en standard, ce qui vous donne plus d&#039;espace pour vos messages. Il est \u00e9galement facile d&#039;imprimer des couvertures alternatives pour diff\u00e9rents \u00e9v\u00e9nements.<\/p>","protected":false},"featured_media":827,"template":"","meta":{"_kad_post_transparent":"default","_kad_post_title":"hide","_kad_post_layout":"fullwidth","_kad_post_sidebar_id":"","_kad_post_content_style":"unboxed","_kad_post_vertical_padding":"hide","_kad_post_feature":"hide","_kad_post_feature_position":"","_kad_post_header":false,"_kad_post_footer":false},"product_cat":[97,98],"product_tag":[228,226,227,229],"class_list":{"0":"post-826","1":"product","2":"type-product","3":"status-publish","4":"has-post-thumbnail","6":"product_cat-tension-fabric-displays","7":"product_cat-curved-tension-fabric-pop-up-displays","8":"product_tag-curved-backdrop","9":"product_tag-curved-fabric-display-stand","10":"product_tag-exhibition-curved-display-stand","11":"product_tag-formulate-curved-fabric-display","13":"first","14":"instock","15":"shipping-taxable","16":"product-type-simple","17":"entry","18":"content-bg","19":"loop-entry"},"_links":{"self":[{"href":"https:\/\/cmykprinted.com\/fr\/wp-json\/wp\/v2\/product\/826","targetHints":{"allow":["GET"]}}],"collection":[{"href":"https:\/\/cmykprinted.com\/fr\/wp-json\/wp\/v2\/product"}],"about":[{"href":"https:\/\/cmykprinted.com\/fr\/wp-json\/wp\/v2\/types\/product"}],"version-history":[{"count":1,"href":"https:\/\/cmykprinted.com\/fr\/wp-json\/wp\/v2\/product\/826\/revisions"}],"predecessor-version":[{"id":833,"href":"https:\/\/cmykprinted.com\/fr\/wp-json\/wp\/v2\/product\/826\/revisions\/833"}],"wp:featuredmedia":[{"embeddable":true,"href":"https:\/\/cmykprinted.com\/fr\/wp-json\/wp\/v2\/media\/827"}],"wp:attachment":[{"href":"https:\/\/cmykprinted.com\/fr\/wp-json\/wp\/v2\/media?parent=826"}],"wp:term":[{"taxonomy":"product_cat","embeddable":true,"href":"https:\/\/cmykprinted.com\/fr\/wp-json\/wp\/v2\/product_cat?post=826"},{"taxonomy":"product_tag","embeddable":true,"href":"https:\/\/cmykprinted.com\/fr\/wp-json\/wp\/v2\/product_tag?post=826"}],"curies":[{"name":"wp","href":"https:\/\/api.w.org\/{rel}","templated":true}]}}