{"id":834,"date":"2023-01-01T06:16:03","date_gmt":"2023-01-01T06:16:03","guid":{"rendered":"https:\/\/cmykprinted.com\/?post_type=product&#038;p=834"},"modified":"2023-01-01T06:28:27","modified_gmt":"2023-01-01T06:28:27","slug":"metallic-letters-labels-adhesive-3d-transfer-metal-sticker","status":"publish","type":"product","link":"https:\/\/cmykprinted.com\/fr\/produit\/metallic-letters-labels-adhesive-3d-transfer-metal-sticker\/","title":{"rendered":"\u00c9tiquettes de lettres m\u00e9talliques, autocollant adh\u00e9sif en m\u00e9tal \u00e0 transfert 3D"},"content":{"rendered":"","protected":false},"excerpt":{"rendered":"<p>Avec les \u00e9tiquettes \u00e0 lettres m\u00e9talliques, vous pouvez facilement capter l&#039;attention de vos clients et les attirer pour en savoir plus sur ce que vous avez \u00e0 offrir. Ces autocollants accrocheurs sont con\u00e7us pour ajouter un impact visuel \u00e0 votre produit ou service, le faisant se d\u00e9marquer de la concurrence.<br \/>\nUtilisant les derni\u00e8res technologies, ces \u00e9tiquettes sont produites avec des couleurs brillantes dans une gamme de d\u00e9grad\u00e9s et de demi-tons, leur donnant un aspect brillant et attrayant qui am\u00e9liore la valeur per\u00e7ue de votre offre. Que vous soyez dans le domaine de la vente de produits ou de la promotion d&#039;\u00e9v\u00e9nements ou de services, ces \u00e9tiquettes personnalis\u00e9es ne manqueront pas d&#039;attirer l&#039;attention de votre public cible et de vous aider \u00e0 vous d\u00e9marquer sur le march\u00e9 encombr\u00e9.<br \/>\nAlors pourquoi attendre ? Investissez dans des \u00e9tiquettes en lettres m\u00e9talliques d\u00e8s aujourd&#039;hui et regardez votre entreprise prendre son envol vers de nouveaux sommets\u00a0!<\/p>\n<div style=\"width: 1280px;\" class=\"wp-video\"><!--[if lt IE 9]><script>document.createElement('video');<\/script><![endif]--><br \/>\n<video class=\"wp-video-shortcode\" id=\"video-834-1\" width=\"1280\" height=\"720\" loop autoplay preload=\"metadata\" controls=\"controls\"><source type=\"video\/mp4\" src=\"http:\/\/cmykprinted.com\/wp-content\/uploads\/2022\/12\/Metal-Transfer-Sticker.mp4?_=1\" \/><a href=\"http:\/\/cmykprinted.com\/wp-content\/uploads\/2022\/12\/Metal-Transfer-Sticker.mp4\">http:\/\/cmykprinted.com\/wp-content\/uploads\/2022\/12\/Metal-Transfer-Sticker.mp4<\/a><\/video><\/div>\n<p>&nbsp;<\/p>","protected":false},"featured_media":835,"template":"","meta":{"_kad_post_transparent":"default","_kad_post_title":"hide","_kad_post_layout":"fullwidth","_kad_post_sidebar_id":"","_kad_post_content_style":"unboxed","_kad_post_vertical_padding":"hide","_kad_post_feature":"hide","_kad_post_feature_position":"","_kad_post_header":false,"_kad_post_footer":false},"product_cat":[101,102],"product_tag":[232,233,230,231],"class_list":{"0":"post-834","1":"product","2":"type-product","3":"status-publish","4":"has-post-thumbnail","6":"product_cat-transfer-stickers","7":"product_cat-metal-transfer-stickers","8":"product_tag-3d-transfer-sticker","9":"product_tag-adhesive-metal-sticker","10":"product_tag-metallic-letters-labels","11":"product_tag-transfer-metal-sticker","13":"first","14":"instock","15":"shipping-taxable","16":"product-type-simple","17":"entry","18":"content-bg","19":"loop-entry"},"_links":{"self":[{"href":"https:\/\/cmykprinted.com\/fr\/wp-json\/wp\/v2\/product\/834","targetHints":{"allow":["GET"]}}],"collection":[{"href":"https:\/\/cmykprinted.com\/fr\/wp-json\/wp\/v2\/product"}],"about":[{"href":"https:\/\/cmykprinted.com\/fr\/wp-json\/wp\/v2\/types\/product"}],"version-history":[{"count":1,"href":"https:\/\/cmykprinted.com\/fr\/wp-json\/wp\/v2\/product\/834\/revisions"}],"predecessor-version":[{"id":841,"href":"https:\/\/cmykprinted.com\/fr\/wp-json\/wp\/v2\/product\/834\/revisions\/841"}],"wp:featuredmedia":[{"embeddable":true,"href":"https:\/\/cmykprinted.com\/fr\/wp-json\/wp\/v2\/media\/835"}],"wp:attachment":[{"href":"https:\/\/cmykprinted.com\/fr\/wp-json\/wp\/v2\/media?parent=834"}],"wp:term":[{"taxonomy":"product_cat","embeddable":true,"href":"https:\/\/cmykprinted.com\/fr\/wp-json\/wp\/v2\/product_cat?post=834"},{"taxonomy":"product_tag","embeddable":true,"href":"https:\/\/cmykprinted.com\/fr\/wp-json\/wp\/v2\/product_tag?post=834"}],"curies":[{"name":"wp","href":"https:\/\/api.w.org\/{rel}","templated":true}]}}