{"id":842,"date":"2023-01-01T06:44:35","date_gmt":"2023-01-01T06:44:35","guid":{"rendered":"https:\/\/cmykprinted.com\/?post_type=product&#038;p=842"},"modified":"2023-01-01T06:50:35","modified_gmt":"2023-01-01T06:50:35","slug":"rectangle-flag-banners-with-custom-printing-fast-delivery","status":"publish","type":"product","link":"https:\/\/cmykprinted.com\/fr\/produit\/rectangle-flag-banners-with-custom-printing-fast-delivery\/","title":{"rendered":"Banni\u00e8res drapeau rectangle avec impression personnalis\u00e9e et livraison rapide"},"content":{"rendered":"","protected":false},"excerpt":{"rendered":"<p>Si vous cherchez \u00e0 avoir un impact important avec votre prochaine promotion ou \u00e9v\u00e9nement, pensez \u00e0 imprimer des banni\u00e8res de drapeau rectangle personnalis\u00e9es avec votre logo ou le design de votre choix. Ces banni\u00e8res sont disponibles en trois tailles - 5 pieds, 8 pieds ou 11 pieds - afin que vous puissiez choisir l&#039;option qui correspond le mieux \u00e0 vos besoins. Lorsque plusieurs drapeaux sont align\u00e9s dans une rang\u00e9e, ils cr\u00e9ent un affichage \u00e9norme et visuellement impressionnant qui donnera une ambiance propre, professionnelle et excitante \u00e0 votre \u00e9v\u00e9nement.<br \/>\nL&#039;un des avantages de ces banni\u00e8res rectangulaires est que l&#039;impression personnalis\u00e9e au recto est visible au verso au format image miroir. Cela signifie que vous pouvez les utiliser dans une vari\u00e9t\u00e9 de param\u00e8tres et que votre message reste bien en vue. De plus, l&#039;impression recto-verso est disponible pour ceux qui souhaitent transmettre un double message.<br \/>\nCommencer avec votre banni\u00e8re rectangulaire personnalis\u00e9e est facile - t\u00e9l\u00e9chargez simplement votre logo ou votre design en suivant les instructions ci-dessus, ou t\u00e9l\u00e9chargez le mod\u00e8le d&#039;art ci-dessous et cr\u00e9ez votre propre fichier \u00e0 t\u00e9l\u00e9charger et \u00e0 payer. Gr\u00e2ce \u00e0 notre impression de haute qualit\u00e9 et \u00e0 notre souci du d\u00e9tail, vous pouvez \u00eatre s\u00fbr que votre banni\u00e8re drapeau rectangle fera une impression durable sur votre public.<\/p>\n<div style=\"width: 1280px;\" class=\"wp-video\"><!--[if lt IE 9]><script>document.createElement('video');<\/script><![endif]--><br \/>\n<video class=\"wp-video-shortcode\" id=\"video-842-1\" width=\"1280\" height=\"720\" loop autoplay preload=\"metadata\" controls=\"controls\"><source type=\"video\/mp4\" src=\"http:\/\/cmykprinted.com\/wp-content\/uploads\/2022\/12\/Feather-beach-flags.mp4?_=1\" \/><a href=\"http:\/\/cmykprinted.com\/wp-content\/uploads\/2022\/12\/Feather-beach-flags.mp4\">http:\/\/cmykprinted.com\/wp-content\/uploads\/2022\/12\/Feather-beach-flags.mp4<\/a><\/video><\/div>","protected":false},"featured_media":843,"template":"","meta":{"_kad_post_transparent":"default","_kad_post_title":"hide","_kad_post_layout":"fullwidth","_kad_post_sidebar_id":"","_kad_post_content_style":"unboxed","_kad_post_vertical_padding":"hide","_kad_post_feature":"hide","_kad_post_feature_position":"","_kad_post_header":false,"_kad_post_footer":false},"product_cat":[64,66],"product_tag":[236,235,234],"class_list":{"0":"post-842","1":"product","2":"type-product","3":"status-publish","4":"has-post-thumbnail","6":"product_cat-beach-flags","7":"product_cat-rectangular-flags-banners","8":"product_tag-custom-rectangle-banners","9":"product_tag-custom-rectangle-flag","10":"product_tag-rectangle-flag-banners","12":"first","13":"instock","14":"shipping-taxable","15":"product-type-simple","16":"entry","17":"content-bg","18":"loop-entry"},"_links":{"self":[{"href":"https:\/\/cmykprinted.com\/fr\/wp-json\/wp\/v2\/product\/842","targetHints":{"allow":["GET"]}}],"collection":[{"href":"https:\/\/cmykprinted.com\/fr\/wp-json\/wp\/v2\/product"}],"about":[{"href":"https:\/\/cmykprinted.com\/fr\/wp-json\/wp\/v2\/types\/product"}],"version-history":[{"count":1,"href":"https:\/\/cmykprinted.com\/fr\/wp-json\/wp\/v2\/product\/842\/revisions"}],"predecessor-version":[{"id":848,"href":"https:\/\/cmykprinted.com\/fr\/wp-json\/wp\/v2\/product\/842\/revisions\/848"}],"wp:featuredmedia":[{"embeddable":true,"href":"https:\/\/cmykprinted.com\/fr\/wp-json\/wp\/v2\/media\/843"}],"wp:attachment":[{"href":"https:\/\/cmykprinted.com\/fr\/wp-json\/wp\/v2\/media?parent=842"}],"wp:term":[{"taxonomy":"product_cat","embeddable":true,"href":"https:\/\/cmykprinted.com\/fr\/wp-json\/wp\/v2\/product_cat?post=842"},{"taxonomy":"product_tag","embeddable":true,"href":"https:\/\/cmykprinted.com\/fr\/wp-json\/wp\/v2\/product_tag?post=842"}],"curies":[{"name":"wp","href":"https:\/\/api.w.org\/{rel}","templated":true}]}}