{"id":858,"date":"2023-01-01T07:50:37","date_gmt":"2023-01-01T07:50:37","guid":{"rendered":"https:\/\/cmykprinted.com\/?post_type=product&#038;p=858"},"modified":"2023-01-01T07:57:12","modified_gmt":"2023-01-01T07:57:12","slug":"custom-branded-promotional-hand-held-stick-flags-printing","status":"publish","type":"product","link":"https:\/\/cmykprinted.com\/fr\/produit\/custom-branded-promotional-hand-held-stick-flags-printing\/","title":{"rendered":"Impression de drapeaux de b\u00e2ton tenus dans la main promotionnels de marque personnalis\u00e9e"},"content":{"rendered":"","protected":false},"excerpt":{"rendered":"<p>Les drapeaux \u00e0 main sont un choix populaire pour les entreprises et les organisations qui cherchent \u00e0 accro\u00eetre la visibilit\u00e9 de leur marque et \u00e0 s&#039;engager aupr\u00e8s de leur public cible lors de d\u00e9fil\u00e9s, d&#039;\u00e9v\u00e9nements sportifs et d&#039;autres rassemblements en plein air. Ces drapeaux sont particuli\u00e8rement populaires aupr\u00e8s des enfants et des autres participants qui aiment les agiter et montrer leur soutien \u00e0 une cause ou \u00e0 une \u00e9quipe particuli\u00e8re.<br \/>\nL&#039;un des principaux arguments de vente des drapeaux \u00e0 b\u00e2ton portatifs est la grande zone de marque, qui permet aux entreprises d&#039;utiliser chaque millim\u00e8tre de l&#039;espace affich\u00e9 \u00e0 l&#039;exception de la bande blanche autour du b\u00e2ton mont\u00e9. Cela offre aux entreprises un espace suffisant pour pr\u00e9senter leur identit\u00e9 de marque, leur logo et leur message, en veillant \u00e0 ce qu&#039;elles soient vues par un public large et r\u00e9ceptif.<br \/>\nEn plus d&#039;\u00eatre un outil de marketing efficace, les drapeaux \u00e0 main sont \u00e9galement un choix abordable pour les entreprises et les organisations qui cherchent \u00e0 promouvoir leur marque. Ils sont fabriqu\u00e9s \u00e0 partir de mat\u00e9riaux durables, tels que le polyester ou le nylon, et comportent un b\u00e2ton en bois ou en plastique pour une ondulation facile. Ces drapeaux sont l\u00e9gers et faciles \u00e0 transporter, ce qui en fait un choix pratique pour les \u00e9v\u00e9nements en plein air.<br \/>\nDans l&#039;ensemble, les drapeaux b\u00e2ton portatifs sont un outil de marketing rentable et interactif qui peut \u00eatre utilis\u00e9 pour promouvoir une identit\u00e9 de marque et augmenter la visibilit\u00e9 lors de divers \u00e9v\u00e9nements.<\/p>\n<div style=\"width: 1290px;\" class=\"wp-video\"><!--[if lt IE 9]><script>document.createElement('video');<\/script><![endif]--><br \/>\n<video class=\"wp-video-shortcode\" id=\"video-858-1\" width=\"1290\" height=\"726\" loop autoplay preload=\"auto\" controls=\"controls\"><source type=\"video\/mp4\" src=\"http:\/\/cmykprinted.com\/wp-content\/uploads\/2022\/12\/Custom-Printed-Hand-Flags.mp4?_=1\" \/><a href=\"http:\/\/cmykprinted.com\/wp-content\/uploads\/2022\/12\/Custom-Printed-Hand-Flags.mp4\">http:\/\/cmykprinted.com\/wp-content\/uploads\/2022\/12\/Custom-Printed-Hand-Flags.mp4<\/a><\/video><\/div>\n<p>&nbsp;<\/p>","protected":false},"featured_media":859,"template":"","meta":{"_kad_post_transparent":"default","_kad_post_title":"hide","_kad_post_layout":"fullwidth","_kad_post_sidebar_id":"","_kad_post_content_style":"unboxed","_kad_post_vertical_padding":"hide","_kad_post_feature":"hide","_kad_post_feature_position":"","_kad_post_header":false,"_kad_post_footer":false},"product_cat":[79],"product_tag":[153,243,241,242],"class_list":{"0":"post-858","1":"product","2":"type-product","3":"status-publish","4":"has-post-thumbnail","6":"product_cat-custom-flags","7":"product_tag-custom-hand-flags","8":"product_tag-hand-flags-printing","9":"product_tag-hand-held-stick-flags","10":"product_tag-promotional-hand-flags","12":"first","13":"instock","14":"shipping-taxable","15":"product-type-simple","16":"entry","17":"content-bg","18":"loop-entry"},"_links":{"self":[{"href":"https:\/\/cmykprinted.com\/fr\/wp-json\/wp\/v2\/product\/858","targetHints":{"allow":["GET"]}}],"collection":[{"href":"https:\/\/cmykprinted.com\/fr\/wp-json\/wp\/v2\/product"}],"about":[{"href":"https:\/\/cmykprinted.com\/fr\/wp-json\/wp\/v2\/types\/product"}],"version-history":[{"count":2,"href":"https:\/\/cmykprinted.com\/fr\/wp-json\/wp\/v2\/product\/858\/revisions"}],"predecessor-version":[{"id":865,"href":"https:\/\/cmykprinted.com\/fr\/wp-json\/wp\/v2\/product\/858\/revisions\/865"}],"wp:featuredmedia":[{"embeddable":true,"href":"https:\/\/cmykprinted.com\/fr\/wp-json\/wp\/v2\/media\/859"}],"wp:attachment":[{"href":"https:\/\/cmykprinted.com\/fr\/wp-json\/wp\/v2\/media?parent=858"}],"wp:term":[{"taxonomy":"product_cat","embeddable":true,"href":"https:\/\/cmykprinted.com\/fr\/wp-json\/wp\/v2\/product_cat?post=858"},{"taxonomy":"product_tag","embeddable":true,"href":"https:\/\/cmykprinted.com\/fr\/wp-json\/wp\/v2\/product_tag?post=858"}],"curies":[{"name":"wp","href":"https:\/\/api.w.org\/{rel}","templated":true}]}}