{"id":875,"date":"2023-01-01T08:42:13","date_gmt":"2023-01-01T08:42:13","guid":{"rendered":"https:\/\/cmykprinted.com\/?post_type=product&#038;p=875"},"modified":"2023-01-01T08:53:01","modified_gmt":"2023-01-01T08:53:01","slug":"wholesale-personalized-advertising-matte-pvc-vinyl-banner","status":"publish","type":"product","link":"https:\/\/cmykprinted.com\/fr\/produit\/wholesale-personalized-advertising-matte-pvc-vinyl-banner\/","title":{"rendered":"Banni\u00e8re publicitaire personnalis\u00e9e en vinyle PVC mat en gros"},"content":{"rendered":"","protected":false},"excerpt":{"rendered":"<p>Si vous avez besoin d&#039;une solution publicitaire durable et durable pour votre entreprise, nos banni\u00e8res en vinyle PVC mat peuvent \u00eatre le choix parfait. Fabriqu\u00e9es \u00e0 partir d&#039;un mat\u00e9riau flexible en PVC robuste, ces banni\u00e8res offrent une excellente r\u00e9sistance et durabilit\u00e9 contre les \u00e9l\u00e9ments ext\u00e9rieurs agressifs, ce qui les rend adapt\u00e9es \u00e0 une utilisation en ext\u00e9rieur.<br \/>\nQue vous fassiez la promotion d&#039;un \u00e9v\u00e9nement, pr\u00e9sentiez vos produits ou services, ou que vous partagiez simplement des informations importantes avec votre public, nos banni\u00e8res mates personnalis\u00e9es sont un choix efficace et rentable. Leur nature durable leur permet de r\u00e9sister aux \u00e9l\u00e9ments et de fournir un service \u00e0 long terme, vous pouvez donc les r\u00e9utiliser chaque fois que n\u00e9cessaire.<br \/>\nL&#039;un des avantages de l&#039;utilisation de banni\u00e8res en vinyle PVC mat est qu&#039;elles peuvent aider \u00e0 r\u00e9duire les d\u00e9penses publicitaires globales de votre \u00e9tablissement. Puisqu&#039;ils sont si durables et durables, vous n&#039;aurez pas \u00e0 vous soucier des achats ou des remplacements fr\u00e9quents. Cela peut vous faire \u00e9conomiser du temps et de l&#039;argent \u00e0 long terme, tout en garantissant que vos banni\u00e8res restent en parfait \u00e9tat et continuent de promouvoir efficacement votre entreprise.<br \/>\nEn conclusion, nos banni\u00e8res en vinyle PVC mat sont un choix fiable et \u00e9conomique pour annoncer votre entreprise \u00e0 l&#039;ext\u00e9rieur. Leur mat\u00e9riau robuste et leur construction durable les rendent adapt\u00e9s \u00e0 une utilisation \u00e0 long terme, vous aidant \u00e0 \u00e9conomiser de l&#039;argent et \u00e0 atteindre vos objectifs publicitaires.<\/p>\n<div style=\"width: 1280px;\" class=\"wp-video\"><!--[if lt IE 9]><script>document.createElement('video');<\/script><![endif]--><br \/>\n<video class=\"wp-video-shortcode\" id=\"video-875-1\" width=\"1280\" height=\"720\" loop autoplay preload=\"metadata\" controls=\"controls\"><source type=\"video\/mp4\" src=\"http:\/\/cmykprinted.com\/wp-content\/uploads\/2022\/12\/PVC-Mesh-Banner.mp4?_=1\" \/><a href=\"http:\/\/cmykprinted.com\/wp-content\/uploads\/2022\/12\/PVC-Mesh-Banner.mp4\">http:\/\/cmykprinted.com\/wp-content\/uploads\/2022\/12\/PVC-Mesh-Banner.mp4<\/a><\/video><\/div>","protected":false},"featured_media":876,"template":"","meta":{"_kad_post_transparent":"default","_kad_post_title":"hide","_kad_post_layout":"fullwidth","_kad_post_sidebar_id":"","_kad_post_content_style":"unboxed","_kad_post_vertical_padding":"hide","_kad_post_feature":"hide","_kad_post_feature_position":"","_kad_post_header":false,"_kad_post_footer":false},"product_cat":[85,90,91,89,88],"product_tag":[189,191,188,190,187],"class_list":{"0":"post-875","1":"product","2":"type-product","3":"status-publish","4":"has-post-thumbnail","6":"product_cat-outdoor-vinyl-banners","7":"product_cat-glossy-pvc-banners","8":"product_cat-matte-vinyl-banners","9":"product_cat-pvc-banners","10":"product_cat-pvc-mesh-banners","11":"product_tag-advertising-mesh-banner","12":"product_tag-all-weather-mesh-banner","13":"product_tag-mesh-banner-printing","14":"product_tag-outdoor-mesh-banner","15":"product_tag-pvc-mesh-banner","17":"first","18":"instock","19":"shipping-taxable","20":"product-type-simple","21":"entry","22":"content-bg","23":"loop-entry"},"_links":{"self":[{"href":"https:\/\/cmykprinted.com\/fr\/wp-json\/wp\/v2\/product\/875","targetHints":{"allow":["GET"]}}],"collection":[{"href":"https:\/\/cmykprinted.com\/fr\/wp-json\/wp\/v2\/product"}],"about":[{"href":"https:\/\/cmykprinted.com\/fr\/wp-json\/wp\/v2\/types\/product"}],"version-history":[{"count":2,"href":"https:\/\/cmykprinted.com\/fr\/wp-json\/wp\/v2\/product\/875\/revisions"}],"predecessor-version":[{"id":883,"href":"https:\/\/cmykprinted.com\/fr\/wp-json\/wp\/v2\/product\/875\/revisions\/883"}],"wp:featuredmedia":[{"embeddable":true,"href":"https:\/\/cmykprinted.com\/fr\/wp-json\/wp\/v2\/media\/876"}],"wp:attachment":[{"href":"https:\/\/cmykprinted.com\/fr\/wp-json\/wp\/v2\/media?parent=875"}],"wp:term":[{"taxonomy":"product_cat","embeddable":true,"href":"https:\/\/cmykprinted.com\/fr\/wp-json\/wp\/v2\/product_cat?post=875"},{"taxonomy":"product_tag","embeddable":true,"href":"https:\/\/cmykprinted.com\/fr\/wp-json\/wp\/v2\/product_tag?post=875"}],"curies":[{"name":"wp","href":"https:\/\/api.w.org\/{rel}","templated":true}]}}