{"id":884,"date":"2023-01-01T12:57:04","date_gmt":"2023-01-01T12:57:04","guid":{"rendered":"https:\/\/cmykprinted.com\/?post_type=product&#038;p=884"},"modified":"2023-01-01T13:07:05","modified_gmt":"2023-01-01T13:07:05","slug":"portable-advertising-a-frame-round-pop-up-banners-stand","status":"publish","type":"product","link":"https:\/\/cmykprinted.com\/fr\/produit\/portable-advertising-a-frame-round-pop-up-banners-stand\/","title":{"rendered":"Support de banni\u00e8res publicitaires rondes A-Frame pour publicit\u00e9 portable"},"content":{"rendered":"","protected":false},"excerpt":{"rendered":"<p>Les banni\u00e8res pop-up rondes offrent une option unique et peu encombrante pour les affichages sur les trottoirs. Ces banni\u00e8res sont imprim\u00e9es par sublimation thermique, une m\u00e9thode d&#039;impression qui garantit des r\u00e9sultats durables et durables, m\u00eame lorsqu&#039;elles sont expos\u00e9es \u00e0 la lumi\u00e8re directe du soleil. L&#039;utilisation d&#039;un cadre en acier rend ces banni\u00e8res l\u00e9g\u00e8res et robustes, et elles sont livr\u00e9es avec des piquets qui peuvent \u00eatre utilis\u00e9s pour fixer la banni\u00e8re au sol si vous le souhaitez. Ces banni\u00e8res pop-up sont polyvalentes et peuvent \u00eatre utilis\u00e9es \u00e0 l&#039;int\u00e9rieur comme \u00e0 l&#039;ext\u00e9rieur, ce qui en fait un excellent choix pour une vari\u00e9t\u00e9 d&#039;\u00e9v\u00e9nements et de lieux, tels que des \u00e9v\u00e9nements sportifs, des tournois, des festivals, des stations de ski, etc. Ils sont un choix id\u00e9al pour tous ceux qui cherchent \u00e0 faire une d\u00e9claration et \u00e0 se d\u00e9marquer dans un environnement bond\u00e9 et occup\u00e9.<\/p>\n<div style=\"width: 1280px;\" class=\"wp-video\"><!--[if lt IE 9]><script>document.createElement('video');<\/script><![endif]--><br \/>\n<video class=\"wp-video-shortcode\" id=\"video-884-1\" width=\"1280\" height=\"720\" loop autoplay preload=\"metadata\" controls=\"controls\"><source type=\"video\/mp4\" src=\"http:\/\/cmykprinted.com\/wp-content\/uploads\/2022\/12\/Triangle-Pop-Up-Banners.mp4?_=1\" \/><a href=\"http:\/\/cmykprinted.com\/wp-content\/uploads\/2022\/12\/Triangle-Pop-Up-Banners.mp4\">http:\/\/cmykprinted.com\/wp-content\/uploads\/2022\/12\/Triangle-Pop-Up-Banners.mp4<\/a><\/video><\/div>","protected":false},"featured_media":885,"template":"","meta":{"_kad_post_transparent":"default","_kad_post_title":"hide","_kad_post_layout":"fullwidth","_kad_post_sidebar_id":"","_kad_post_content_style":"unboxed","_kad_post_vertical_padding":"hide","_kad_post_feature":"hide","_kad_post_feature_position":"","_kad_post_header":false,"_kad_post_footer":false},"product_cat":[92,93],"product_tag":[248,224,249,247],"class_list":{"0":"post-884","1":"product","2":"type-product","3":"status-publish","4":"has-post-thumbnail","6":"product_cat-pop-up-banners","7":"product_cat-circle-pop-up-banners","8":"product_tag-a-frame-pop-up-banne","9":"product_tag-advertising-pop-up-banners","10":"product_tag-portable-pop-up-banners","11":"product_tag-round-pop-up-banners","13":"first","14":"instock","15":"shipping-taxable","16":"product-type-simple","17":"entry","18":"content-bg","19":"loop-entry"},"_links":{"self":[{"href":"https:\/\/cmykprinted.com\/fr\/wp-json\/wp\/v2\/product\/884","targetHints":{"allow":["GET"]}}],"collection":[{"href":"https:\/\/cmykprinted.com\/fr\/wp-json\/wp\/v2\/product"}],"about":[{"href":"https:\/\/cmykprinted.com\/fr\/wp-json\/wp\/v2\/types\/product"}],"version-history":[{"count":1,"href":"https:\/\/cmykprinted.com\/fr\/wp-json\/wp\/v2\/product\/884\/revisions"}],"predecessor-version":[{"id":892,"href":"https:\/\/cmykprinted.com\/fr\/wp-json\/wp\/v2\/product\/884\/revisions\/892"}],"wp:featuredmedia":[{"embeddable":true,"href":"https:\/\/cmykprinted.com\/fr\/wp-json\/wp\/v2\/media\/885"}],"wp:attachment":[{"href":"https:\/\/cmykprinted.com\/fr\/wp-json\/wp\/v2\/media?parent=884"}],"wp:term":[{"taxonomy":"product_cat","embeddable":true,"href":"https:\/\/cmykprinted.com\/fr\/wp-json\/wp\/v2\/product_cat?post=884"},{"taxonomy":"product_tag","embeddable":true,"href":"https:\/\/cmykprinted.com\/fr\/wp-json\/wp\/v2\/product_tag?post=884"}],"curies":[{"name":"wp","href":"https:\/\/api.w.org\/{rel}","templated":true}]}}