{"id":904,"date":"2023-01-11T13:28:48","date_gmt":"2023-01-11T13:28:48","guid":{"rendered":"https:\/\/cmykprinted.com\/?post_type=product&#038;p=904"},"modified":"2023-01-12T06:44:08","modified_gmt":"2023-01-12T06:44:08","slug":"uv-3d-dtf-vinyl-adhesive-transfer-stickers-labels-printing","status":"publish","type":"product","link":"https:\/\/cmykprinted.com\/fr\/produit\/uv-3d-dtf-vinyl-adhesive-transfer-stickers-labels-printing\/","title":{"rendered":"Impression d&#039;\u00e9tiquettes d&#039;autocollants de transfert adh\u00e9sif en vinyle UV 3D DTF"},"content":{"rendered":"","protected":false},"excerpt":{"rendered":"<p>Pr\u00e9sentation de notre nouvel autocollant UV personnalis\u00e9 avec un effet st\u00e9r\u00e9o 3D unique. Vous pouvez concevoir votre propre motif, logo ou texte pour les autocollants. Fabriqu\u00e9s \u00e0 partir de p\u00e2te de transfert UV, les autocollants sont hautement adh\u00e9sifs, imperm\u00e9ables et r\u00e9sistants aux rayures. Cependant, il est important de noter que l&#039;utilisation d&#039;eau chaude ou de chauffage peut affecter le caract\u00e8re collant de la p\u00e2te. Ces autocollants peuvent \u00eatre appliqu\u00e9s sur une vari\u00e9t\u00e9 de surfaces lisses, y compris le m\u00e9tal, le plastique, le verre, les surfaces peintes, les livres, le carton, le bois et m\u00eame les voitures (assurez-vous simplement que la surface est propre avant de l&#039;appliquer). La taille d&#039;impression des autocollants est A3 (11X16 pouces), et la quantit\u00e9 d&#039;autocollants que vous recevrez d\u00e9pendra de la taille que vous choisissez. Si vous avez besoin de plus de quantit\u00e9, veuillez nous en informer \u00e0 l&#039;avance. De plus, pour de meilleurs r\u00e9sultats, veuillez t\u00e9l\u00e9charger des images de haute qualit\u00e9, haute r\u00e9solution, claires, plus grandes, en mode macro et mises au point. Plus la qualit\u00e9 de la photo est \u00e9lev\u00e9e, meilleur sera l&#039;effet final.<\/p>\n<div style=\"width: 1280px;\" class=\"wp-video\"><!--[if lt IE 9]><script>document.createElement('video');<\/script><![endif]--><br \/>\n<video class=\"wp-video-shortcode\" id=\"video-904-1\" width=\"1280\" height=\"720\" loop autoplay preload=\"auto\" controls=\"controls\"><source type=\"video\/mp4\" src=\"http:\/\/cmykprinted.com\/wp-content\/uploads\/2022\/12\/UV-transfer-stickers.mp4?_=1\" \/><a href=\"http:\/\/cmykprinted.com\/wp-content\/uploads\/2022\/12\/UV-transfer-stickers.mp4\">http:\/\/cmykprinted.com\/wp-content\/uploads\/2022\/12\/UV-transfer-stickers.mp4<\/a><\/video><\/div>","protected":false},"featured_media":905,"template":"","meta":{"_kad_post_transparent":"default","_kad_post_title":"hide","_kad_post_layout":"fullwidth","_kad_post_sidebar_id":"","_kad_post_content_style":"unboxed","_kad_post_vertical_padding":"hide","_kad_post_feature":"hide","_kad_post_feature_position":"","_kad_post_header":false,"_kad_post_footer":false},"product_cat":[101,103],"product_tag":[202,252,251,250],"class_list":{"0":"post-904","1":"product","2":"type-product","3":"status-publish","4":"has-post-thumbnail","6":"product_cat-transfer-stickers","7":"product_cat-uv-transfer-stickers","8":"product_tag-adhesive-transfer-stickers","9":"product_tag-dtf-transfer-stickers","10":"product_tag-uv-3d-stickers","11":"product_tag-vinyl-transfer-stickers","13":"first","14":"instock","15":"shipping-taxable","16":"product-type-simple","17":"entry","18":"content-bg","19":"loop-entry"},"_links":{"self":[{"href":"https:\/\/cmykprinted.com\/fr\/wp-json\/wp\/v2\/product\/904","targetHints":{"allow":["GET"]}}],"collection":[{"href":"https:\/\/cmykprinted.com\/fr\/wp-json\/wp\/v2\/product"}],"about":[{"href":"https:\/\/cmykprinted.com\/fr\/wp-json\/wp\/v2\/types\/product"}],"version-history":[{"count":3,"href":"https:\/\/cmykprinted.com\/fr\/wp-json\/wp\/v2\/product\/904\/revisions"}],"predecessor-version":[{"id":912,"href":"https:\/\/cmykprinted.com\/fr\/wp-json\/wp\/v2\/product\/904\/revisions\/912"}],"wp:featuredmedia":[{"embeddable":true,"href":"https:\/\/cmykprinted.com\/fr\/wp-json\/wp\/v2\/media\/905"}],"wp:attachment":[{"href":"https:\/\/cmykprinted.com\/fr\/wp-json\/wp\/v2\/media?parent=904"}],"wp:term":[{"taxonomy":"product_cat","embeddable":true,"href":"https:\/\/cmykprinted.com\/fr\/wp-json\/wp\/v2\/product_cat?post=904"},{"taxonomy":"product_tag","embeddable":true,"href":"https:\/\/cmykprinted.com\/fr\/wp-json\/wp\/v2\/product_tag?post=904"}],"curies":[{"name":"wp","href":"https:\/\/api.w.org\/{rel}","templated":true}]}}