{"id":913,"date":"2023-01-13T12:49:09","date_gmt":"2023-01-13T12:49:09","guid":{"rendered":"https:\/\/cmykprinted.com\/?post_type=product&#038;p=913"},"modified":"2023-01-13T12:59:43","modified_gmt":"2023-01-13T12:59:43","slug":"custom-personalized-teardrop-shaped-advertising-flags","status":"publish","type":"product","link":"https:\/\/cmykprinted.com\/fr\/produit\/custom-personalized-teardrop-shaped-advertising-flags\/","title":{"rendered":"Drapeaux publicitaires personnalis\u00e9s en forme de larme"},"content":{"rendered":"","protected":false},"excerpt":{"rendered":"<p>Les drapeaux publicitaires en forme de larme, \u00e9galement connus sous le nom de banni\u00e8res \u00e0 plumes, sont un excellent moyen de promouvoir votre entreprise et de capter l&#039;attention de clients potentiels. Avec une vari\u00e9t\u00e9 d&#039;options disponibles, nos drapeaux peuvent \u00eatre utilis\u00e9s \u00e0 l&#039;int\u00e9rieur et \u00e0 l&#039;ext\u00e9rieur, ce qui en fait un choix polyvalent pour toute entreprise.<br \/>\nNos drapeaux sont livr\u00e9s avec plusieurs options de base, y compris des pointes de sol et des bases crois\u00e9es, pour s&#039;assurer qu&#039;ils peuvent \u00eatre plac\u00e9s n&#039;importe o\u00f9. Nous proposons \u00e9galement des options d&#039;impression recto et recto-verso, afin que votre publicit\u00e9 soit visible sous tous les angles.<br \/>\nNos drapeaux sont fabriqu\u00e9s \u00e0 partir de 3,24 oz durables. tissu polyester et sont imprim\u00e9s avec une encre r\u00e9sistante aux UV pour garantir qu&#039;ils peuvent r\u00e9sister aux \u00e9l\u00e9ments et durer longtemps. Les drapeaux sont \u00e9galement l\u00e9gers et faciles \u00e0 transporter, ce qui les rend parfaits pour les \u00e9v\u00e9nements et les salons professionnels.<br \/>\nLorsque vous achetez l&#039;un de nos kits de m\u00e2ts, vous recevrez \u00e9galement un sac de voyage, ce qui facilitera le transport de votre drapeau \u00e0 diff\u00e9rents endroits. Avec nos drapeaux de haute qualit\u00e9 et nos options de voyage pratiques, vous pouvez \u00eatre s\u00fbr que votre entreprise sera vue partout o\u00f9 vous irez.<\/p>\n<div style=\"width: 1280px;\" class=\"wp-video\"><!--[if lt IE 9]><script>document.createElement('video');<\/script><![endif]--><br \/>\n<video class=\"wp-video-shortcode\" id=\"video-913-1\" width=\"1280\" height=\"720\" loop autoplay preload=\"metadata\" controls=\"controls\"><source type=\"video\/mp4\" src=\"http:\/\/cmykprinted.com\/wp-content\/uploads\/2022\/12\/Feather-beach-flags.mp4?_=1\" \/><a href=\"http:\/\/cmykprinted.com\/wp-content\/uploads\/2022\/12\/Feather-beach-flags.mp4\">http:\/\/cmykprinted.com\/wp-content\/uploads\/2022\/12\/Feather-beach-flags.mp4<\/a><\/video><\/div>","protected":false},"featured_media":914,"template":"","meta":{"_kad_post_transparent":"default","_kad_post_title":"hide","_kad_post_layout":"fullwidth","_kad_post_sidebar_id":"","_kad_post_content_style":"unboxed","_kad_post_vertical_padding":"hide","_kad_post_feature":"hide","_kad_post_feature_position":"","_kad_post_header":false,"_kad_post_footer":false},"product_cat":[64,67],"product_tag":[254,255,256,253],"class_list":{"0":"post-913","1":"product","2":"type-product","3":"status-publish","4":"has-post-thumbnail","6":"product_cat-beach-flags","7":"product_cat-teardrop-flags-banners","8":"product_tag-custom-teardrop-flags","9":"product_tag-personalized-teardrop-flags","10":"product_tag-teardrop-advertising-flags","11":"product_tag-teardrop-shaped-advertising-flags","13":"first","14":"instock","15":"shipping-taxable","16":"product-type-simple","17":"entry","18":"content-bg","19":"loop-entry"},"_links":{"self":[{"href":"https:\/\/cmykprinted.com\/fr\/wp-json\/wp\/v2\/product\/913","targetHints":{"allow":["GET"]}}],"collection":[{"href":"https:\/\/cmykprinted.com\/fr\/wp-json\/wp\/v2\/product"}],"about":[{"href":"https:\/\/cmykprinted.com\/fr\/wp-json\/wp\/v2\/types\/product"}],"version-history":[{"count":2,"href":"https:\/\/cmykprinted.com\/fr\/wp-json\/wp\/v2\/product\/913\/revisions"}],"predecessor-version":[{"id":920,"href":"https:\/\/cmykprinted.com\/fr\/wp-json\/wp\/v2\/product\/913\/revisions\/920"}],"wp:featuredmedia":[{"embeddable":true,"href":"https:\/\/cmykprinted.com\/fr\/wp-json\/wp\/v2\/media\/914"}],"wp:attachment":[{"href":"https:\/\/cmykprinted.com\/fr\/wp-json\/wp\/v2\/media?parent=913"}],"wp:term":[{"taxonomy":"product_cat","embeddable":true,"href":"https:\/\/cmykprinted.com\/fr\/wp-json\/wp\/v2\/product_cat?post=913"},{"taxonomy":"product_tag","embeddable":true,"href":"https:\/\/cmykprinted.com\/fr\/wp-json\/wp\/v2\/product_tag?post=913"}],"curies":[{"name":"wp","href":"https:\/\/api.w.org\/{rel}","templated":true}]}}