{"id":921,"date":"2023-01-13T13:12:06","date_gmt":"2023-01-13T13:12:06","guid":{"rendered":"https:\/\/cmykprinted.com\/?post_type=product&#038;p=921"},"modified":"2023-01-13T13:59:27","modified_gmt":"2023-01-13T13:59:27","slug":"promotional-5-x-5-pop-up-tent-outdoor-indoor-canopy-tent","status":"publish","type":"product","link":"https:\/\/cmykprinted.com\/fr\/produit\/promotional-5-x-5-pop-up-tent-outdoor-indoor-canopy-tent\/","title":{"rendered":"Tente pop-up promotionnelle de 5 pi x 5 pi pour l&#039;ext\u00e9rieur et l&#039;int\u00e9rieur"},"content":{"rendered":"","protected":false},"excerpt":{"rendered":"<p>Cette tente pop-up 5 \u00d7 5 est la solution parfaite pour fournir de l&#039;ombre et un abri lors de votre vente sur le trottoir, stand de march\u00e9 fermier ou \u00e9v\u00e9nement en plein air. Disponible dans une vari\u00e9t\u00e9 de couleurs, y compris le blanc, le vert, le rouge, le bleu marine et le noir, vous pouvez choisir la couleur parfaite pour correspondre \u00e0 votre \u00e9v\u00e9nement ou \u00e0 votre marque. La tente est fabriqu\u00e9e en aluminium durable, ce qui la rend facile \u00e0 assembler en quelques secondes, et elle se range dans une mallette de transport \u00e0 roulettes lorsque vous avez fini de l&#039;utiliser, ce qui la rend facile \u00e0 transporter et \u00e0 ranger.<br \/>\nCette tente pop-up commerciale 5 \u00d7 5 est maintenue fermement en place avec des piquets d&#039;ancrage et cr\u00e9e un total de 25 pieds carr\u00e9s d&#039;ombre. Il est parfait pour les \u00e9v\u00e9nements en plein air, les petites cabines d&#039;enregistrement, les matchs sportifs ou les sorties \u00e0 la plage, car il peut accueillir confortablement environ deux chaises de jardin ou une petite table et peut r\u00e9sister \u00e0 des vents de 30 MPH. L&#039;auvent en polyester color\u00e9 est ignifuge et certifi\u00e9 par test de pression hydrostatique pour une solution commerciale s\u00fbre. Les pieds t\u00e9lescopiques \u00e0 goupille de traction peuvent \u00eatre ajust\u00e9s \u00e0 cinq r\u00e9glages de hauteur avec des leviers de pouss\u00e9e qui se verrouillent en place.<br \/>\nNotre tente pop-up 5\u00d75 de qualit\u00e9 commerciale est un moyen pratique de configurer rapidement un espace ombrag\u00e9 pour travailler ou jouer en quelques secondes. Que vous dirigiez une entreprise ou recherchiez simplement un moyen pratique de profiter du plein air, cette tente est le choix parfait. Avec son cadre en aluminium durable et sa conception facile \u00e0 assembler, c&#039;est le compl\u00e9ment parfait \u00e0 tout \u00e9v\u00e9nement ou rassemblement en plein air.<\/p>\n<div style=\"width: 1280px;\" class=\"wp-video\"><!--[if lt IE 9]><script>document.createElement('video');<\/script><![endif]--><br \/>\n<video class=\"wp-video-shortcode\" id=\"video-921-1\" width=\"1280\" height=\"720\" loop autoplay preload=\"auto\" controls=\"controls\"><source type=\"video\/mp4\" src=\"http:\/\/cmykprinted.com\/wp-content\/uploads\/2022\/12\/10x20ft-Pop-Up-Canopies.mp4?_=1\" \/><a href=\"http:\/\/cmykprinted.com\/wp-content\/uploads\/2022\/12\/10x20ft-Pop-Up-Canopies.mp4\">http:\/\/cmykprinted.com\/wp-content\/uploads\/2022\/12\/10x20ft-Pop-Up-Canopies.mp4<\/a><\/video><\/div>","protected":false},"featured_media":922,"template":"","meta":{"_kad_post_transparent":"default","_kad_post_title":"hide","_kad_post_layout":"fullwidth","_kad_post_sidebar_id":"","_kad_post_content_style":"unboxed","_kad_post_vertical_padding":"hide","_kad_post_feature":"hide","_kad_post_feature_position":"","_kad_post_header":false,"_kad_post_footer":false},"product_cat":[68,74,78],"product_tag":[257,259,258,260],"class_list":{"0":"post-921","1":"product","2":"type-product","3":"status-publish","4":"has-post-thumbnail","6":"product_cat-custom-canopy-tents","7":"product_cat-50mm-heavy-duty-hexagon-aluminum-tents","8":"product_cat-5x5ft-custom-pop-up-canopies-50mm-heavy-duty-hexagon-aluminum-tents-custom-canopy-tents","9":"product_tag-5-x-5-pop-up-tent","10":"product_tag-indoor-canopy-tent","11":"product_tag-outdoor-canopy-tent","12":"product_tag-promotional-pop-up-tent","14":"first","15":"instock","16":"shipping-taxable","17":"product-type-simple","18":"entry","19":"content-bg","20":"loop-entry"},"_links":{"self":[{"href":"https:\/\/cmykprinted.com\/fr\/wp-json\/wp\/v2\/product\/921","targetHints":{"allow":["GET"]}}],"collection":[{"href":"https:\/\/cmykprinted.com\/fr\/wp-json\/wp\/v2\/product"}],"about":[{"href":"https:\/\/cmykprinted.com\/fr\/wp-json\/wp\/v2\/types\/product"}],"version-history":[{"count":2,"href":"https:\/\/cmykprinted.com\/fr\/wp-json\/wp\/v2\/product\/921\/revisions"}],"predecessor-version":[{"id":929,"href":"https:\/\/cmykprinted.com\/fr\/wp-json\/wp\/v2\/product\/921\/revisions\/929"}],"wp:featuredmedia":[{"embeddable":true,"href":"https:\/\/cmykprinted.com\/fr\/wp-json\/wp\/v2\/media\/922"}],"wp:attachment":[{"href":"https:\/\/cmykprinted.com\/fr\/wp-json\/wp\/v2\/media?parent=921"}],"wp:term":[{"taxonomy":"product_cat","embeddable":true,"href":"https:\/\/cmykprinted.com\/fr\/wp-json\/wp\/v2\/product_cat?post=921"},{"taxonomy":"product_tag","embeddable":true,"href":"https:\/\/cmykprinted.com\/fr\/wp-json\/wp\/v2\/product_tag?post=921"}],"curies":[{"name":"wp","href":"https:\/\/api.w.org\/{rel}","templated":true}]}}