{"id":930,"date":"2023-01-15T04:21:00","date_gmt":"2023-01-15T04:21:00","guid":{"rendered":"https:\/\/cmykprinted.com\/?post_type=product&#038;p=930"},"modified":"2023-01-15T05:50:05","modified_gmt":"2023-01-15T05:50:05","slug":"cheapest-personalized-custom-printed-handheld-stick-flag","status":"publish","type":"product","link":"https:\/\/cmykprinted.com\/fr\/produit\/cheapest-personalized-custom-printed-handheld-stick-flag\/","title":{"rendered":"Drapeau de b\u00e2ton de poche imprim\u00e9 personnalis\u00e9 personnalis\u00e9 le moins cher"},"content":{"rendered":"","protected":false},"excerpt":{"rendered":"<p>Le drapeau b\u00e2ton portatif est un moyen \u00e9conomique et visuellement attrayant de pr\u00e9senter vos \u00e9v\u00e9nements ou promotions. En les personnalisant comme nos drapeaux personnalis\u00e9s habituels, mais avec une taille plus petite et facile \u00e0 tenir, ils sont le compl\u00e9ment parfait \u00e0 tout salon commercial, match sportif, d\u00e9fil\u00e9, conf\u00e9rence ou \u00e9v\u00e9nement. Ces drapeaux sont fabriqu\u00e9s en tissu polyester durable et sont imprim\u00e9s par sublimation thermique, ce qui garantit que les couleurs sont vives et fortes. Les drapeaux sont finis avec une cheville en plastique ou en bois, et chaque drapeau est attach\u00e9 au b\u00e2ton via un manchon de drapeau, ce qui garantit que le drapeau reste bien en place. Que vous fassiez la promotion d&#039;une entreprise, d&#039;une cause ou d&#039;un \u00e9v\u00e9nement sp\u00e9cial, ces drapeaux sont un excellent moyen de faire passer votre message.<\/p>","protected":false},"featured_media":931,"template":"","meta":{"_kad_post_transparent":"default","_kad_post_title":"hide","_kad_post_layout":"fullwidth","_kad_post_sidebar_id":"","_kad_post_content_style":"unboxed","_kad_post_vertical_padding":"hide","_kad_post_feature":"hide","_kad_post_feature_position":"","_kad_post_header":false,"_kad_post_footer":false},"product_cat":[79],"product_tag":[263,262,154,261],"class_list":{"0":"post-930","1":"product","2":"type-product","3":"status-publish","4":"has-post-thumbnail","6":"product_cat-custom-flags","7":"product_tag-cheapest-stick-flag","8":"product_tag-custom-stick-flag","9":"product_tag-handheld-stick-flag","10":"product_tag-personalized-stick-flag","12":"first","13":"instock","14":"shipping-taxable","15":"product-type-simple","16":"entry","17":"content-bg","18":"loop-entry"},"_links":{"self":[{"href":"https:\/\/cmykprinted.com\/fr\/wp-json\/wp\/v2\/product\/930","targetHints":{"allow":["GET"]}}],"collection":[{"href":"https:\/\/cmykprinted.com\/fr\/wp-json\/wp\/v2\/product"}],"about":[{"href":"https:\/\/cmykprinted.com\/fr\/wp-json\/wp\/v2\/types\/product"}],"version-history":[{"count":2,"href":"https:\/\/cmykprinted.com\/fr\/wp-json\/wp\/v2\/product\/930\/revisions"}],"predecessor-version":[{"id":937,"href":"https:\/\/cmykprinted.com\/fr\/wp-json\/wp\/v2\/product\/930\/revisions\/937"}],"wp:featuredmedia":[{"embeddable":true,"href":"https:\/\/cmykprinted.com\/fr\/wp-json\/wp\/v2\/media\/931"}],"wp:attachment":[{"href":"https:\/\/cmykprinted.com\/fr\/wp-json\/wp\/v2\/media?parent=930"}],"wp:term":[{"taxonomy":"product_cat","embeddable":true,"href":"https:\/\/cmykprinted.com\/fr\/wp-json\/wp\/v2\/product_cat?post=930"},{"taxonomy":"product_tag","embeddable":true,"href":"https:\/\/cmykprinted.com\/fr\/wp-json\/wp\/v2\/product_tag?post=930"}],"curies":[{"name":"wp","href":"https:\/\/api.w.org\/{rel}","templated":true}]}}