{"id":938,"date":"2023-01-15T14:03:34","date_gmt":"2023-01-15T14:03:34","guid":{"rendered":"https:\/\/cmykprinted.com\/?post_type=product&#038;p=938"},"modified":"2023-01-15T14:14:31","modified_gmt":"2023-01-15T14:14:31","slug":"trade-show-fitted-custom-stretch-table-cover-tablecloth","status":"publish","type":"product","link":"https:\/\/cmykprinted.com\/fr\/produit\/trade-show-fitted-custom-stretch-table-cover-tablecloth\/","title":{"rendered":"Nappe de table extensible sur mesure pour salon professionnel"},"content":{"rendered":"","protected":false},"excerpt":{"rendered":"<p>Organiser un \u00e9v\u00e9nement professionnel peut \u00eatre difficile, car vous souhaitez faire bonne impression aupr\u00e8s des clients nouveaux et existants. Nos nappes extensibles sont une excellente solution pour d\u00e9corer votre stand et promouvoir votre entreprise. Notre s\u00e9lection de housses en spandex \u00e9l\u00e9gantes est \u00e9conomique et peut \u00eatre utilis\u00e9e pour am\u00e9liorer l&#039;apparence de vos tables. Fabriqu\u00e9es \u00e0 partir de tissu extensible durable de 180 g\/m\u00b2, nos housses sont r\u00e9sistantes \u00e0 la d\u00e9chirure et peuvent \u00eatre r\u00e9utilis\u00e9es pour plusieurs \u00e9v\u00e9nements. Gr\u00e2ce \u00e0 notre technologie d&#039;impression couleur 1440-DPI, les graphiques sur les couvertures sont vifs et nets, attirant \u00e0 coup s\u00fbr l&#039;attention des participants. Nos housses sont disponibles en deux styles : \u00e0 fermeture \u00e9clair et \u00e0 3 c\u00f4t\u00e9s, qui sont tous deux faciles \u00e0 installer et restent bien en place. Les nappes extensibles en spandex sont polyvalentes et \u00e9conomiques, ce qui les rend parfaites pour tout type d&#039;\u00e9v\u00e9nement, comme les f\u00eates de fin d&#039;ann\u00e9e, les salons professionnels, etc.<\/p>","protected":false},"featured_media":939,"template":"","meta":{"_kad_post_transparent":"default","_kad_post_title":"hide","_kad_post_layout":"fullwidth","_kad_post_sidebar_id":"","_kad_post_content_style":"unboxed","_kad_post_vertical_padding":"hide","_kad_post_feature":"hide","_kad_post_feature_position":"","_kad_post_header":false,"_kad_post_footer":false},"product_cat":[80,81],"product_tag":[117,265,264,266],"class_list":{"0":"post-938","1":"product","2":"type-product","3":"status-publish","4":"has-post-thumbnail","6":"product_cat-custom-tablecloth","7":"product_cat-custom-stretch-tablecloth","8":"product_tag-custom-stretch-tablecloth","9":"product_tag-fitted-tablecloth","10":"product_tag-stretch-table-cover","11":"product_tag-trade-show-table-cover","13":"first","14":"instock","15":"shipping-taxable","16":"product-type-simple","17":"entry","18":"content-bg","19":"loop-entry"},"_links":{"self":[{"href":"https:\/\/cmykprinted.com\/fr\/wp-json\/wp\/v2\/product\/938","targetHints":{"allow":["GET"]}}],"collection":[{"href":"https:\/\/cmykprinted.com\/fr\/wp-json\/wp\/v2\/product"}],"about":[{"href":"https:\/\/cmykprinted.com\/fr\/wp-json\/wp\/v2\/types\/product"}],"version-history":[{"count":3,"href":"https:\/\/cmykprinted.com\/fr\/wp-json\/wp\/v2\/product\/938\/revisions"}],"predecessor-version":[{"id":947,"href":"https:\/\/cmykprinted.com\/fr\/wp-json\/wp\/v2\/product\/938\/revisions\/947"}],"wp:featuredmedia":[{"embeddable":true,"href":"https:\/\/cmykprinted.com\/fr\/wp-json\/wp\/v2\/media\/939"}],"wp:attachment":[{"href":"https:\/\/cmykprinted.com\/fr\/wp-json\/wp\/v2\/media?parent=938"}],"wp:term":[{"taxonomy":"product_cat","embeddable":true,"href":"https:\/\/cmykprinted.com\/fr\/wp-json\/wp\/v2\/product_cat?post=938"},{"taxonomy":"product_tag","embeddable":true,"href":"https:\/\/cmykprinted.com\/fr\/wp-json\/wp\/v2\/product_tag?post=938"}],"curies":[{"name":"wp","href":"https:\/\/api.w.org\/{rel}","templated":true}]}}