{"id":984,"date":"2023-02-11T03:57:42","date_gmt":"2023-02-11T03:57:42","guid":{"rendered":"https:\/\/cmykprinted.com\/?post_type=product&#038;p=984"},"modified":"2023-02-11T04:04:18","modified_gmt":"2023-02-11T04:04:18","slug":"10x15ft-50mm-hexagonal-pop-up-canopy-tent-aluminum-frame","status":"publish","type":"product","link":"https:\/\/cmykprinted.com\/fr\/produit\/10x15ft-50mm-hexagonal-pop-up-canopy-tent-aluminum-frame\/","title":{"rendered":"Tente pop-up hexagonale 10 x 15 pieds 50 mm avec cadre en aluminium"},"content":{"rendered":"","protected":false},"excerpt":{"rendered":"<p>Un auvent pop-up hexagonal de 50 mm avec un cadre en aluminium est parfait pour faire ressortir votre auvent lors d&#039;un \u00e9tal de march\u00e9 ou d&#039;un salon professionnel. Le cadre pr\u00e9sente des sp\u00e9cifications impressionnantes, notamment une jambe ext\u00e9rieure hexagonale en aluminium de 50 x 50 mm et d&#039;une \u00e9paisseur de 1,8 mm. Il a \u00e9galement cinq positions de hauteur avec un intervalle de 7,5 cm et est solide et stable pour une utilisation \u00e0 long terme.<br \/>\nLe montage et le d\u00e9montage de l&#039;auvent est simple et rapide, gr\u00e2ce \u00e0 son cadre en aluminium pliable et \u00e0 l&#039;absence de pi\u00e8ces d\u00e9tach\u00e9es. Les r\u00e9glages des pieds \u00e0 bascule par bouton-poussoir et les goupilles de traction surdimensionn\u00e9es et faciles \u00e0 saisir dans les coins sup\u00e9rieurs facilitent l&#039;installation et le d\u00e9montage sans avoir besoin d&#039;outils.<br \/>\nLe forfait comprend le cadre en aluminium de l&#039;auvent escamotable commercial et peut \u00eatre install\u00e9 et d\u00e9mont\u00e9 par une ou deux personnes en quelques minutes sans aucun outil. Il est livr\u00e9 avec une garantie d&#039;un an et un approvisionnement \u00e0 vie d&#039;accessoires et de pi\u00e8ces. Si vous avez besoin d&#039;un travail sur mesure, n&#039;h\u00e9sitez pas \u00e0 nous contacter. Nous garantissons la satisfaction de 100% et nous nous efforcerons de r\u00e9soudre tous les probl\u00e8mes que vous pourriez rencontrer.<br \/>\nCet auvent convient \u00e0 une vari\u00e9t\u00e9 d&#039;\u00e9v\u00e9nements en plein air, y compris les f\u00eates, les salons professionnels, les sports, les pique-niques, les barbecues, etc. Il peut \u00eatre utilis\u00e9 dans les zones commerciales, les plages, les terrains de jeux, les cours, les jardins, les fermes et autres environnements ext\u00e9rieurs, ainsi que dans les environnements int\u00e9rieurs tels que les grands gymnases. Avec une qualit\u00e9 haut de gamme, vous pouvez \u00eatre assur\u00e9 de sa long\u00e9vit\u00e9 et de sa durabilit\u00e9. Si vous avez des probl\u00e8mes de qualit\u00e9 au cours de la premi\u00e8re ann\u00e9e, n&#039;h\u00e9sitez pas \u00e0 nous contacter. Notre garantie de satisfaction 100% garantit que nous travaillerons pour r\u00e9soudre tous les probl\u00e8mes que vous pourriez avoir.<\/p>\n<div style=\"width: 1280px;\" class=\"wp-video\"><!--[if lt IE 9]><script>document.createElement('video');<\/script><![endif]--><br \/>\n<video class=\"wp-video-shortcode\" id=\"video-984-1\" width=\"1280\" height=\"720\" loop autoplay preload=\"auto\" controls=\"controls\"><source type=\"video\/mp4\" src=\"http:\/\/cmykprinted.com\/wp-content\/uploads\/2022\/12\/10x15ft-Pop-up-Tent.mp4?_=1\" \/><a href=\"http:\/\/cmykprinted.com\/wp-content\/uploads\/2022\/12\/10x15ft-Pop-up-Tent.mp4\">http:\/\/cmykprinted.com\/wp-content\/uploads\/2022\/12\/10x15ft-Pop-up-Tent.mp4<\/a><\/video><\/div>","protected":false},"featured_media":985,"template":"","meta":{"_kad_post_transparent":"default","_kad_post_title":"hide","_kad_post_layout":"fullwidth","_kad_post_sidebar_id":"","_kad_post_content_style":"unboxed","_kad_post_vertical_padding":"hide","_kad_post_feature":"hide","_kad_post_feature_position":"","_kad_post_header":false,"_kad_post_footer":false},"product_cat":[68,76,74],"product_tag":[279,282,281,280],"class_list":{"0":"post-984","1":"product","2":"type-product","3":"status-publish","4":"has-post-thumbnail","6":"product_cat-custom-canopy-tents","7":"product_cat-10x15ft-pop-up-tents-50mm-heavy-duty-hexagon-aluminum-tents-custom-canopy-tents","8":"product_cat-50mm-heavy-duty-hexagon-aluminum-tents","9":"product_tag-10x15ft-hexagonal-pop-up-canopy-tent","10":"product_tag-50mm-hexagonal-pop-up-canopy","11":"product_tag-aluminum-frame-pop-up-canopy-tent","12":"product_tag-hexagonal-pop-up-canopy-tent","14":"first","15":"instock","16":"shipping-taxable","17":"product-type-simple","18":"entry","19":"content-bg","20":"loop-entry"},"_links":{"self":[{"href":"https:\/\/cmykprinted.com\/fr\/wp-json\/wp\/v2\/product\/984","targetHints":{"allow":["GET"]}}],"collection":[{"href":"https:\/\/cmykprinted.com\/fr\/wp-json\/wp\/v2\/product"}],"about":[{"href":"https:\/\/cmykprinted.com\/fr\/wp-json\/wp\/v2\/types\/product"}],"version-history":[{"count":2,"href":"https:\/\/cmykprinted.com\/fr\/wp-json\/wp\/v2\/product\/984\/revisions"}],"predecessor-version":[{"id":992,"href":"https:\/\/cmykprinted.com\/fr\/wp-json\/wp\/v2\/product\/984\/revisions\/992"}],"wp:featuredmedia":[{"embeddable":true,"href":"https:\/\/cmykprinted.com\/fr\/wp-json\/wp\/v2\/media\/985"}],"wp:attachment":[{"href":"https:\/\/cmykprinted.com\/fr\/wp-json\/wp\/v2\/media?parent=984"}],"wp:term":[{"taxonomy":"product_cat","embeddable":true,"href":"https:\/\/cmykprinted.com\/fr\/wp-json\/wp\/v2\/product_cat?post=984"},{"taxonomy":"product_tag","embeddable":true,"href":"https:\/\/cmykprinted.com\/fr\/wp-json\/wp\/v2\/product_tag?post=984"}],"curies":[{"name":"wp","href":"https:\/\/api.w.org\/{rel}","templated":true}]}}