{"id":1000,"date":"2023-02-12T10:41:09","date_gmt":"2023-02-12T10:41:09","guid":{"rendered":"https:\/\/cmykprinted.com\/?post_type=product&#038;p=1000"},"modified":"2023-02-12T10:46:25","modified_gmt":"2023-02-12T10:46:25","slug":"logo-printed-premium-full-color-trade-show-table-throw","status":"publish","type":"product","link":"https:\/\/cmykprinted.com\/hr\/proizvod\/logo-printed-premium-full-color-trade-show-table-throw\/","title":{"rendered":"Vrhunski otisnuti logotip u punoj boji Bacanje za stol sa sajma"},"content":{"rendered":"","protected":false},"excerpt":{"rendered":"<p>U na\u0161oj tvrtki, posve\u0107eni smo pru\u017eanju visokokvalitetnih i pristupa\u010dnih sajamskih stolova za tvrtke i organizacije svih veli\u010dina. Razumijemo va\u017enost ostavljanja sna\u017enog dojma na sajmovima i izlo\u017ebama te smo posve\u0107eni pomo\u0107i na\u0161im kupcima da u\u010dine upravo to. Na\u0161 tim profesionalnih tiskara koristi potpuni proces sublimacije boje kako bi osigurao da su na\u0161i stolovi \u017eivi, privla\u010dni i potpuno prilagodljivi. Bilo da trebate pokriva\u010d za stol za sajam, stolnjak za posebnu izlo\u017ebu ili bilo koju drugu vrstu pokriva\u010da za stol, imamo proizvode koje trebate brzinom koju \u017eelite.<br \/>\nNa\u0161a tvornica nudi \u0161irok raspon pokriva\u010da za stolove za sajmove, uklju\u010duju\u0107i rastezljive navlake, 3 i 4-strane navlake, vodilice i jo\u0161 mnogo toga. Nudimo \u010dak i stolove koji su dizajnirani da nadopune shemu boja va\u0161e tvrtke ili organizacije. A ako nemate logo, to nije problem! Mo\u017eemo izraditi prilago\u0111eni dizajn za vas koji \u0107e pomo\u0107i u promociji va\u0161eg brenda i privla\u010denju novih kupaca.<br \/>\nNudimo 24-satno vrijeme obrade za sve na\u0161e izlo\u017ebene stolove, osiguravaju\u0107i da mo\u017eete dobiti proizvode koje trebate kada ih trebate. A radi dodatne pogodnosti, sve na\u0161e proizvode \u0161aljemo sljede\u0107i radni dan nakon kupnje. Dakle, bez obzira trebate li samo jedan stol ili veliku narud\u017ebu za nadolaze\u0107i doga\u0111aj, mi imamo proizvode i usluge koje trebate za uspjeh.<\/p>","protected":false},"featured_media":1001,"template":"","meta":{"_kad_post_transparent":"default","_kad_post_title":"hide","_kad_post_layout":"fullwidth","_kad_post_sidebar_id":"","_kad_post_content_style":"unboxed","_kad_post_vertical_padding":"hide","_kad_post_feature":"hide","_kad_post_feature_position":"","_kad_post_header":false,"_kad_post_footer":false},"product_cat":[80,84],"product_tag":[218,216,217],"class_list":{"0":"post-1000","1":"product","2":"type-product","3":"status-publish","4":"has-post-thumbnail","6":"product_cat-custom-tablecloth","7":"product_cat-trade-show-table-throw","8":"product_tag-custom-table-throw","9":"product_tag-trade-show-table-throw","10":"product_tag-tradeshow-table-throw","12":"first","13":"instock","14":"shipping-taxable","15":"product-type-simple","16":"entry","17":"content-bg","18":"loop-entry"},"_links":{"self":[{"href":"https:\/\/cmykprinted.com\/hr\/wp-json\/wp\/v2\/product\/1000","targetHints":{"allow":["GET"]}}],"collection":[{"href":"https:\/\/cmykprinted.com\/hr\/wp-json\/wp\/v2\/product"}],"about":[{"href":"https:\/\/cmykprinted.com\/hr\/wp-json\/wp\/v2\/types\/product"}],"version-history":[{"count":1,"href":"https:\/\/cmykprinted.com\/hr\/wp-json\/wp\/v2\/product\/1000\/revisions"}],"predecessor-version":[{"id":1007,"href":"https:\/\/cmykprinted.com\/hr\/wp-json\/wp\/v2\/product\/1000\/revisions\/1007"}],"wp:featuredmedia":[{"embeddable":true,"href":"https:\/\/cmykprinted.com\/hr\/wp-json\/wp\/v2\/media\/1001"}],"wp:attachment":[{"href":"https:\/\/cmykprinted.com\/hr\/wp-json\/wp\/v2\/media?parent=1000"}],"wp:term":[{"taxonomy":"product_cat","embeddable":true,"href":"https:\/\/cmykprinted.com\/hr\/wp-json\/wp\/v2\/product_cat?post=1000"},{"taxonomy":"product_tag","embeddable":true,"href":"https:\/\/cmykprinted.com\/hr\/wp-json\/wp\/v2\/product_tag?post=1000"}],"curies":[{"name":"wp","href":"https:\/\/api.w.org\/{rel}","templated":true}]}}