{"id":1008,"date":"2023-02-12T11:09:14","date_gmt":"2023-02-12T11:09:14","guid":{"rendered":"https:\/\/cmykprinted.com\/?post_type=product&#038;p=1008"},"modified":"2023-02-12T11:37:43","modified_gmt":"2023-02-12T11:37:43","slug":"premium-custom-printed-outdoor-polyester-fabric-mesh-banners","status":"publish","type":"product","link":"https:\/\/cmykprinted.com\/hr\/proizvod\/premium-custom-printed-outdoor-polyester-fabric-mesh-banners\/","title":{"rendered":"Vrhunski prilago\u0111eni tiskani reklamni natpisi od poliesterske tkanine na otvorenom"},"content":{"rendered":"","protected":false},"excerpt":{"rendered":"<p>Vanjski banneri od vinila su isplativo i prakti\u010dno rje\u0161enje za preno\u0161enje va\u0161e poruke. Jednostavni su za transport i postavljanje, \u0161to ih \u010dini idealnim za doga\u0111aje i zabave koji se odr\u017eavaju vani. Na\u0161 jednostavan i pristupa\u010dan postupak naru\u010divanja omogu\u0107uje vam brzo dobivanje prilago\u0111enih vinilnih bannera bez \u010dekanja. Premium 13 oz. vinil koji koristimo ima glatku povr\u0161inu za visokokvalitetni ispis i obi\u010dno se koristi za razli\u010dite vanjske reklamne svrhe kao \u0161to su billboardi, omoti za zgrade, zastave za doga\u0111aje, znakovi za sajmove i parade.<\/p>\n<div style=\"width: 1290px;\" class=\"wp-video\"><!--[if lt IE 9]><script>document.createElement('video');<\/script><![endif]--><br \/>\n<video class=\"wp-video-shortcode\" id=\"video-1008-1\" width=\"1290\" height=\"726\" loop autoplay preload=\"auto\" controls=\"controls\"><source type=\"video\/mp4\" src=\"http:\/\/cmykprinted.com\/wp-content\/uploads\/2022\/12\/Fence-Mesh-Banners.mp4?_=1\" \/><a href=\"http:\/\/cmykprinted.com\/wp-content\/uploads\/2022\/12\/Fence-Mesh-Banners.mp4\">http:\/\/cmykprinted.com\/wp-content\/uploads\/2022\/12\/Fence-Mesh-Banners.mp4<\/a><\/video><\/div>\n<p>&nbsp;<\/p>","protected":false},"featured_media":1009,"template":"","meta":{"_kad_post_transparent":"default","_kad_post_title":"hide","_kad_post_layout":"fullwidth","_kad_post_sidebar_id":"","_kad_post_content_style":"unboxed","_kad_post_vertical_padding":"hide","_kad_post_feature":"hide","_kad_post_feature_position":"","_kad_post_header":false,"_kad_post_footer":false},"product_cat":[85,87,86],"product_tag":[289,288,287,122,290],"class_list":{"0":"post-1008","1":"product","2":"type-product","3":"status-publish","4":"has-post-thumbnail","6":"product_cat-outdoor-vinyl-banners","7":"product_cat-fabric-mesh-banners","8":"product_cat-fence-mesh-banners","9":"product_tag-custom-printed-mesh-banners","10":"product_tag-fabric-mesh-banners","11":"product_tag-outdoor-fabric-mesh-banners","12":"product_tag-outdoor-mesh-banners","13":"product_tag-polyester-fabric-mesh-banners","15":"first","16":"instock","17":"shipping-taxable","18":"product-type-simple","19":"entry","20":"content-bg","21":"loop-entry"},"_links":{"self":[{"href":"https:\/\/cmykprinted.com\/hr\/wp-json\/wp\/v2\/product\/1008","targetHints":{"allow":["GET"]}}],"collection":[{"href":"https:\/\/cmykprinted.com\/hr\/wp-json\/wp\/v2\/product"}],"about":[{"href":"https:\/\/cmykprinted.com\/hr\/wp-json\/wp\/v2\/types\/product"}],"version-history":[{"count":1,"href":"https:\/\/cmykprinted.com\/hr\/wp-json\/wp\/v2\/product\/1008\/revisions"}],"predecessor-version":[{"id":1015,"href":"https:\/\/cmykprinted.com\/hr\/wp-json\/wp\/v2\/product\/1008\/revisions\/1015"}],"wp:featuredmedia":[{"embeddable":true,"href":"https:\/\/cmykprinted.com\/hr\/wp-json\/wp\/v2\/media\/1009"}],"wp:attachment":[{"href":"https:\/\/cmykprinted.com\/hr\/wp-json\/wp\/v2\/media?parent=1008"}],"wp:term":[{"taxonomy":"product_cat","embeddable":true,"href":"https:\/\/cmykprinted.com\/hr\/wp-json\/wp\/v2\/product_cat?post=1008"},{"taxonomy":"product_tag","embeddable":true,"href":"https:\/\/cmykprinted.com\/hr\/wp-json\/wp\/v2\/product_tag?post=1008"}],"curies":[{"name":"wp","href":"https:\/\/api.w.org\/{rel}","templated":true}]}}