{"id":1016,"date":"2023-02-12T14:30:04","date_gmt":"2023-02-12T14:30:04","guid":{"rendered":"https:\/\/cmykprinted.com\/?post_type=product&#038;p=1016"},"modified":"2023-02-12T14:40:07","modified_gmt":"2023-02-12T14:40:07","slug":"personalized-triangle-pop-up-banners-a-frame-stand-display","status":"publish","type":"product","link":"https:\/\/cmykprinted.com\/hr\/proizvod\/personalized-triangle-pop-up-banners-a-frame-stand-display\/","title":{"rendered":"Personalizirani trokutasti sko\u010dni banneri s A-okvirom na stalku"},"content":{"rendered":"","protected":false},"excerpt":{"rendered":"<p>Trokutasti iska\u010du\u0107i banneri vrhunsko su rje\u0161enje za promociju va\u0161eg brenda ili poslovanja na moderan i u\u010dinkovit na\u010din. S dizajnom koji omogu\u0107uje jednostavno postavljanje i rastavljanje, ovi banneri idealni su za sajmove, doga\u0111aje i konferencije. Izra\u0111ene od lagane i izdr\u017eljive tkanine boje breskve, dolaze s prakti\u010dnom torbom za pohranu i transport.<br \/>\nNe samo da su prakti\u010dni za kori\u0161tenje, ve\u0107 \u0107e zajam\u010deno privu\u0107i pozornost va\u0161e ciljane publike. Bilo da se radi o lansiranju novog proizvoda, rasprodaji ili nadolaze\u0107em doga\u0111aju, ovi \u0107e banneri privu\u0107i interes i ostaviti trajan u\u010dinak. Mogu se koristiti u zatvorenom ili otvorenom prostoru i lako se sastavljaju pomo\u0107u opru\u017enog metalnog \u010delika i klinova.<br \/>\nPobolj\u0161ajte svoje poslovno ogla\u0161avanje s trokutastim sko\u010dnim natpisom. Sveobuhvatni priru\u010dnik za instalaciju pru\u017ea vam sve potrebne alate za postavljanje i uklanjanje va\u0161eg bannera bez napora. Ulo\u017eite u sko\u010dni banner danas i dajte hrabru izjavu na svom sljede\u0107em doga\u0111aju ili konferenciji.<\/p>\n<div style=\"width: 1280px;\" class=\"wp-video\"><!--[if lt IE 9]><script>document.createElement('video');<\/script><![endif]--><br \/>\n<video class=\"wp-video-shortcode\" id=\"video-1016-1\" width=\"1280\" height=\"720\" loop autoplay preload=\"metadata\" controls=\"controls\"><source type=\"video\/mp4\" src=\"http:\/\/cmykprinted.com\/wp-content\/uploads\/2022\/12\/Triangle-Pop-Up-Banners.mp4?_=1\" \/><a href=\"http:\/\/cmykprinted.com\/wp-content\/uploads\/2022\/12\/Triangle-Pop-Up-Banners.mp4\">http:\/\/cmykprinted.com\/wp-content\/uploads\/2022\/12\/Triangle-Pop-Up-Banners.mp4<\/a><\/video><\/div>","protected":false},"featured_media":1017,"template":"","meta":{"_kad_post_transparent":"default","_kad_post_title":"hide","_kad_post_layout":"fullwidth","_kad_post_sidebar_id":"","_kad_post_content_style":"unboxed","_kad_post_vertical_padding":"hide","_kad_post_feature":"hide","_kad_post_feature_position":"","_kad_post_header":false,"_kad_post_footer":false},"product_cat":[92,95],"product_tag":[292,293,166,291],"class_list":{"0":"post-1016","1":"product","2":"type-product","3":"status-publish","4":"has-post-thumbnail","6":"product_cat-pop-up-banners","7":"product_cat-triangle-pop-up-banners","8":"product_tag-a-frame-stand-display","9":"product_tag-personalized-pop-up-banners","10":"product_tag-pop-up-banners","11":"product_tag-triangle-pop-up-banners","13":"first","14":"instock","15":"shipping-taxable","16":"product-type-simple","17":"entry","18":"content-bg","19":"loop-entry"},"_links":{"self":[{"href":"https:\/\/cmykprinted.com\/hr\/wp-json\/wp\/v2\/product\/1016","targetHints":{"allow":["GET"]}}],"collection":[{"href":"https:\/\/cmykprinted.com\/hr\/wp-json\/wp\/v2\/product"}],"about":[{"href":"https:\/\/cmykprinted.com\/hr\/wp-json\/wp\/v2\/types\/product"}],"version-history":[{"count":2,"href":"https:\/\/cmykprinted.com\/hr\/wp-json\/wp\/v2\/product\/1016\/revisions"}],"predecessor-version":[{"id":1024,"href":"https:\/\/cmykprinted.com\/hr\/wp-json\/wp\/v2\/product\/1016\/revisions\/1024"}],"wp:featuredmedia":[{"embeddable":true,"href":"https:\/\/cmykprinted.com\/hr\/wp-json\/wp\/v2\/media\/1017"}],"wp:attachment":[{"href":"https:\/\/cmykprinted.com\/hr\/wp-json\/wp\/v2\/media?parent=1016"}],"wp:term":[{"taxonomy":"product_cat","embeddable":true,"href":"https:\/\/cmykprinted.com\/hr\/wp-json\/wp\/v2\/product_cat?post=1016"},{"taxonomy":"product_tag","embeddable":true,"href":"https:\/\/cmykprinted.com\/hr\/wp-json\/wp\/v2\/product_tag?post=1016"}],"curies":[{"name":"wp","href":"https:\/\/api.w.org\/{rel}","templated":true}]}}