{"id":1025,"date":"2023-02-12T15:07:24","date_gmt":"2023-02-12T15:07:24","guid":{"rendered":"https:\/\/cmykprinted.com\/?post_type=product&#038;p=1025"},"modified":"2023-02-12T15:13:19","modified_gmt":"2023-02-12T15:13:19","slug":"exhibition-curved-tension-fabric-pop-up-displays-with-frame","status":"publish","type":"product","link":"https:\/\/cmykprinted.com\/hr\/proizvod\/exhibition-curved-tension-fabric-pop-up-displays-with-frame\/","title":{"rendered":"Pop-up displeji od zakrivljene tkanine za napinjanje izlo\u017ebi s okvirom"},"content":{"rendered":"","protected":false},"excerpt":{"rendered":"<p>Zakrivljeni platneni stalak za izlaganje izvanredna je opcija za stvaranje vizualno upe\u010datljivog izloga. Sadr\u017ei jednu sliku visoke razlu\u010divosti bez ikakvih vidljivih spojnih linija. Monta\u017ea je jednostavna \u2013 jednostavno spojite lagani aluminijski okvir i razvucite tiskanu tkaninu preko njega. Kada zavr\u0161ite s kori\u0161tenjem, jednostavno ga skinite, preklopite i spremite u torbu za lak\u0161i transport. Ovi su stalci mnogo prakti\u010dniji za pohranjivanje i transport u usporedbi s tradicionalnim sko\u010dnim izlo\u017ebenim stalcima. Osim \u0161to su popularan izbor za konferencije i doga\u0111aje, oni tako\u0111er \u010dine izvrsne pozadine za fotografije i pozornice. Tkanina je standardno otisnuta s obje strane, \u0161to vam daje vi\u0161e prostora za va\u0161e poruke. Tako\u0111er je jednostavno ispisati alternativne naslovnice za razli\u010dite doga\u0111aje.<\/p>","protected":false},"featured_media":1026,"template":"","meta":{"_kad_post_transparent":"default","_kad_post_title":"hide","_kad_post_layout":"fullwidth","_kad_post_sidebar_id":"","_kad_post_content_style":"unboxed","_kad_post_vertical_padding":"hide","_kad_post_feature":"hide","_kad_post_feature_position":"","_kad_post_header":false,"_kad_post_footer":false},"product_cat":[97,98],"product_tag":[168,296,295,294,134],"class_list":{"0":"post-1025","1":"product","2":"type-product","3":"status-publish","4":"has-post-thumbnail","6":"product_cat-tension-fabric-displays","7":"product_cat-curved-tension-fabric-pop-up-displays","8":"product_tag-curved-tension-fabric-pop-up-displays","9":"product_tag-fabric-pop-up-curved-displays","10":"product_tag-fabric-pop-up-display","11":"product_tag-fabric-pop-up-displays","12":"product_tag-tension-fabric-displays","14":"first","15":"instock","16":"shipping-taxable","17":"product-type-simple","18":"entry","19":"content-bg","20":"loop-entry"},"_links":{"self":[{"href":"https:\/\/cmykprinted.com\/hr\/wp-json\/wp\/v2\/product\/1025","targetHints":{"allow":["GET"]}}],"collection":[{"href":"https:\/\/cmykprinted.com\/hr\/wp-json\/wp\/v2\/product"}],"about":[{"href":"https:\/\/cmykprinted.com\/hr\/wp-json\/wp\/v2\/types\/product"}],"version-history":[{"count":1,"href":"https:\/\/cmykprinted.com\/hr\/wp-json\/wp\/v2\/product\/1025\/revisions"}],"predecessor-version":[{"id":1032,"href":"https:\/\/cmykprinted.com\/hr\/wp-json\/wp\/v2\/product\/1025\/revisions\/1032"}],"wp:featuredmedia":[{"embeddable":true,"href":"https:\/\/cmykprinted.com\/hr\/wp-json\/wp\/v2\/media\/1026"}],"wp:attachment":[{"href":"https:\/\/cmykprinted.com\/hr\/wp-json\/wp\/v2\/media?parent=1025"}],"wp:term":[{"taxonomy":"product_cat","embeddable":true,"href":"https:\/\/cmykprinted.com\/hr\/wp-json\/wp\/v2\/product_cat?post=1025"},{"taxonomy":"product_tag","embeddable":true,"href":"https:\/\/cmykprinted.com\/hr\/wp-json\/wp\/v2\/product_tag?post=1025"}],"curies":[{"name":"wp","href":"https:\/\/api.w.org\/{rel}","templated":true}]}}