{"id":1034,"date":"2023-02-13T02:28:32","date_gmt":"2023-02-13T02:28:32","guid":{"rendered":"https:\/\/cmykprinted.com\/?post_type=product&#038;p=1034"},"modified":"2023-02-13T02:37:55","modified_gmt":"2023-02-13T02:37:55","slug":"multipurpose-wholesale-3d-custom-metal-transfer-stickers","status":"publish","type":"product","link":"https:\/\/cmykprinted.com\/hr\/proizvod\/multipurpose-wholesale-3d-custom-metal-transfer-stickers\/","title":{"rendered":"Vi\u0161enamjenske veleprodajne 3D prilago\u0111ene metalne naljepnice za prijenos"},"content":{"rendered":"","protected":false},"excerpt":{"rendered":"<p>Prilago\u0111ene metalne naljepnice za prijenos inovativno su rje\u0161enje za ozna\u010davanje koje koristi \u010dvrstu foliju od nikla za stvaranje trodimenzionalnog u\u010dinka. Ovaj jedinstveni pristup daje naljepnicama elegantan i profinjen izgled, budu\u0107i da je vi\u0161ak materijala uklonjen iz dizajna, pru\u017eaju\u0107i izgled &quot;bez naljepnice&quot;. Idealne za vrhunske proizvode ili online maloprodaju, ove se naljepnice proizvode tiskanjem dizajna na nikl foliju specijaliziranom metodom tiska. Nakon uklanjanja vi\u0161ka materijala, uzdignuti elementi se premazuju slojem ljepila, \u0161to ih \u010dini prikladnim za nano\u0161enje na razli\u010dite povr\u0161ine uklju\u010duju\u0107i plastiku, metal i papir.<br \/>\nTrajnost 3D metalnih transfer naljepnica jedna je od njihovih klju\u010dnih prednosti. Budu\u0107i da je nikal robustan i otporan na koroziju materijal, ove naljepnice mogu izdr\u017eati habanje i habanje dok tijekom vremena zadr\u017eavaju svoju kvalitetu. Tako\u0111er su otporne na blije\u0111enje i promjenu boje, \u0161to ih \u010dini dugotrajnim rje\u0161enjem za ozna\u010davanje. \u0160tovi\u0161e, trodimenzionalni u\u010dinak ovih naljepnica dodaje privla\u010dan i prepoznatljiv dodir pakiranju ili brendiranju va\u0161eg proizvoda.<\/p>\n<div style=\"width: 1280px;\" class=\"wp-video\"><!--[if lt IE 9]><script>document.createElement('video');<\/script><![endif]--><br \/>\n<video class=\"wp-video-shortcode\" id=\"video-1034-1\" width=\"1280\" height=\"720\" loop autoplay preload=\"metadata\" controls=\"controls\"><source type=\"video\/mp4\" src=\"http:\/\/cmykprinted.com\/wp-content\/uploads\/2022\/12\/Metal-Transfer-Sticker.mp4?_=1\" \/><a href=\"http:\/\/cmykprinted.com\/wp-content\/uploads\/2022\/12\/Metal-Transfer-Sticker.mp4\">http:\/\/cmykprinted.com\/wp-content\/uploads\/2022\/12\/Metal-Transfer-Sticker.mp4<\/a><\/video><\/div>\n<p>&nbsp;<\/p>","protected":false},"featured_media":1035,"template":"","meta":{"_kad_post_transparent":"default","_kad_post_title":"hide","_kad_post_layout":"fullwidth","_kad_post_sidebar_id":"","_kad_post_content_style":"unboxed","_kad_post_vertical_padding":"hide","_kad_post_feature":"hide","_kad_post_feature_position":"","_kad_post_header":false,"_kad_post_footer":false},"product_cat":[101,102],"product_tag":[299,297,298,300],"class_list":{"0":"post-1034","1":"product","2":"type-product","3":"status-publish","4":"has-post-thumbnail","6":"product_cat-transfer-stickers","7":"product_cat-metal-transfer-stickers","8":"product_tag-3d-metal-transfer-stickers","9":"product_tag-custom-metal-transfer-stickers","10":"product_tag-metal-transfer-stickers","11":"product_tag-wholesale-metal-transfer-stickers","13":"first","14":"instock","15":"shipping-taxable","16":"product-type-simple","17":"entry","18":"content-bg","19":"loop-entry"},"_links":{"self":[{"href":"https:\/\/cmykprinted.com\/hr\/wp-json\/wp\/v2\/product\/1034","targetHints":{"allow":["GET"]}}],"collection":[{"href":"https:\/\/cmykprinted.com\/hr\/wp-json\/wp\/v2\/product"}],"about":[{"href":"https:\/\/cmykprinted.com\/hr\/wp-json\/wp\/v2\/types\/product"}],"version-history":[{"count":2,"href":"https:\/\/cmykprinted.com\/hr\/wp-json\/wp\/v2\/product\/1034\/revisions"}],"predecessor-version":[{"id":1042,"href":"https:\/\/cmykprinted.com\/hr\/wp-json\/wp\/v2\/product\/1034\/revisions\/1042"}],"wp:featuredmedia":[{"embeddable":true,"href":"https:\/\/cmykprinted.com\/hr\/wp-json\/wp\/v2\/media\/1035"}],"wp:attachment":[{"href":"https:\/\/cmykprinted.com\/hr\/wp-json\/wp\/v2\/media?parent=1034"}],"wp:term":[{"taxonomy":"product_cat","embeddable":true,"href":"https:\/\/cmykprinted.com\/hr\/wp-json\/wp\/v2\/product_cat?post=1034"},{"taxonomy":"product_tag","embeddable":true,"href":"https:\/\/cmykprinted.com\/hr\/wp-json\/wp\/v2\/product_tag?post=1034"}],"curies":[{"name":"wp","href":"https:\/\/api.w.org\/{rel}","templated":true}]}}