{"id":1043,"date":"2023-02-13T04:54:51","date_gmt":"2023-02-13T04:54:51","guid":{"rendered":"https:\/\/cmykprinted.com\/?post_type=product&#038;p=1043"},"modified":"2023-02-13T05:02:42","modified_gmt":"2023-02-13T05:02:42","slug":"personalized-teardrop-banner-flags-with-full-color-printing","status":"publish","type":"product","link":"https:\/\/cmykprinted.com\/hr\/proizvod\/personalized-teardrop-banner-flags-with-full-color-printing\/","title":{"rendered":"Personalizirane zastavice u obliku suze s ispisom u punoj boji"},"content":{"rendered":"","protected":false},"excerpt":{"rendered":"<p>Zastave u obliku suze, koje se obi\u010dno nazivaju zastave u obliku suze ili zastave s perjem, velike su zastave u obliku suze koje se koriste u reklamne i marketin\u0161ke svrhe. Imaju prilago\u0111eni dizajn proizveden kroz proces sublimacije boje koji rezultira svijetlom, visokokvalitetnom grafikom. Zastave su postavljene na fleksibilni, lagani stup izra\u0111en od aluminija i stakloplastike, koji dr\u017ei zastavu zategnutom \u010dak iu vjetrovitim uvjetima. Stup se mo\u017ee postaviti u zemlju ili na postolje, ovisno o potrebama i preferencijama korisnika.<br \/>\nIsticanje zastave u obliku suze ispred va\u0161e tvrtke mo\u017ee biti u\u010dinkovit na\u010din da privu\u010dete pozornost potencijalnih kupaca i prolaznika. Ove zastave privla\u010de pa\u017enju i mogu u\u010dinkovito promovirati va\u0161e poslovanje i njegove ponude. Tako\u0111er su svestrani i mogu se koristiti u nizu okru\u017eenja, kao \u0161to su sajmovi, doga\u0111aji na otvorenom i izlozi. Odabirom prilago\u0111enog dizajna koji to\u010dno predstavlja brendiranje i poruke va\u0161e tvrtke, mo\u017eete u\u010dinkovito prenijeti svoju poruku i ostaviti trajan dojam na svoju ciljanu publiku.<\/p>\n<div style=\"width: 1280px;\" class=\"wp-video\"><!--[if lt IE 9]><script>document.createElement('video');<\/script><![endif]--><br \/>\n<video class=\"wp-video-shortcode\" id=\"video-1043-1\" width=\"1280\" height=\"720\" loop autoplay preload=\"metadata\" controls=\"controls\"><source type=\"video\/mp4\" src=\"http:\/\/cmykprinted.com\/wp-content\/uploads\/2022\/12\/Beach-Teardrop-Flags-Banner.mp4?_=1\" \/><a href=\"http:\/\/cmykprinted.com\/wp-content\/uploads\/2022\/12\/Beach-Teardrop-Flags-Banner.mp4\">http:\/\/cmykprinted.com\/wp-content\/uploads\/2022\/12\/Beach-Teardrop-Flags-Banner.mp4<\/a><\/video><\/div>","protected":false},"featured_media":1044,"template":"","meta":{"_kad_post_transparent":"default","_kad_post_title":"hide","_kad_post_layout":"fullwidth","_kad_post_sidebar_id":"","_kad_post_content_style":"unboxed","_kad_post_vertical_padding":"hide","_kad_post_feature":"hide","_kad_post_feature_position":"","_kad_post_header":false,"_kad_post_footer":false},"product_cat":[64,67],"product_tag":[255,301,302,303,178],"class_list":{"0":"post-1043","1":"product","2":"type-product","3":"status-publish","4":"has-post-thumbnail","6":"product_cat-beach-flags","7":"product_cat-teardrop-flags-banners","8":"product_tag-personalized-teardrop-flags","9":"product_tag-teardrop-banner-flags","10":"product_tag-teardrop-banners","11":"product_tag-teardrop-flag-banners","12":"product_tag-teardrop-flags","14":"first","15":"instock","16":"shipping-taxable","17":"product-type-simple","18":"entry","19":"content-bg","20":"loop-entry"},"_links":{"self":[{"href":"https:\/\/cmykprinted.com\/hr\/wp-json\/wp\/v2\/product\/1043","targetHints":{"allow":["GET"]}}],"collection":[{"href":"https:\/\/cmykprinted.com\/hr\/wp-json\/wp\/v2\/product"}],"about":[{"href":"https:\/\/cmykprinted.com\/hr\/wp-json\/wp\/v2\/types\/product"}],"version-history":[{"count":2,"href":"https:\/\/cmykprinted.com\/hr\/wp-json\/wp\/v2\/product\/1043\/revisions"}],"predecessor-version":[{"id":1051,"href":"https:\/\/cmykprinted.com\/hr\/wp-json\/wp\/v2\/product\/1043\/revisions\/1051"}],"wp:featuredmedia":[{"embeddable":true,"href":"https:\/\/cmykprinted.com\/hr\/wp-json\/wp\/v2\/media\/1044"}],"wp:attachment":[{"href":"https:\/\/cmykprinted.com\/hr\/wp-json\/wp\/v2\/media?parent=1043"}],"wp:term":[{"taxonomy":"product_cat","embeddable":true,"href":"https:\/\/cmykprinted.com\/hr\/wp-json\/wp\/v2\/product_cat?post=1043"},{"taxonomy":"product_tag","embeddable":true,"href":"https:\/\/cmykprinted.com\/hr\/wp-json\/wp\/v2\/product_tag?post=1043"}],"curies":[{"name":"wp","href":"https:\/\/api.w.org\/{rel}","templated":true}]}}