{"id":1052,"date":"2023-02-13T07:20:10","date_gmt":"2023-02-13T07:20:10","guid":{"rendered":"https:\/\/cmykprinted.com\/?post_type=product&#038;p=1052"},"modified":"2023-02-13T07:26:04","modified_gmt":"2023-02-13T07:26:04","slug":"50mm-hexagonal-aluminum-10x20ft-pop-up-canopies-tents","status":"publish","type":"product","link":"https:\/\/cmykprinted.com\/hr\/proizvod\/50mm-hexagonal-aluminum-10x20ft-pop-up-canopies-tents\/","title":{"rendered":"50 mm \u0161esterokutni aluminijski \u0161atori s naslonima dimenzija 10x20 stopa"},"content":{"rendered":"","protected":false},"excerpt":{"rendered":"<p>Pop-up nadstre\u0161nica od 10x20ft s aluminijskim okvirom savr\u0161en je izbor za dojam na \u0161tandu ili sajmu. Okvir je dizajniran da impresionira svojom \u0161esterokutnom aluminijskom vanjskom nogom dimenzija 50x50 mm i debljine 1,8 mm. S pet polo\u017eaja visine u intervalima od 7,5 cm, nudi stabilnost za dugotrajnu upotrebu.<br \/>\nPostavljanje i rastavljanje nadstre\u0161nice je jednostavno, zahvaljuju\u0107i sklopivom aluminijskom okviru i odsutnosti labavih dijelova. Pode\u0161avanje no\u017eica pritiskom na gumb i prevelike igle za povla\u010denje u gornjim kutovima \u010dine postavljanje lakim, bez potrebe za bilo kakvim alatom. Paket uklju\u010duje komercijalni aluminijski okvir pop-up nadstre\u0161nice i mo\u017ee ga jednostavno sastaviti jedna ili dvije osobe u nekoliko minuta, bez ikakvih alata.<br \/>\nOvaj baldahin dolazi s jednogodi\u0161njim jamstvom i do\u017eivotnom zalihom dodataka i dijelova. Ako trebate rad po narud\u017ebi, tu smo da vam pomognemo. Jam\u010dimo 100% zadovoljstvo i radit \u0107emo na rje\u0161avanju svih problema koje imate.<br \/>\nOva svestrana nadstre\u0161nica prikladna je za \u0161irok raspon doga\u0111aja na otvorenom, kao \u0161to su zabave, sajmovi, sportovi, piknici, ro\u0161tiljanje i vi\u0161e. Tako\u0111er se mo\u017ee koristiti u komercijalnim podru\u010djima, pla\u017eama, igrali\u0161tima, dvori\u0161tima, vrtovima, farmama i drugim vanjskim postavkama, kao iu unutarnjim postavkama poput velikih sportskih dvorana. Uz njegovu vrhunsku kvalitetu, mo\u017eete biti sigurni u njegovu dugovje\u010dnost i izdr\u017eljivost. Ako imate bilo kakvih problema s kvalitetom tijekom prve godine, jednostavno nam se obratite. Na\u0161e 100% jamstvo zadovoljstva osigurava da \u0107emo raditi na rje\u0161avanju svih problema koje imate.<\/p>\n<div style=\"width: 1280px;\" class=\"wp-video\"><!--[if lt IE 9]><script>document.createElement('video');<\/script><![endif]--><br \/>\n<video class=\"wp-video-shortcode\" id=\"video-1052-1\" width=\"1280\" height=\"720\" loop autoplay preload=\"auto\" controls=\"controls\"><source type=\"video\/mp4\" src=\"http:\/\/cmykprinted.com\/wp-content\/uploads\/2022\/12\/10x15ft-Pop-up-Tent.mp4?_=1\" \/><a href=\"http:\/\/cmykprinted.com\/wp-content\/uploads\/2022\/12\/10x15ft-Pop-up-Tent.mp4\">http:\/\/cmykprinted.com\/wp-content\/uploads\/2022\/12\/10x15ft-Pop-up-Tent.mp4<\/a><\/video><\/div>","protected":false},"featured_media":1053,"template":"","meta":{"_kad_post_transparent":"default","_kad_post_title":"hide","_kad_post_layout":"fullwidth","_kad_post_sidebar_id":"","_kad_post_content_style":"unboxed","_kad_post_vertical_padding":"hide","_kad_post_feature":"hide","_kad_post_feature_position":"","_kad_post_header":false,"_kad_post_footer":false},"product_cat":[68,77,74],"product_tag":[279,208,282,306,305,281,304,280],"class_list":{"0":"post-1052","1":"product","2":"type-product","3":"status-publish","4":"has-post-thumbnail","6":"product_cat-custom-canopy-tents","7":"product_cat-10x20ft-pop-up-canopies-50mm-heavy-duty-hexagon-aluminum-tents-custom-canopy-tents","8":"product_cat-50mm-heavy-duty-hexagon-aluminum-tents","9":"product_tag-10x15ft-hexagonal-pop-up-canopy-tent","10":"product_tag-10x20ft-pop-up-canopies","11":"product_tag-50mm-hexagonal-pop-up-canopy","12":"product_tag-50mm-hexagonal-pop-up-canopies","13":"product_tag-aluminum-canopies-pop-up-canopies","14":"product_tag-aluminum-frame-pop-up-canopy-tent","15":"product_tag-hexagonal-aluminum-canopies","16":"product_tag-hexagonal-pop-up-canopy-tent","18":"first","19":"instock","20":"shipping-taxable","21":"product-type-simple","22":"entry","23":"content-bg","24":"loop-entry"},"_links":{"self":[{"href":"https:\/\/cmykprinted.com\/hr\/wp-json\/wp\/v2\/product\/1052","targetHints":{"allow":["GET"]}}],"collection":[{"href":"https:\/\/cmykprinted.com\/hr\/wp-json\/wp\/v2\/product"}],"about":[{"href":"https:\/\/cmykprinted.com\/hr\/wp-json\/wp\/v2\/types\/product"}],"version-history":[{"count":2,"href":"https:\/\/cmykprinted.com\/hr\/wp-json\/wp\/v2\/product\/1052\/revisions"}],"predecessor-version":[{"id":1059,"href":"https:\/\/cmykprinted.com\/hr\/wp-json\/wp\/v2\/product\/1052\/revisions\/1059"}],"wp:featuredmedia":[{"embeddable":true,"href":"https:\/\/cmykprinted.com\/hr\/wp-json\/wp\/v2\/media\/1053"}],"wp:attachment":[{"href":"https:\/\/cmykprinted.com\/hr\/wp-json\/wp\/v2\/media?parent=1052"}],"wp:term":[{"taxonomy":"product_cat","embeddable":true,"href":"https:\/\/cmykprinted.com\/hr\/wp-json\/wp\/v2\/product_cat?post=1052"},{"taxonomy":"product_tag","embeddable":true,"href":"https:\/\/cmykprinted.com\/hr\/wp-json\/wp\/v2\/product_tag?post=1052"}],"curies":[{"name":"wp","href":"https:\/\/api.w.org\/{rel}","templated":true}]}}