{"id":1069,"date":"2023-02-13T13:14:04","date_gmt":"2023-02-13T13:14:04","guid":{"rendered":"https:\/\/cmykprinted.com\/?post_type=product&#038;p=1069"},"modified":"2023-02-13T13:33:15","modified_gmt":"2023-02-13T13:33:15","slug":"heavy-duty-premium-custom-pvc-banner-with-hanging-grommets","status":"publish","type":"product","link":"https:\/\/cmykprinted.com\/hr\/proizvod\/heavy-duty-premium-custom-pvc-banner-with-hanging-grommets\/","title":{"rendered":"Vrhunska PVC reklama za te\u0161ke uvjete rada s vise\u0107im u\u0161icama"},"content":{"rendered":"","protected":false},"excerpt":{"rendered":"<p>Ako tra\u017eite pouzdano i dugotrajno rje\u0161enje za ogla\u0161avanje za svoju tvrtku, razmislite o na\u0161im prilago\u0111enim PVC bannerima. Izra\u0111eni od \u010dvrstog PVC savitljivog materijala, ovi transparenti nude izvrsnu otpornost i izdr\u017eljivost na o\u0161tre vanjske elemente, \u0161to ih \u010dini idealnim za vanjsku upotrebu.<br \/>\nBilo da \u017eelite promovirati doga\u0111aj, predstaviti svoje proizvode ili usluge ili jednostavno podijeliti va\u017ene informacije sa svojom publikom, na\u0161i PVC banneri po narud\u017ebi u\u010dinkovit su i isplativ izbor. Njihova izdr\u017eljiva priroda omogu\u0107uje im da izdr\u017ee vremenske uvjete i pru\u017ee dugoro\u010dnu uslugu, tako da ih mo\u017eete ponovno koristiti kad god je to potrebno.<br \/>\nJedna od prednosti kori\u0161tenja PVC bannera po narud\u017ebi je ta \u0161to vam mogu pomo\u0107i u smanjenju ukupnih tro\u0161kova ogla\u0161avanja. Njihova izdr\u017eljiva i dugotrajna priroda zna\u010di da se ne\u0107ete morati brinuti o \u010destim kupnjama ili zamjenama, dugoro\u010dno \u0161tede\u0107i vrijeme i novac, a istovremeno osiguravaju\u0107i da va\u0161i banneri ostanu u vrhunskom stanju i nastave u\u010dinkovito promovirati va\u0161e poslovanje.<br \/>\nZaklju\u010dno, PVC banneri po narud\u017ebi pouzdana su i isplativa opcija za ogla\u0161avanje va\u0161eg poslovanja na otvorenom. Njihov \u010dvrsti materijal i izdr\u017eljiva konstrukcija \u010dine ih prikladnima za dugotrajnu upotrebu, poma\u017eu\u0107i vam da postignete svoje ciljeve ogla\u0161avanja, a pritom \u0161tedite novac.<\/p>\n<div style=\"width: 1280px;\" class=\"wp-video\"><!--[if lt IE 9]><script>document.createElement('video');<\/script><![endif]--><br \/>\n<video class=\"wp-video-shortcode\" id=\"video-1069-1\" width=\"1280\" height=\"720\" loop autoplay preload=\"metadata\" controls=\"controls\"><source type=\"video\/mp4\" src=\"http:\/\/cmykprinted.com\/wp-content\/uploads\/2022\/12\/PVC-Mesh-Banner.mp4?_=1\" \/><a href=\"http:\/\/cmykprinted.com\/wp-content\/uploads\/2022\/12\/PVC-Mesh-Banner.mp4\">http:\/\/cmykprinted.com\/wp-content\/uploads\/2022\/12\/PVC-Mesh-Banner.mp4<\/a><\/video><\/div>","protected":false},"featured_media":1070,"template":"","meta":{"_kad_post_transparent":"default","_kad_post_title":"hide","_kad_post_layout":"fullwidth","_kad_post_sidebar_id":"","_kad_post_content_style":"unboxed","_kad_post_vertical_padding":"hide","_kad_post_feature":"hide","_kad_post_feature_position":"","_kad_post_header":false,"_kad_post_footer":false},"product_cat":[85,90,91,89,88],"product_tag":[310,309,311,312],"class_list":{"0":"post-1069","1":"product","2":"type-product","3":"status-publish","4":"has-post-thumbnail","6":"product_cat-outdoor-vinyl-banners","7":"product_cat-glossy-pvc-banners","8":"product_cat-matte-vinyl-banners","9":"product_cat-pvc-banners","10":"product_cat-pvc-mesh-banners","11":"product_tag-banner-with-hanging-grommets","12":"product_tag-custom-pvc-banner","13":"product_tag-heavy-duty-pvc-banner","14":"product_tag-premium-pvc-banner","16":"first","17":"instock","18":"shipping-taxable","19":"product-type-simple","20":"entry","21":"content-bg","22":"loop-entry"},"_links":{"self":[{"href":"https:\/\/cmykprinted.com\/hr\/wp-json\/wp\/v2\/product\/1069","targetHints":{"allow":["GET"]}}],"collection":[{"href":"https:\/\/cmykprinted.com\/hr\/wp-json\/wp\/v2\/product"}],"about":[{"href":"https:\/\/cmykprinted.com\/hr\/wp-json\/wp\/v2\/types\/product"}],"version-history":[{"count":2,"href":"https:\/\/cmykprinted.com\/hr\/wp-json\/wp\/v2\/product\/1069\/revisions"}],"predecessor-version":[{"id":1077,"href":"https:\/\/cmykprinted.com\/hr\/wp-json\/wp\/v2\/product\/1069\/revisions\/1077"}],"wp:featuredmedia":[{"embeddable":true,"href":"https:\/\/cmykprinted.com\/hr\/wp-json\/wp\/v2\/media\/1070"}],"wp:attachment":[{"href":"https:\/\/cmykprinted.com\/hr\/wp-json\/wp\/v2\/media?parent=1069"}],"wp:term":[{"taxonomy":"product_cat","embeddable":true,"href":"https:\/\/cmykprinted.com\/hr\/wp-json\/wp\/v2\/product_cat?post=1069"},{"taxonomy":"product_tag","embeddable":true,"href":"https:\/\/cmykprinted.com\/hr\/wp-json\/wp\/v2\/product_tag?post=1069"}],"curies":[{"name":"wp","href":"https:\/\/api.w.org\/{rel}","templated":true}]}}